{"id":4775,"date":"2025-11-16T17:24:31","date_gmt":"2025-11-16T16:24:31","guid":{"rendered":"https:\/\/www.notredamedesion.fr\/lycee\/?page_id=4775"},"modified":"2025-11-16T17:26:09","modified_gmt":"2025-11-16T16:26:09","slug":"les-langues","status":"publish","type":"page","link":"https:\/\/www.notredamedesion.fr\/lycee\/prepa-ecg\/disciplines\/les-langues\/","title":{"rendered":"Les Langues"},"content":{"rendered":"\t\t<div data-elementor-type=\"wp-post\" data-elementor-id=\"4775\" class=\"elementor elementor-4775\">\n\t\t\t\t\t\t<section class=\"elementor-section elementor-top-section elementor-element elementor-element-51ef4b7 elementor-section-stretched lt-services elementor-section-boxed elementor-section-height-default elementor-section-height-default\" data-id=\"51ef4b7\" data-element_type=\"section\" data-e-type=\"section\" data-settings=\"{&quot;stretch_section&quot;:&quot;section-stretched&quot;,&quot;background_background&quot;:&quot;classic&quot;,&quot;shape_divider_bottom&quot;:&quot;tilt&quot;}\">\n\t\t\t\t\t<div class=\"elementor-shape elementor-shape-bottom\" aria-hidden=\"true\" data-negative=\"false\">\n\t\t\t<svg xmlns=\"http:\/\/www.w3.org\/2000\/svg\" viewBox=\"0 0 1000 100\" preserveAspectRatio=\"none\">\n\t<path class=\"elementor-shape-fill\" d=\"M0,6V0h1000v100L0,6z\"\/>\n<\/svg>\t\t<\/div>\n\t\t\t\t\t<div class=\"elementor-container elementor-column-gap-default\">\n\t\t\t\t\t<div class=\"elementor-column elementor-col-100 elementor-top-column elementor-element elementor-element-4435425\" data-id=\"4435425\" data-element_type=\"column\" data-e-type=\"column\">\n\t\t\t<div class=\"elementor-widget-wrap\">\n\t\t\t\t\t\t\t<\/div>\n\t\t<\/div>\n\t\t\t\t\t<\/div>\n\t\t<\/section>\n\t\t\t\t<section class=\"elementor-section elementor-top-section elementor-element elementor-element-9fb1dd5 elementor-section-boxed elementor-section-height-default elementor-section-height-default\" data-id=\"9fb1dd5\" data-element_type=\"section\" data-e-type=\"section\">\n\t\t\t\t\t\t<div class=\"elementor-container elementor-column-gap-default\">\n\t\t\t\t\t<div class=\"elementor-column elementor-col-100 elementor-top-column elementor-element elementor-element-4f80a0d\" data-id=\"4f80a0d\" data-element_type=\"column\" data-e-type=\"column\">\n\t\t\t<div class=\"elementor-widget-wrap elementor-element-populated\">\n\t\t\t\t\t\t<div class=\"elementor-element elementor-element-9971f39 elementor-widget elementor-widget-heading\" data-id=\"9971f39\" data-element_type=\"widget\" data-e-type=\"widget\" data-widget_type=\"heading.default\">\n\t\t\t\t<div class=\"elementor-widget-container\">\n\t\t\t\t\t<h1 class=\"elementor-heading-title elementor-size-default\">LES LANGUES<\/h1>\t\t\t\t<\/div>\n\t\t\t\t<\/div>\n\t\t\t\t<div class=\"elementor-element elementor-element-06c59fc elementor-widget elementor-widget-spacer\" data-id=\"06c59fc\" data-element_type=\"widget\" data-e-type=\"widget\" data-widget_type=\"spacer.default\">\n\t\t\t\t<div class=\"elementor-widget-container\">\n\t\t\t\t\t\t\t<div class=\"elementor-spacer\">\n\t\t\t<div class=\"elementor-spacer-inner\"><\/div>\n\t\t<\/div>\n\t\t\t\t\t\t<\/div>\n\t\t\t\t<\/div>\n\t\t\t\t<div class=\"elementor-element elementor-element-dcd8e75 elementor-widget elementor-widget-text-editor\" data-id=\"dcd8e75\" data-element_type=\"widget\" data-e-type=\"widget\" data-widget_type=\"text-editor.default\">\n\t\t\t\t<div class=\"elementor-widget-container\">\n\t\t\t\t\t\t\t\t\t<p>Les \u00e9tudiants \u00e9tudient deux langues \u00e9trang\u00e8res.\u00a0<strong><em>L\u2019anglais est obligatoire<\/em><\/strong>.<br \/>Les objectifs de formation sont identiques pour toutes les langues et portent globalement sur les deux ann\u00e9es.<\/p><p>\u2022 Enseignement linguistique, comportant une \u00e9tude approfondie de la grammaire, des m\u00e9canismes syntaxiques et du lexique contemporain.<br \/>\u2022 Enseignement de la civilisation des pays dont on \u00e9tudie la langue, s\u2019attachant avant tout aux aspects sociologiques, historiques, g\u00e9ographiques et politiques. Les r\u00e9alit\u00e9s \u00e9trang\u00e8res, notamment dans le domaine des institutions et de la vie \u00e9conomique et sociale, les questions g\u00e9opolitiques, les d\u00e9bats de soci\u00e9t\u00e9 et les enjeux intellectuels contemporains sont analys\u00e9s au travers de la presse ou des productions litt\u00e9raires et artistiques des pays concern\u00e9s.<br \/><br \/><strong>Comp\u00e9tences attendues<\/strong><br \/>\u2022 Ma\u00eetrise des fonctionnements syntaxiques et du vocabulaire, permettant d\u2019acc\u00e9der \u00e0 une utilisation correcte de la langue \u00e9crite et orale, alliant la compr\u00e9hension, l\u2019analyse et le commentaire\u00a0de documents \u00e9crits et de messages sonores vari\u00e9s, une capacit\u00e9 d\u2019expression authentique \u00e0 l\u2019\u00e9crit et \u00e0 l\u2019oral, ainsi que l\u2019aptitude \u00e0 la traduction de documents authentiques (articles de presse et extraits d\u2019oeuvres litt\u00e9raires, selon les modalit\u00e9s des diff\u00e9rents concours pr\u00e9par\u00e9s)\u2013 la langue cible pouvant \u00eatre la langue maternelle ou \u00e9trang\u00e8re (version et th\u00e8me).<\/p>\t\t\t\t\t\t\t\t<\/div>\n\t\t\t\t<\/div>\n\t\t\t\t\t<\/div>\n\t\t<\/div>\n\t\t\t\t\t<\/div>\n\t\t<\/section>\n\t\t\t\t<\/div>\n\t\t","protected":false},"excerpt":{"rendered":"<p>DISCIPLINES Math\u00e9matiques Il y a une diff\u00e9rence colossale entre les savoirs math\u00e9matiques exigibles au bac et ceux qu\u2019il faut ma\u00eetriser pour pr\u00e9senter les concours. Afin de se familiariser avec les nombreuses notions abord\u00e9es, il est n\u00e9cessaire de faire et refaire de nombreux exercices en portant un soin particulier \u00e0 la r\u00e9daction. Quel que soit le &hellip; <a href=\"https:\/\/www.notredamedesion.fr\/lycee\/prepa-ecg\/disciplines\/les-langues\/\" class=\"more-link\">Continue reading<span class=\"screen-reader-text\"> \u00ab\u00a0Les Langues\u00a0\u00bb<\/span><\/a><\/p>\n","protected":false},"author":3,"featured_media":0,"parent":3807,"menu_order":34,"comment_status":"closed","ping_status":"closed","template":"elementor_header_footer","meta":{"sfsi_plus_gutenberg_text_before_share":"","sfsi_plus_gutenberg_show_text_before_share":"","sfsi_plus_gutenberg_icon_type":"","sfsi_plus_gutenberg_icon_alignemt":"","sfsi_plus_gutenburg_max_per_row":"","footnotes":""},"class_list":["post-4775","page","type-page","status-publish","hentry"],"_links":{"self":[{"href":"https:\/\/www.notredamedesion.fr\/lycee\/wp-json\/wp\/v2\/pages\/4775","targetHints":{"allow":["GET"]}}],"collection":[{"href":"https:\/\/www.notredamedesion.fr\/lycee\/wp-json\/wp\/v2\/pages"}],"about":[{"href":"https:\/\/www.notredamedesion.fr\/lycee\/wp-json\/wp\/v2\/types\/page"}],"author":[{"embeddable":true,"href":"https:\/\/www.notredamedesion.fr\/lycee\/wp-json\/wp\/v2\/users\/3"}],"replies":[{"embeddable":true,"href":"https:\/\/www.notredamedesion.fr\/lycee\/wp-json\/wp\/v2\/comments?post=4775"}],"version-history":[{"count":5,"href":"https:\/\/www.notredamedesion.fr\/lycee\/wp-json\/wp\/v2\/pages\/4775\/revisions"}],"predecessor-version":[{"id":4816,"href":"https:\/\/www.notredamedesion.fr\/lycee\/wp-json\/wp\/v2\/pages\/4775\/revisions\/4816"}],"up":[{"embeddable":true,"href":"https:\/\/www.notredamedesion.fr\/lycee\/wp-json\/wp\/v2\/pages\/3807"}],"wp:attachment":[{"href":"https:\/\/www.notredamedesion.fr\/lycee\/wp-json\/wp\/v2\/media?parent=4775"}],"curies":[{"name":"wp","href":"https:\/\/api.w.org\/{rel}","templated":true}]}}