{"id":4774,"date":"2025-11-16T17:12:03","date_gmt":"2025-11-16T16:12:03","guid":{"rendered":"https:\/\/www.notredamedesion.fr\/lycee\/?page_id=4774"},"modified":"2025-11-16T17:16:55","modified_gmt":"2025-11-16T16:16:55","slug":"mathematiques","status":"publish","type":"page","link":"https:\/\/www.notredamedesion.fr\/lycee\/prepa-ecg\/disciplines\/mathematiques\/","title":{"rendered":"Math\u00e9matiques"},"content":{"rendered":"\t\t<div data-elementor-type=\"wp-post\" data-elementor-id=\"4774\" class=\"elementor elementor-4774\">\n\t\t\t\t\t\t<section class=\"elementor-section elementor-top-section elementor-element elementor-element-51ef4b7 elementor-section-stretched lt-services elementor-section-boxed elementor-section-height-default elementor-section-height-default\" data-id=\"51ef4b7\" data-element_type=\"section\" data-e-type=\"section\" data-settings=\"{&quot;stretch_section&quot;:&quot;section-stretched&quot;,&quot;background_background&quot;:&quot;classic&quot;,&quot;shape_divider_bottom&quot;:&quot;tilt&quot;}\">\n\t\t\t\t\t<div class=\"elementor-shape elementor-shape-bottom\" aria-hidden=\"true\" data-negative=\"false\">\n\t\t\t<svg xmlns=\"http:\/\/www.w3.org\/2000\/svg\" viewBox=\"0 0 1000 100\" preserveAspectRatio=\"none\">\n\t<path class=\"elementor-shape-fill\" d=\"M0,6V0h1000v100L0,6z\"\/>\n<\/svg>\t\t<\/div>\n\t\t\t\t\t<div class=\"elementor-container elementor-column-gap-default\">\n\t\t\t\t\t<div class=\"elementor-column elementor-col-100 elementor-top-column elementor-element elementor-element-4435425\" data-id=\"4435425\" data-element_type=\"column\" data-e-type=\"column\">\n\t\t\t<div class=\"elementor-widget-wrap\">\n\t\t\t\t\t\t\t<\/div>\n\t\t<\/div>\n\t\t\t\t\t<\/div>\n\t\t<\/section>\n\t\t\t\t<section class=\"elementor-section elementor-top-section elementor-element elementor-element-9fb1dd5 elementor-section-boxed elementor-section-height-default elementor-section-height-default\" data-id=\"9fb1dd5\" data-element_type=\"section\" data-e-type=\"section\">\n\t\t\t\t\t\t<div class=\"elementor-container elementor-column-gap-default\">\n\t\t\t\t\t<div class=\"elementor-column elementor-col-100 elementor-top-column elementor-element elementor-element-4f80a0d\" data-id=\"4f80a0d\" data-element_type=\"column\" data-e-type=\"column\">\n\t\t\t<div class=\"elementor-widget-wrap elementor-element-populated\">\n\t\t\t\t\t\t<div class=\"elementor-element elementor-element-9971f39 elementor-widget elementor-widget-heading\" data-id=\"9971f39\" data-element_type=\"widget\" data-e-type=\"widget\" data-widget_type=\"heading.default\">\n\t\t\t\t<div class=\"elementor-widget-container\">\n\t\t\t\t\t<h1 class=\"elementor-heading-title elementor-size-default\">MATHEMATIQUES<\/h1>\t\t\t\t<\/div>\n\t\t\t\t<\/div>\n\t\t\t\t<div class=\"elementor-element elementor-element-06c59fc elementor-widget elementor-widget-spacer\" data-id=\"06c59fc\" data-element_type=\"widget\" data-e-type=\"widget\" data-widget_type=\"spacer.default\">\n\t\t\t\t<div class=\"elementor-widget-container\">\n\t\t\t\t\t\t\t<div class=\"elementor-spacer\">\n\t\t\t<div class=\"elementor-spacer-inner\"><\/div>\n\t\t<\/div>\n\t\t\t\t\t\t<\/div>\n\t\t\t\t<\/div>\n\t\t\t\t<div class=\"elementor-element elementor-element-a31df97 elementor-widget elementor-widget-text-editor\" data-id=\"a31df97\" data-element_type=\"widget\" data-e-type=\"widget\" data-widget_type=\"text-editor.default\">\n\t\t\t\t<div class=\"elementor-widget-container\">\n\t\t\t\t\t\t\t\t\t<p>Il y a une diff\u00e9rence colossale entre les savoirs math\u00e9matiques exigibles au bac et ceux qu\u2019il faut ma\u00eetriser pour pr\u00e9senter les concours. Afin de se familiariser avec les nombreuses notions abord\u00e9es, il est n\u00e9cessaire de faire et refaire de nombreux exercices en portant un soin particulier \u00e0 la r\u00e9daction. Quel que soit le niveau initial, les crit\u00e8res pr\u00e9pond\u00e9rants de r\u00e9ussite en math\u00e9matiques sont l\u2019envie et l\u2019investissement.<\/p><p><b>Les Kh\u00f4lles<\/b><\/p><p>Dans la continuit\u00e9 du cours, elle r\u00e9pondent \u00e0 un double objectif. D\u2019une part, elles permettent de pr\u00e9parer au mieux les oraux des \u00e9preuves d\u2019admissibilit\u00e9 des \u00e9coles HEC et ESCP. D\u2019autre part, elles sont le moment privil\u00e9gi\u00e9 d\u2019\u00e9changes avec le professeur.\u00a0 Certaines notions ou r\u00e9sultats du cours pourront y \u00eatre repris ou approfondis. Elles imposent \u00e9galement un rythme soutenu et permettent ainsi de r\u00e9guler le travail.<\/p><p><b>Les concours<\/b><\/p><p>Il y a au total 6 \u00e9preuves de math\u00e9matiques et\u00a0<i>aucune n\u2019est facile ! \u00a0<\/i>L\u2019une concerne le concours ECRICOME, et les autres entrent dans le cadre de la BCE : S HEC, S ESSEC, S EMLYON, S EDHEC et \u00ab\u00a0MATHS2\u00a0\u00bb de HEC et ESCP. Les sujets sont longs et difficiles : cela n\u00e9cessite un r\u00e9el travail de g\u00e9rer au mieux les quatre heures d\u2019\u00e9preuve. Apr\u00e8s avoir maitris\u00e9 le cours et les exercices d\u2019application, travailler sur les annales reste la meilleure pr\u00e9paration aux concours.<\/p><p><b>Le programme<\/b><\/p><p>Il se d\u00e9coupe en trois grands th\u00e8mes sur les deux ann\u00e9es.<\/p><p><i>L\u2019analyse.<\/i><\/p><p>Cette partie est dans la continuit\u00e9 des math\u00e9matiques vues au lyc\u00e9e.<\/p><p>(1) \u00c9tude des suites et des s\u00e9ries (calculs explicites, monotonie, limites et convergences).\u00a0<\/p><p>(2) \u00c9tude des fonctions d\u2019une variables r\u00e9elles (continuit\u00e9, d\u00e9rivabilit\u00e9, formules de\u00a0 Taylor et d\u00e9veloppements limit\u00e9s).<\/p><p>(3) \u00c9tude des int\u00e9grales (impropres ou g\u00e9n\u00e9ralis\u00e9es) des fonctions continues.<\/p><p>(4) Fonctions de plusieurs variables et application aux recherches d\u2019extrema.<\/p><p><i>L\u2019alg\u00e8bre.<\/i><\/p><p>Cette partie est totalement nouvelle et n\u00e9cessitera beaucoup de travail afin d\u2019acqu\u00e9rir de nouveaux sch\u00e9mas de preuves et raisonnements.<\/p><p>(1) Structure d\u2019espaces vectoriels.<\/p><p>(2) Applications lin\u00e9aires.<\/p><p>(3) R\u00e9duction des endomorphismes.<\/p><p>(4) Introduction \u00e0 l\u2019alg\u00e8bre bilin\u00e9aire.<\/p><p><i>Le calcul des probabilit\u00e9s.<\/i><\/p><p>C\u2019est une sp\u00e9cificit\u00e9 du programme de la fili\u00e8re ECS : les probabilit\u00e9s y jouent un r\u00f4le pr\u00e9pond\u00e9rant. Nous y r\u00e9investissons de nombreux r\u00e9sultats d\u2019analyse et d\u2019alg\u00e8bre.<\/p><p>(1) Variables al\u00e9atoires discr\u00e8tes.<\/p><p>(2) Variables al\u00e9atoires \u00e0 densit\u00e9.<\/p><p>(3) Convergences et\u00a0 estimations.<\/p><p><b>Informatique<\/b><\/p><p>Nous travaillons avec Scilab. L\u2019objectif est de savoir effectuer quelques programmes basiques et d\u2019approfondir ou de donner quelques exemples \u00abconcrets\u00bb de certaines parties du programme (comme les probabilit\u00e9s ou la recherche d\u2019extrema de fonctions \u00e0 plusieurs variables). Cela permet aussi de pr\u00e9parer les \u00e9tudiants \u00e0 utiliser les outils informatiques en \u00e9cole, puis dans leur vie professionnelle.<\/p><p><b>Liens<\/b><\/p><p>Programme officiel ECG 1 :\u00a0<span id=\"OBJ_PREFIX_DWT64_com_zimbra_url\" class=\"Object\"><a href=\"http:\/\/cache.media.education.gouv.fr\/file\/special_3_ESR\/53\/7\/programme-ECS_252537.pdf\" target=\"_blank\" rel=\"noopener noreferrer\">http:\/\/cache.media.education.gouv.fr\/file\/special_3_ESR\/53\/7\/programme-ECS_252537.pdf<\/a><\/span><\/p><p>Programme officiel ECG 2 :\u00a0<span id=\"OBJ_PREFIX_DWT65_com_zimbra_url\" class=\"Object\"><a href=\"http:\/\/aphec.tem-tsp.eu\/IMG\/pdf\/ECS2.pdf\" target=\"_blank\" rel=\"noopener noreferrer\">http:\/\/aphec.tem-tsp.eu\/IMG\/pdf\/ECS2.pdf<\/a><\/span><\/p><p>Pour t\u00e9l\u00e9charger Scilab :\u00a0\u00a0\u00a0\u00a0\u00a0<span id=\"OBJ_PREFIX_DWT66_com_zimbra_url\" class=\"Object\"><a href=\"http:\/\/www.scilab.org\/fr\" target=\"_blank\" rel=\"noopener noreferrer\">http:\/\/www.scilab.org\/fr<\/a><\/span>\u00a0<\/p>\t\t\t\t\t\t\t\t<\/div>\n\t\t\t\t<\/div>\n\t\t\t\t<div class=\"elementor-element elementor-element-e1d5a3b elementor-widget elementor-widget-spacer\" data-id=\"e1d5a3b\" data-element_type=\"widget\" data-e-type=\"widget\" data-widget_type=\"spacer.default\">\n\t\t\t\t<div class=\"elementor-widget-container\">\n\t\t\t\t\t\t\t<div class=\"elementor-spacer\">\n\t\t\t<div class=\"elementor-spacer-inner\"><\/div>\n\t\t<\/div>\n\t\t\t\t\t\t<\/div>\n\t\t\t\t<\/div>\n\t\t\t\t\t<\/div>\n\t\t<\/div>\n\t\t\t\t\t<\/div>\n\t\t<\/section>\n\t\t\t\t<\/div>\n\t\t","protected":false},"excerpt":{"rendered":"<p>MATHEMATIQUES Il y a une diff\u00e9rence colossale entre les savoirs math\u00e9matiques exigibles au bac et ceux qu\u2019il faut ma\u00eetriser pour pr\u00e9senter les concours. Afin de se familiariser avec les nombreuses notions abord\u00e9es, il est n\u00e9cessaire de faire et refaire de nombreux exercices en portant un soin particulier \u00e0 la r\u00e9daction. Quel que soit le niveau &hellip; <a href=\"https:\/\/www.notredamedesion.fr\/lycee\/prepa-ecg\/disciplines\/mathematiques\/\" class=\"more-link\">Continue reading<span class=\"screen-reader-text\"> \u00ab\u00a0Math\u00e9matiques\u00a0\u00bb<\/span><\/a><\/p>\n","protected":false},"author":3,"featured_media":0,"parent":3807,"menu_order":31,"comment_status":"closed","ping_status":"closed","template":"elementor_header_footer","meta":{"sfsi_plus_gutenberg_text_before_share":"","sfsi_plus_gutenberg_show_text_before_share":"","sfsi_plus_gutenberg_icon_type":"","sfsi_plus_gutenberg_icon_alignemt":"","sfsi_plus_gutenburg_max_per_row":"","footnotes":""},"class_list":["post-4774","page","type-page","status-publish","hentry"],"_links":{"self":[{"href":"https:\/\/www.notredamedesion.fr\/lycee\/wp-json\/wp\/v2\/pages\/4774","targetHints":{"allow":["GET"]}}],"collection":[{"href":"https:\/\/www.notredamedesion.fr\/lycee\/wp-json\/wp\/v2\/pages"}],"about":[{"href":"https:\/\/www.notredamedesion.fr\/lycee\/wp-json\/wp\/v2\/types\/page"}],"author":[{"embeddable":true,"href":"https:\/\/www.notredamedesion.fr\/lycee\/wp-json\/wp\/v2\/users\/3"}],"replies":[{"embeddable":true,"href":"https:\/\/www.notredamedesion.fr\/lycee\/wp-json\/wp\/v2\/comments?post=4774"}],"version-history":[{"count":6,"href":"https:\/\/www.notredamedesion.fr\/lycee\/wp-json\/wp\/v2\/pages\/4774\/revisions"}],"predecessor-version":[{"id":4802,"href":"https:\/\/www.notredamedesion.fr\/lycee\/wp-json\/wp\/v2\/pages\/4774\/revisions\/4802"}],"up":[{"embeddable":true,"href":"https:\/\/www.notredamedesion.fr\/lycee\/wp-json\/wp\/v2\/pages\/3807"}],"wp:attachment":[{"href":"https:\/\/www.notredamedesion.fr\/lycee\/wp-json\/wp\/v2\/media?parent=4774"}],"curies":[{"name":"wp","href":"https:\/\/api.w.org\/{rel}","templated":true}]}}