{"id":4752,"date":"2025-11-16T16:04:12","date_gmt":"2025-11-16T15:04:12","guid":{"rendered":"https:\/\/www.notredamedesion.fr\/lycee\/?page_id=4752"},"modified":"2025-11-16T17:15:13","modified_gmt":"2025-11-16T16:15:13","slug":"le-cursus-academique","status":"publish","type":"page","link":"https:\/\/www.notredamedesion.fr\/lycee\/prepa-ecg\/presentation\/le-cursus-academique\/","title":{"rendered":"Le cursus acad\u00e9mique"},"content":{"rendered":"\t\t<div data-elementor-type=\"wp-post\" data-elementor-id=\"4752\" class=\"elementor elementor-4752\">\n\t\t\t\t\t\t<section class=\"elementor-section elementor-top-section elementor-element elementor-element-51ef4b7 elementor-section-stretched lt-services elementor-section-boxed elementor-section-height-default elementor-section-height-default\" data-id=\"51ef4b7\" data-element_type=\"section\" data-e-type=\"section\" data-settings=\"{&quot;stretch_section&quot;:&quot;section-stretched&quot;,&quot;background_background&quot;:&quot;classic&quot;,&quot;shape_divider_bottom&quot;:&quot;tilt&quot;}\">\n\t\t\t\t\t<div class=\"elementor-shape elementor-shape-bottom\" aria-hidden=\"true\" data-negative=\"false\">\n\t\t\t<svg xmlns=\"http:\/\/www.w3.org\/2000\/svg\" viewBox=\"0 0 1000 100\" preserveAspectRatio=\"none\">\n\t<path class=\"elementor-shape-fill\" d=\"M0,6V0h1000v100L0,6z\"\/>\n<\/svg>\t\t<\/div>\n\t\t\t\t\t<div class=\"elementor-container elementor-column-gap-default\">\n\t\t\t\t\t<div class=\"elementor-column elementor-col-100 elementor-top-column elementor-element elementor-element-4435425\" data-id=\"4435425\" data-element_type=\"column\" data-e-type=\"column\">\n\t\t\t<div class=\"elementor-widget-wrap\">\n\t\t\t\t\t\t\t<\/div>\n\t\t<\/div>\n\t\t\t\t\t<\/div>\n\t\t<\/section>\n\t\t\t\t<section class=\"elementor-section elementor-top-section elementor-element elementor-element-e7a2b62 elementor-section-boxed elementor-section-height-default elementor-section-height-default\" data-id=\"e7a2b62\" data-element_type=\"section\" data-e-type=\"section\">\n\t\t\t\t\t\t<div class=\"elementor-container elementor-column-gap-default\">\n\t\t\t\t\t<div class=\"elementor-column elementor-col-100 elementor-top-column elementor-element elementor-element-e6878e4\" data-id=\"e6878e4\" data-element_type=\"column\" data-e-type=\"column\">\n\t\t\t<div class=\"elementor-widget-wrap elementor-element-populated\">\n\t\t\t\t\t\t<div class=\"elementor-element elementor-element-529b00c elementor-widget elementor-widget-heading\" data-id=\"529b00c\" data-element_type=\"widget\" data-e-type=\"widget\" data-widget_type=\"heading.default\">\n\t\t\t\t<div class=\"elementor-widget-container\">\n\t\t\t\t\t<h1 class=\"elementor-heading-title elementor-size-default\">LE CURSUS ACADEMIQUE<\/h1>\t\t\t\t<\/div>\n\t\t\t\t<\/div>\n\t\t\t\t<div class=\"elementor-element elementor-element-2491b18 elementor-widget elementor-widget-spacer\" data-id=\"2491b18\" data-element_type=\"widget\" data-e-type=\"widget\" data-widget_type=\"spacer.default\">\n\t\t\t\t<div class=\"elementor-widget-container\">\n\t\t\t\t\t\t\t<div class=\"elementor-spacer\">\n\t\t\t<div class=\"elementor-spacer-inner\"><\/div>\n\t\t<\/div>\n\t\t\t\t\t\t<\/div>\n\t\t\t\t<\/div>\n\t\t\t\t<div class=\"elementor-element elementor-element-9f59611 elementor-widget elementor-widget-text-editor\" data-id=\"9f59611\" data-element_type=\"widget\" data-e-type=\"widget\" data-widget_type=\"text-editor.default\">\n\t\t\t\t<div class=\"elementor-widget-container\">\n\t\t\t\t\t\t\t\t\t<p>L\u2019\u00e9tudiant construit son parcours tout au long de sa formation. La CPGE de Notre-Dame de Sion garantit un suivi personnalis\u00e9 : visite de Grandes \u00c9coles, rencontres avec des repr\u00e9sentants des Grandes \u00c9coles, bilan avec le directeur des \u00e9tudes.<\/p><p><strong><br \/>Le Certificat \u00ab\u00a0Liberal Arts\u00a0\u00bb<\/strong><\/p><p><strong>\u00a0<\/strong><\/p><p>Les \u00e9tudiants qui int\u00e8grent le PGE d\u2019une Grande \u00c9cole de Management apr\u00e8s \u00eatre pass\u00e9s par une pr\u00e9pa ECG recevrons un certificat en plus de leur dipl\u00f4me de fin de cycle master. Il s\u2019agit d\u2019un <strong>certificat de \u201cLiberal Arts\u201d<\/strong> inspir\u00e9 du mod\u00e8le anglo-saxon.\u00a0Ce certificat est une v\u00e9ritable\u00a0<strong>reconnaissance du parcours d\u2019excellence<\/strong> des pr\u00e9parationnaires. Il constitue une plus-value pour les dipl\u00f4m\u00e9s qui pourront s\u2019en pr\u00e9valoir aupr\u00e8s des recruteurs.<\/p><p><strong>\u00a0<\/strong><\/p><p>La pr\u00e9pa ECG : les deux premi\u00e8res ann\u00e9es d\u2019un cursus en 5 ans vers le <strong>Master en management des grandes \u00e9coles (Bac + 5)<\/strong><\/p><p>Les classes pr\u00e9paratoires visent \u00e0 pr\u00e9parer les concours d\u2019entr\u00e9e dans les grandes \u00e9coles. Pour autant, <strong>les concours n\u2019\u00e9liminent pas les candidats, ils les classent<\/strong> et les r\u00e9partissent dans les diff\u00e9rentes \u00e9coles. Il est tr\u00e8s fr\u00e9quent qu\u2019\u00e0 la suite du concours, un \u00e9tudiant de CPGE ECG soit admis dans plusieurs \u00e9coles. Il a alors toute la libert\u00e9 de choisir celle qui est pour lui la plus attractive.<\/p><p><strong>\u00a0<\/strong><\/p><p><strong>La pr\u00e9pa ECG : un parcours totalement s\u00e9curis\u00e9 et qui permet de r\u00e9fl\u00e9chir \u00e0 son orientation deux ann\u00e9es suppl\u00e9mentaires apr\u00e8s le lyc\u00e9e<\/strong><\/p><p><strong>\u00a0<\/strong><\/p><p>Les classes pr\u00e9paratoires offrent un parcours reconnu dans l\u2019enseignement sup\u00e9rieur.<\/p><p>Chaque semestre de pr\u00e9pa est cr\u00e9dit\u00e9 de <strong>30 ECTS (European Credits Transfer System)<\/strong>, exactement comme \u00e0 l\u2019universit\u00e9. La CPGE ECG a sign\u00e9 <strong>une convention avec Aix Marseille Universit\u00e9<\/strong>. Pour les \u00e9tudiants de classe pr\u00e9paratoire, la double inscription \u00e0 l\u2019universit\u00e9 est obligatoire. Cela pr\u00e9sente au moins deux avantages pour l\u2019\u00e9tudiant en pr\u00e9pa ECG :<\/p><ul><li>Quels que soient ses r\u00e9sultats aux concours, le pr\u00e9parationnaire peut se pr\u00e9valoir d\u2019un acquis de 120 ECTS, soient deux ann\u00e9es d\u2019enseignement sup\u00e9rieur ;<\/li><li>Si un \u00e9tudiant de classe pr\u00e9paratoire souhaite se r\u00e9orienter en cours de cursus vers l\u2019universit\u00e9 partenaire, il peut le faire. Ainsi, \u00e0 la fin d\u2019une premi\u00e8re ann\u00e9e de pr\u00e9pa ECG, l\u2019\u00e9tudiant peut sous conditions rejoindre une L2 \u00e0 l\u2019universit\u00e9 et en fin de deuxi\u00e8me ann\u00e9e rejoindre une L3.<\/li><\/ul>\t\t\t\t\t\t\t\t<\/div>\n\t\t\t\t<\/div>\n\t\t\t\t<div class=\"elementor-element elementor-element-8ba6821 elementor-widget elementor-widget-spacer\" data-id=\"8ba6821\" data-element_type=\"widget\" data-e-type=\"widget\" data-widget_type=\"spacer.default\">\n\t\t\t\t<div class=\"elementor-widget-container\">\n\t\t\t\t\t\t\t<div class=\"elementor-spacer\">\n\t\t\t<div class=\"elementor-spacer-inner\"><\/div>\n\t\t<\/div>\n\t\t\t\t\t\t<\/div>\n\t\t\t\t<\/div>\n\t\t\t\t\t<\/div>\n\t\t<\/div>\n\t\t\t\t\t<\/div>\n\t\t<\/section>\n\t\t\t\t<\/div>\n\t\t","protected":false},"excerpt":{"rendered":"<p>LE CURSUS ACADEMIQUE L\u2019\u00e9tudiant construit son parcours tout au long de sa formation. La CPGE de Notre-Dame de Sion garantit un suivi personnalis\u00e9 : visite de Grandes \u00c9coles, rencontres avec des repr\u00e9sentants des Grandes \u00c9coles, bilan avec le directeur des \u00e9tudes. Le Certificat \u00ab\u00a0Liberal Arts\u00a0\u00bb \u00a0 Les \u00e9tudiants qui int\u00e8grent le PGE d\u2019une Grande \u00c9cole &hellip; <a href=\"https:\/\/www.notredamedesion.fr\/lycee\/prepa-ecg\/presentation\/le-cursus-academique\/\" class=\"more-link\">Continue reading<span class=\"screen-reader-text\"> \u00ab\u00a0Le cursus acad\u00e9mique\u00a0\u00bb<\/span><\/a><\/p>\n","protected":false},"author":3,"featured_media":0,"parent":4375,"menu_order":12,"comment_status":"closed","ping_status":"closed","template":"elementor_header_footer","meta":{"sfsi_plus_gutenberg_text_before_share":"","sfsi_plus_gutenberg_show_text_before_share":"","sfsi_plus_gutenberg_icon_type":"","sfsi_plus_gutenberg_icon_alignemt":"","sfsi_plus_gutenburg_max_per_row":"","footnotes":""},"class_list":["post-4752","page","type-page","status-publish","hentry"],"_links":{"self":[{"href":"https:\/\/www.notredamedesion.fr\/lycee\/wp-json\/wp\/v2\/pages\/4752","targetHints":{"allow":["GET"]}}],"collection":[{"href":"https:\/\/www.notredamedesion.fr\/lycee\/wp-json\/wp\/v2\/pages"}],"about":[{"href":"https:\/\/www.notredamedesion.fr\/lycee\/wp-json\/wp\/v2\/types\/page"}],"author":[{"embeddable":true,"href":"https:\/\/www.notredamedesion.fr\/lycee\/wp-json\/wp\/v2\/users\/3"}],"replies":[{"embeddable":true,"href":"https:\/\/www.notredamedesion.fr\/lycee\/wp-json\/wp\/v2\/comments?post=4752"}],"version-history":[{"count":5,"href":"https:\/\/www.notredamedesion.fr\/lycee\/wp-json\/wp\/v2\/pages\/4752\/revisions"}],"predecessor-version":[{"id":4799,"href":"https:\/\/www.notredamedesion.fr\/lycee\/wp-json\/wp\/v2\/pages\/4752\/revisions\/4799"}],"up":[{"embeddable":true,"href":"https:\/\/www.notredamedesion.fr\/lycee\/wp-json\/wp\/v2\/pages\/4375"}],"wp:attachment":[{"href":"https:\/\/www.notredamedesion.fr\/lycee\/wp-json\/wp\/v2\/media?parent=4752"}],"curies":[{"name":"wp","href":"https:\/\/api.w.org\/{rel}","templated":true}]}}