{"id":4751,"date":"2025-11-16T16:01:32","date_gmt":"2025-11-16T15:01:32","guid":{"rendered":"https:\/\/www.notredamedesion.fr\/lycee\/?page_id=4751"},"modified":"2025-12-19T11:11:13","modified_gmt":"2025-12-19T10:11:13","slug":"les-piliers-de-la-cpge-ecg-de-notre-dame-de-sion","status":"publish","type":"page","link":"https:\/\/www.notredamedesion.fr\/lycee\/prepa-ecg\/presentation\/les-piliers-de-la-cpge-ecg-de-notre-dame-de-sion\/","title":{"rendered":"Les piliers de la CPGE ECG de Notre-Dame de Sion"},"content":{"rendered":"\t\t<div data-elementor-type=\"wp-post\" data-elementor-id=\"4751\" class=\"elementor elementor-4751\">\n\t\t\t\t\t\t<section class=\"elementor-section elementor-top-section elementor-element elementor-element-51ef4b7 elementor-section-stretched lt-services elementor-section-boxed elementor-section-height-default elementor-section-height-default\" data-id=\"51ef4b7\" data-element_type=\"section\" data-e-type=\"section\" data-settings=\"{&quot;stretch_section&quot;:&quot;section-stretched&quot;,&quot;background_background&quot;:&quot;classic&quot;,&quot;shape_divider_bottom&quot;:&quot;tilt&quot;}\">\n\t\t\t\t\t<div class=\"elementor-shape elementor-shape-bottom\" aria-hidden=\"true\" data-negative=\"false\">\n\t\t\t<svg xmlns=\"http:\/\/www.w3.org\/2000\/svg\" viewBox=\"0 0 1000 100\" preserveAspectRatio=\"none\">\n\t<path class=\"elementor-shape-fill\" d=\"M0,6V0h1000v100L0,6z\"\/>\n<\/svg>\t\t<\/div>\n\t\t\t\t\t<div class=\"elementor-container elementor-column-gap-default\">\n\t\t\t\t\t<div class=\"elementor-column elementor-col-100 elementor-top-column elementor-element elementor-element-4435425\" data-id=\"4435425\" data-element_type=\"column\" data-e-type=\"column\">\n\t\t\t<div class=\"elementor-widget-wrap\">\n\t\t\t\t\t\t\t<\/div>\n\t\t<\/div>\n\t\t\t\t\t<\/div>\n\t\t<\/section>\n\t\t\t\t<section class=\"elementor-section elementor-top-section elementor-element elementor-element-e7a2b62 elementor-section-boxed elementor-section-height-default elementor-section-height-default\" data-id=\"e7a2b62\" data-element_type=\"section\" data-e-type=\"section\">\n\t\t\t\t\t\t<div class=\"elementor-container elementor-column-gap-default\">\n\t\t\t\t\t<div class=\"elementor-column elementor-col-100 elementor-top-column elementor-element elementor-element-e6878e4\" data-id=\"e6878e4\" data-element_type=\"column\" data-e-type=\"column\">\n\t\t\t<div class=\"elementor-widget-wrap elementor-element-populated\">\n\t\t\t\t\t\t<div class=\"elementor-element elementor-element-529b00c elementor-widget elementor-widget-heading\" data-id=\"529b00c\" data-element_type=\"widget\" data-e-type=\"widget\" data-widget_type=\"heading.default\">\n\t\t\t\t<div class=\"elementor-widget-container\">\n\t\t\t\t\t<h1 class=\"elementor-heading-title elementor-size-default\">LES PILIERS DE LA CPGE ECG DE NOTRE DAME DE SION<\/h1>\t\t\t\t<\/div>\n\t\t\t\t<\/div>\n\t\t\t\t<div class=\"elementor-element elementor-element-d43b18d elementor-widget elementor-widget-spacer\" data-id=\"d43b18d\" data-element_type=\"widget\" data-e-type=\"widget\" data-widget_type=\"spacer.default\">\n\t\t\t\t<div class=\"elementor-widget-container\">\n\t\t\t\t\t\t\t<div class=\"elementor-spacer\">\n\t\t\t<div class=\"elementor-spacer-inner\"><\/div>\n\t\t<\/div>\n\t\t\t\t\t\t<\/div>\n\t\t\t\t<\/div>\n\t\t\t\t<div class=\"elementor-element elementor-element-efd2614 elementor-widget elementor-widget-text-editor\" data-id=\"efd2614\" data-element_type=\"widget\" data-e-type=\"widget\" data-widget_type=\"text-editor.default\">\n\t\t\t\t<div class=\"elementor-widget-container\">\n\t\t\t\t\t\t\t\t\t<p>Faire une classe pr\u00e9paratoire est un magnifique projet qui exigera beaucoup de vous, mais vous apportera aussi beaucoup en retour.<\/p><p>Au-del\u00e0 d\u2019un enseignement acad\u00e9mique dispens\u00e9 par une \u00e9quipe comp\u00e9tente et<\/p><p>Impliqu\u00e9e dans les grands concours nationaux en tant que jury, nous multiplions les initiatives \u00e0 l\u2019oppos\u00e9 de l\u2019enfermement.<\/p><p>Pour votre r\u00e9ussite la CPGE de Notre-Dame de Sion mise sur <strong>\u00ab l\u2019\u00e9coute, l\u2019exigence, et l\u2019excellence de chaque \u00e9tudiant \u00bb.<\/strong><\/p><p><strong>Un accompagnement<\/strong> : Permettre l\u2019\u00e9mergence des talents et l\u2019expression des dons de chacun dans la confiance et le respect.<\/p><p><strong>Un engagement<\/strong> : D\u00e9velopper l\u2019intelligence du c\u0153ur en s\u2019affirmant solidaires, entreprenants et \u00e9duquer au discernement.<\/p><p><strong>Une formation<\/strong> : Encourager \u00e0 \u00eatre responsables et g\u00e9n\u00e9reux, capables de prendre des initiatives qui donnent du sens \u00e0 la vie de chacun.<\/p>\t\t\t\t\t\t\t\t<\/div>\n\t\t\t\t<\/div>\n\t\t\t\t<div class=\"elementor-element elementor-element-2491b18 elementor-widget elementor-widget-spacer\" data-id=\"2491b18\" data-element_type=\"widget\" data-e-type=\"widget\" data-widget_type=\"spacer.default\">\n\t\t\t\t<div class=\"elementor-widget-container\">\n\t\t\t\t\t\t\t<div class=\"elementor-spacer\">\n\t\t\t<div class=\"elementor-spacer-inner\"><\/div>\n\t\t<\/div>\n\t\t\t\t\t\t<\/div>\n\t\t\t\t<\/div>\n\t\t\t\t\t<\/div>\n\t\t<\/div>\n\t\t\t\t\t<\/div>\n\t\t<\/section>\n\t\t\t\t<\/div>\n\t\t","protected":false},"excerpt":{"rendered":"<p>LES PILIERS DE LA CPGE ECG DE NOTRE DAME DE SION Faire une classe pr\u00e9paratoire est un magnifique projet qui exigera beaucoup de vous, mais vous apportera aussi beaucoup en retour. Au-del\u00e0 d\u2019un enseignement acad\u00e9mique dispens\u00e9 par une \u00e9quipe comp\u00e9tente et Impliqu\u00e9e dans les grands concours nationaux en tant que jury, nous multiplions les initiatives &hellip; <a href=\"https:\/\/www.notredamedesion.fr\/lycee\/prepa-ecg\/presentation\/les-piliers-de-la-cpge-ecg-de-notre-dame-de-sion\/\" class=\"more-link\">Continue reading<span class=\"screen-reader-text\"> \u00ab\u00a0Les piliers de la CPGE ECG de Notre-Dame de Sion\u00a0\u00bb<\/span><\/a><\/p>\n","protected":false},"author":3,"featured_media":0,"parent":4375,"menu_order":11,"comment_status":"closed","ping_status":"closed","template":"elementor_header_footer","meta":{"sfsi_plus_gutenberg_text_before_share":"","sfsi_plus_gutenberg_show_text_before_share":"","sfsi_plus_gutenberg_icon_type":"","sfsi_plus_gutenberg_icon_alignemt":"","sfsi_plus_gutenburg_max_per_row":"","footnotes":""},"class_list":["post-4751","page","type-page","status-publish","hentry"],"_links":{"self":[{"href":"https:\/\/www.notredamedesion.fr\/lycee\/wp-json\/wp\/v2\/pages\/4751","targetHints":{"allow":["GET"]}}],"collection":[{"href":"https:\/\/www.notredamedesion.fr\/lycee\/wp-json\/wp\/v2\/pages"}],"about":[{"href":"https:\/\/www.notredamedesion.fr\/lycee\/wp-json\/wp\/v2\/types\/page"}],"author":[{"embeddable":true,"href":"https:\/\/www.notredamedesion.fr\/lycee\/wp-json\/wp\/v2\/users\/3"}],"replies":[{"embeddable":true,"href":"https:\/\/www.notredamedesion.fr\/lycee\/wp-json\/wp\/v2\/comments?post=4751"}],"version-history":[{"count":17,"href":"https:\/\/www.notredamedesion.fr\/lycee\/wp-json\/wp\/v2\/pages\/4751\/revisions"}],"predecessor-version":[{"id":4933,"href":"https:\/\/www.notredamedesion.fr\/lycee\/wp-json\/wp\/v2\/pages\/4751\/revisions\/4933"}],"up":[{"embeddable":true,"href":"https:\/\/www.notredamedesion.fr\/lycee\/wp-json\/wp\/v2\/pages\/4375"}],"wp:attachment":[{"href":"https:\/\/www.notredamedesion.fr\/lycee\/wp-json\/wp\/v2\/media?parent=4751"}],"curies":[{"name":"wp","href":"https:\/\/api.w.org\/{rel}","templated":true}]}}