{"id":4606,"date":"2025-10-28T20:58:50","date_gmt":"2025-10-28T19:58:50","guid":{"rendered":"https:\/\/www.notredamedesion.fr\/lycee\/?page_id=4606"},"modified":"2025-11-05T20:55:02","modified_gmt":"2025-11-05T19:55:02","slug":"admissions","status":"publish","type":"page","link":"https:\/\/www.notredamedesion.fr\/lycee\/prepa_mpsi_mp\/admissions\/","title":{"rendered":"Admissions"},"content":{"rendered":"\t\t<div data-elementor-type=\"wp-post\" data-elementor-id=\"4606\" class=\"elementor elementor-4606\">\n\t\t\t\t\t\t<section class=\"elementor-section elementor-top-section elementor-element elementor-element-51ef4b7 elementor-section-stretched lt-services elementor-section-boxed elementor-section-height-default elementor-section-height-default\" data-id=\"51ef4b7\" data-element_type=\"section\" data-e-type=\"section\" data-settings=\"{&quot;stretch_section&quot;:&quot;section-stretched&quot;,&quot;background_background&quot;:&quot;classic&quot;,&quot;shape_divider_bottom&quot;:&quot;tilt&quot;}\">\n\t\t\t\t\t<div class=\"elementor-shape elementor-shape-bottom\" aria-hidden=\"true\" data-negative=\"false\">\n\t\t\t<svg xmlns=\"http:\/\/www.w3.org\/2000\/svg\" viewBox=\"0 0 1000 100\" preserveAspectRatio=\"none\">\n\t<path class=\"elementor-shape-fill\" d=\"M0,6V0h1000v100L0,6z\"\/>\n<\/svg>\t\t<\/div>\n\t\t\t\t\t<div class=\"elementor-container elementor-column-gap-default\">\n\t\t\t\t\t<div class=\"elementor-column elementor-col-100 elementor-top-column elementor-element elementor-element-4435425\" data-id=\"4435425\" data-element_type=\"column\" data-e-type=\"column\">\n\t\t\t<div class=\"elementor-widget-wrap\">\n\t\t\t\t\t\t\t<\/div>\n\t\t<\/div>\n\t\t\t\t\t<\/div>\n\t\t<\/section>\n\t\t\t\t<section class=\"elementor-section elementor-top-section elementor-element elementor-element-64fd299 elementor-section-boxed elementor-section-height-default elementor-section-height-default\" data-id=\"64fd299\" data-element_type=\"section\" data-e-type=\"section\">\n\t\t\t\t\t\t<div class=\"elementor-container elementor-column-gap-default\">\n\t\t\t\t\t<div class=\"elementor-column elementor-col-100 elementor-top-column elementor-element elementor-element-b8e7ca1\" data-id=\"b8e7ca1\" data-element_type=\"column\" data-e-type=\"column\">\n\t\t\t<div class=\"elementor-widget-wrap elementor-element-populated\">\n\t\t\t\t\t\t<div class=\"elementor-element elementor-element-5d7d3c1 elementor-widget elementor-widget-heading\" data-id=\"5d7d3c1\" data-element_type=\"widget\" data-e-type=\"widget\" data-widget_type=\"heading.default\">\n\t\t\t\t<div class=\"elementor-widget-container\">\n\t\t\t\t\t<h1 class=\"elementor-heading-title elementor-size-default\">ADMISSIBILIT\u00c9S-ADMISSIONS<\/h1>\t\t\t\t<\/div>\n\t\t\t\t<\/div>\n\t\t\t\t\t<\/div>\n\t\t<\/div>\n\t\t\t\t\t<\/div>\n\t\t<\/section>\n\t\t\t\t<section class=\"elementor-section elementor-top-section elementor-element elementor-element-7c9da77 elementor-section-boxed elementor-section-height-default elementor-section-height-default\" data-id=\"7c9da77\" data-element_type=\"section\" data-e-type=\"section\">\n\t\t\t\t\t\t<div class=\"elementor-container elementor-column-gap-default\">\n\t\t\t\t\t<div class=\"elementor-column elementor-col-100 elementor-top-column elementor-element elementor-element-4c7a0db\" data-id=\"4c7a0db\" data-element_type=\"column\" data-e-type=\"column\">\n\t\t\t<div class=\"elementor-widget-wrap elementor-element-populated\">\n\t\t\t\t\t\t<div class=\"elementor-element elementor-element-b2634b3 elementor-widget elementor-widget-spacer\" data-id=\"b2634b3\" data-element_type=\"widget\" data-e-type=\"widget\" data-widget_type=\"spacer.default\">\n\t\t\t\t<div class=\"elementor-widget-container\">\n\t\t\t\t\t\t\t<div class=\"elementor-spacer\">\n\t\t\t<div class=\"elementor-spacer-inner\"><\/div>\n\t\t<\/div>\n\t\t\t\t\t\t<\/div>\n\t\t\t\t<\/div>\n\t\t\t\t<div class=\"elementor-element elementor-element-ba945b1 elementor-widget elementor-widget-text-editor\" data-id=\"ba945b1\" data-element_type=\"widget\" data-e-type=\"widget\" data-widget_type=\"text-editor.default\">\n\t\t\t\t<div class=\"elementor-widget-container\">\n\t\t\t\t\t\t\t\t\t<h3><strong style=\"color: rgb(122, 122, 122); font-size: 17px;\">En 2015<\/strong><span style=\"color: rgb(122, 122, 122); font-size: 17px;\">: tous concours confondus, 27 \u00e9l\u00e8ves admissibles sur 30.<\/span><\/h3>\n<p>Admissibilit\u00e9 aux \u00e9coles: ICNA, ISUP, EPL, Petites Mines, TPE, IPSA, EPITA, Centrale Marseille, Sup&rsquo;Optique, ESTP, Arts et M\u00e9tiers, Polytech, ESTACA, ENSAI, CCP (entre autres!)<\/p>\n<p><strong>En 2016<\/strong>: deux \u00e9l\u00e8ves admissibles \u00e0 l&rsquo;\u00e9cole EPL (pilote de ligne).<\/p>\n<p>Tous concours confondus 31 admissibles sur 35.<\/p>\n<p>Admissibilit\u00e9 aux \u00e9coles: EPL, Petites Mines, TPE, IPSA, EPITA, ESTP,Polytech, ESTACA, ENSAI, ENSTA, CCP (entre autres!)<\/p>\n<p><strong>En 2017<\/strong>: tous concours confondus 31 admissibles sur 34.<\/p>\n<p>Admissibilit\u00e9 aux \u00e9coles: Petites Mines, TPE, IPSA, EPITA, ESTP, Polytech, ESTACA, ENSAI, ENSTA, CCP, ENSEA, Telecom (entre autres!)<\/p>\n<p>Ecoles int\u00e9gr\u00e9es entre autres: Mines de Nantes, Ensimag Grenoble, ECE, HEI, ESTP, ENGEES (\u00e9cole de l&rsquo;eau), ESILV, ECAM Lyon, INSA Val de Loire, ESTACA Laval.<\/p>\n<p><strong>En 2018<\/strong>: tous concours confondus 37 admissibles sur 38.<\/p>\n<p>Admissibilit\u00e9 aux \u00e9coles: Petites Mines, TELECOM, TPE, IPSA, EPITA, ESTP, Polytech, ESTACA, ENSAI, ENSTA, CCP (entre autres!)<\/p>\n<p><strong>En 2019: <\/strong>18 admissibles aux CCPINP, 25 admissibles au concours E3A, 7 admissibles aux Mines-Telecom&#8230;..<\/p>\n<p><strong>En 2020<\/strong>: 34 \u00e9l\u00e8ves admis sur 38.<\/p>\n<p><strong>En 2021<\/strong>: 35 \u00e9l\u00e8ves admissibles sur 35.<\/p>\n<p>Admissibilit\u00e9 aux \u00e9coles: Mines-Ponts, Mines-T\u00e9l\u00e9com, ESTP, EPF, ENSAI, EPITA, Polytech, ESTACA, ENSTA, CCP, ENSEA.<\/p>\n<p><strong>En 2022<\/strong>: 4 \u00e9l\u00e8ves accept\u00e9s dans le parcours ing\u00e9nieur de l&rsquo;ECAM Strasbourg Europe (avec lequel nous sommes conventionn\u00e9s et qui devient ICAM Strasbourg).<\/p>\n<p>97% d&rsquo;admissibilit\u00e9: 33 \u00e9l\u00e8ves admissibles sur 34 tous concours confondus (mise \u00e0 jour le 23 juin 2022)<\/p>\n<p>Admissibilit\u00e9 aux \u00e9coles: Mines-T\u00e9l\u00e9com, ESTP, EPF, ENSAI, EPITA, Polytech, ESTACA, ENSTA, CCP, ENSEA.<\/p>\n<p><strong>En 2023<\/strong>: 3 \u00e9l\u00e8ves accept\u00e9s dans le parcours ing\u00e9nieur de l&rsquo;ECAM Strasbourg Europe (avec lequel nous sommes conventionn\u00e9s et qui devient ICAM Strasbourg); 1 \u00e9l\u00e8ve admis \u00e0 l&rsquo;\u00e9cole CNAM Avignon (\u00e9cole d&rsquo;ing\u00e9nieur en alternance).<\/p>\n<p>37 \u00e9l\u00e8ves admissibles sur 39 tous concours confondus (mise \u00e0 jour le 7 juillet 2023)<\/p>\n<p>Admissibilit\u00e9 notamment aux \u00e9coles: Centrale M\u00e9diterran\u00e9e, Mines-T\u00e9l\u00e9com, Ecole de contr\u00f4leur a\u00e9rien, ESTP, EPF, ENSAI, ENSISA, EPITA, Polytech, ESTACA, ENSTA, CCINP, ENSEA.<\/p>\n<p><strong>En 2024<\/strong>: 30 \u00e9l\u00e8ves admissibles sur 32 tous concours confondus (mise \u00e0 jour le 7 juillet 2024)<\/p>\n<p>Admissibilit\u00e9 notamment aux \u00e9coles: Mines-T\u00e9l\u00e9com, Ecole de contr\u00f4leur a\u00e9rien, ESTP, EPF, ENSAI, ENSISA, EPITA, Polytech, ESTACA, ENSTA, CCINP, ENSEA.<\/p>\n<p><strong>En 2025: 2 \u00e9l\u00e8ves accept\u00e9s dans le parcours ing\u00e9nieur de l&rsquo;ICAM Strasbourg Europe (avec lequel nous sommes conventionn\u00e9s);&nbsp; &nbsp; &nbsp;<\/strong><strong>1 \u00e9l\u00e8ve admis aux Mines de Saint-Etienne (\u00e9cole d&rsquo;ing\u00e9nieur en alternance); 1 \u00e9l\u00e8ve admis \u00e0 Polytech m\u00e9canique \u00e9nerg\u00e9tique en alternance; 1 \u00e9l\u00e8ve admise aux Arts et m\u00e9tiers Paris en alternance.<\/strong><\/p>\n<p>35 \u00e9l\u00e8ves admissibles sur 37 tous concours confondus (mise \u00e0 jour le 24 juin 2025)<\/p>\n<p>Admissibilit\u00e9 notamment aux \u00e9coles: Mines-Ponts, Mines-T\u00e9l\u00e9com, Centrale M\u00e9diterran\u00e9e, \u00c9cole de contr\u00f4leur a\u00e9rien, ESTP, EPF, ENSAI, ENSISA, EPITA, Polytech, ESTACA, ENSTA, CCINP (dont un \u00e9l\u00e8ve grand admissible), ENSEA.<\/p>\t\t\t\t\t\t\t\t<\/div>\n\t\t\t\t<\/div>\n\t\t\t\t\t<\/div>\n\t\t<\/div>\n\t\t\t\t\t<\/div>\n\t\t<\/section>\n\t\t\t\t<\/div>\n\t\t","protected":false},"excerpt":{"rendered":"<p>ADMISSIBILIT\u00c9S-ADMISSIONS En 2015: tous concours confondus, 27 \u00e9l\u00e8ves admissibles sur 30. Admissibilit\u00e9 aux \u00e9coles: ICNA, ISUP, EPL, Petites Mines, TPE, IPSA, EPITA, Centrale Marseille, Sup&rsquo;Optique, ESTP, Arts et M\u00e9tiers, Polytech, ESTACA, ENSAI, CCP (entre autres!) En 2016: deux \u00e9l\u00e8ves admissibles \u00e0 l&rsquo;\u00e9cole EPL (pilote de ligne). Tous concours confondus 31 admissibles sur 35. Admissibilit\u00e9 aux &hellip; <a href=\"https:\/\/www.notredamedesion.fr\/lycee\/prepa_mpsi_mp\/admissions\/\" class=\"more-link\">Continue reading<span class=\"screen-reader-text\"> \u00ab\u00a0Admissions\u00a0\u00bb<\/span><\/a><\/p>\n","protected":false},"author":3,"featured_media":0,"parent":4438,"menu_order":9,"comment_status":"closed","ping_status":"closed","template":"elementor_header_footer","meta":{"sfsi_plus_gutenberg_text_before_share":"","sfsi_plus_gutenberg_show_text_before_share":"","sfsi_plus_gutenberg_icon_type":"","sfsi_plus_gutenberg_icon_alignemt":"","sfsi_plus_gutenburg_max_per_row":"","footnotes":""},"class_list":["post-4606","page","type-page","status-publish","hentry"],"_links":{"self":[{"href":"https:\/\/www.notredamedesion.fr\/lycee\/wp-json\/wp\/v2\/pages\/4606","targetHints":{"allow":["GET"]}}],"collection":[{"href":"https:\/\/www.notredamedesion.fr\/lycee\/wp-json\/wp\/v2\/pages"}],"about":[{"href":"https:\/\/www.notredamedesion.fr\/lycee\/wp-json\/wp\/v2\/types\/page"}],"author":[{"embeddable":true,"href":"https:\/\/www.notredamedesion.fr\/lycee\/wp-json\/wp\/v2\/users\/3"}],"replies":[{"embeddable":true,"href":"https:\/\/www.notredamedesion.fr\/lycee\/wp-json\/wp\/v2\/comments?post=4606"}],"version-history":[{"count":16,"href":"https:\/\/www.notredamedesion.fr\/lycee\/wp-json\/wp\/v2\/pages\/4606\/revisions"}],"predecessor-version":[{"id":4724,"href":"https:\/\/www.notredamedesion.fr\/lycee\/wp-json\/wp\/v2\/pages\/4606\/revisions\/4724"}],"up":[{"embeddable":true,"href":"https:\/\/www.notredamedesion.fr\/lycee\/wp-json\/wp\/v2\/pages\/4438"}],"wp:attachment":[{"href":"https:\/\/www.notredamedesion.fr\/lycee\/wp-json\/wp\/v2\/media?parent=4606"}],"curies":[{"name":"wp","href":"https:\/\/api.w.org\/{rel}","templated":true}]}}