{"id":4589,"date":"2025-10-28T20:46:13","date_gmt":"2025-10-28T19:46:13","guid":{"rendered":"https:\/\/www.notredamedesion.fr\/lycee\/?page_id=4589"},"modified":"2026-04-20T16:39:59","modified_gmt":"2026-04-20T15:39:59","slug":"futurs-entrants","status":"publish","type":"page","link":"https:\/\/www.notredamedesion.fr\/lycee\/prepa_mpsi_mp\/actualites\/futurs-entrants\/","title":{"rendered":"Futurs entrants"},"content":{"rendered":"\t\t<div data-elementor-type=\"wp-post\" data-elementor-id=\"4589\" class=\"elementor elementor-4589\">\n\t\t\t\t\t\t<section class=\"elementor-section elementor-top-section elementor-element elementor-element-51ef4b7 elementor-section-stretched lt-services elementor-section-boxed elementor-section-height-default elementor-section-height-default\" data-id=\"51ef4b7\" data-element_type=\"section\" data-e-type=\"section\" data-settings=\"{&quot;stretch_section&quot;:&quot;section-stretched&quot;,&quot;background_background&quot;:&quot;classic&quot;,&quot;shape_divider_bottom&quot;:&quot;tilt&quot;}\">\n\t\t\t\t\t<div class=\"elementor-shape elementor-shape-bottom\" aria-hidden=\"true\" data-negative=\"false\">\n\t\t\t<svg xmlns=\"http:\/\/www.w3.org\/2000\/svg\" viewBox=\"0 0 1000 100\" preserveAspectRatio=\"none\">\n\t<path class=\"elementor-shape-fill\" d=\"M0,6V0h1000v100L0,6z\"\/>\n<\/svg>\t\t<\/div>\n\t\t\t\t\t<div class=\"elementor-container elementor-column-gap-default\">\n\t\t\t\t\t<div class=\"elementor-column elementor-col-100 elementor-top-column elementor-element elementor-element-4435425\" data-id=\"4435425\" data-element_type=\"column\" data-e-type=\"column\">\n\t\t\t<div class=\"elementor-widget-wrap\">\n\t\t\t\t\t\t\t<\/div>\n\t\t<\/div>\n\t\t\t\t\t<\/div>\n\t\t<\/section>\n\t\t\t\t<section class=\"elementor-section elementor-top-section elementor-element elementor-element-64fd299 elementor-section-boxed elementor-section-height-default elementor-section-height-default\" data-id=\"64fd299\" data-element_type=\"section\" data-e-type=\"section\">\n\t\t\t\t\t\t<div class=\"elementor-container elementor-column-gap-default\">\n\t\t\t\t\t<div class=\"elementor-column elementor-col-100 elementor-top-column elementor-element elementor-element-b8e7ca1\" data-id=\"b8e7ca1\" data-element_type=\"column\" data-e-type=\"column\">\n\t\t\t<div class=\"elementor-widget-wrap elementor-element-populated\">\n\t\t\t\t\t\t<div class=\"elementor-element elementor-element-5d7d3c1 elementor-widget elementor-widget-heading\" data-id=\"5d7d3c1\" data-element_type=\"widget\" data-e-type=\"widget\" data-widget_type=\"heading.default\">\n\t\t\t\t<div class=\"elementor-widget-container\">\n\t\t\t\t\t<h1 class=\"elementor-heading-title elementor-size-default\">FUTUR ENTRANTS<\/h1>\t\t\t\t<\/div>\n\t\t\t\t<\/div>\n\t\t\t\t\t<\/div>\n\t\t<\/div>\n\t\t\t\t\t<\/div>\n\t\t<\/section>\n\t\t\t\t<section class=\"elementor-section elementor-top-section elementor-element elementor-element-7c9da77 elementor-section-boxed elementor-section-height-default elementor-section-height-default\" data-id=\"7c9da77\" data-element_type=\"section\" data-e-type=\"section\">\n\t\t\t\t\t\t<div class=\"elementor-container elementor-column-gap-default\">\n\t\t\t\t\t<div class=\"elementor-column elementor-col-100 elementor-top-column elementor-element elementor-element-4c7a0db\" data-id=\"4c7a0db\" data-element_type=\"column\" data-e-type=\"column\">\n\t\t\t<div class=\"elementor-widget-wrap elementor-element-populated\">\n\t\t\t\t\t\t<div class=\"elementor-element elementor-element-b2634b3 elementor-widget elementor-widget-spacer\" data-id=\"b2634b3\" data-element_type=\"widget\" data-e-type=\"widget\" data-widget_type=\"spacer.default\">\n\t\t\t\t<div class=\"elementor-widget-container\">\n\t\t\t\t\t\t\t<div class=\"elementor-spacer\">\n\t\t\t<div class=\"elementor-spacer-inner\"><\/div>\n\t\t<\/div>\n\t\t\t\t\t\t<\/div>\n\t\t\t\t<\/div>\n\t\t\t\t<div class=\"elementor-element elementor-element-f64e0a5 elementor-widget elementor-widget-text-editor\" data-id=\"f64e0a5\" data-element_type=\"widget\" data-e-type=\"widget\" data-widget_type=\"text-editor.default\">\n\t\t\t\t<div class=\"elementor-widget-container\">\n\t\t\t\t\t\t\t\t\t<h3>Futurs entrants rentr\u00e9e 2026.<\/h3><p>\u00a0<\/p><p><a href=\"http:\/\/www.notredamedesion.fr\/wp-content\/uploads\/2024\/05\/videoprepa-1.mp4\">Vid\u00e9o de pr\u00e9sentation de la pr\u00e9pa.<\/a><\/p><p>\u00a0<\/p><p><strong>Pour les \u00e9l\u00e8ves int\u00e9ress\u00e9s, si vous avez des questions, n&rsquo;h\u00e9sitez pas \u00e0 les poser \u00e0 la <a href=\"http:\/\/www.notredamedesion.fr\/contact\/nous-contacter\/\">directrice des \u00e9tudes<\/a>.\u00a0<\/strong><\/p><p><strong>Nous vous rappelons la possibilit\u00e9 d&rsquo;int\u00e9grer l<a href=\"http:\/\/ecam-strasbourg.eu\/\">&lsquo;ICAM Strasbourg<\/a> \u00e0 la fin de vos deux ann\u00e9es de classe pr\u00e9paratoire, sans passer de concours! Allez voir <a href=\"http:\/\/www.notredamedesion.fr\/prepas\/mpsi-et-mp\/presentation\/convention\/\">la page correspondante<\/a>. Nous sommes \u00e9galement en train d&rsquo;imaginer un partenariat avec l&rsquo;ISEN Toulon qui sera certainement actif \u00e0 la rentr\u00e9e.<\/strong><\/p><h3>Futurs entrants.<\/h3><p>\u00a0<\/p><p>Pour le prochain recrutement, si vous avez des questions, la <a href=\"http:\/\/prepas.org\/ups.php\">page<\/a>\u00a0pourra certainement y r\u00e9pondre, vous pouvez \u00e9galement envoyer un mail \u00e0 la <a href=\"http:\/\/www.notredamedesion.fr\/contact\/nous-contacter\/\">directrice des \u00e9tudes<\/a>.<\/p><p>Si vous souhaitez avoir davantage de renseignements sur notre pr\u00e9pa, n&rsquo;h\u00e9sitez pas \u00e0 prendre rendez-vous avec la directrice des \u00e9tudes ou \u00e0 venir nous rencontrer lors de notre demi-journ\u00e9e portes ouvertes: en g\u00e9n\u00e9ral le premier vendredi de d\u00e9cembre (apr\u00e8s-midi). Vous aurez la possibilit\u00e9 de rencontrer les anciens \u00e9l\u00e8ves, les \u00e9l\u00e8ves actuels et l&rsquo;\u00e9quipe p\u00e9dagogique pendant le forum des \u00e9coles d&rsquo;ing\u00e9nieurs.<\/p><p><strong>Il est tout \u00e0 fait possible de vous r\u00e9orienter et de changer de fili\u00e8re apr\u00e8s une ann\u00e9e d&rsquo;\u00e9tudes sup\u00e9rieures. Nous accueillons tous les ans des \u00e9l\u00e8ves dans cette situation et leur donnons une seconde chance. La maturit\u00e9 aidant, ces \u00e9l\u00e8ves r\u00e9ussissent tr\u00e8s bien!<\/strong><\/p><p>\u00a0<\/p><p><strong>Pour les \u00e9l\u00e8ves qui n&rsquo;habitent pas Marseille, nous avons un partenariat avec le foyer Castelvieil, rue de Vallence 13008 et avec les Estudines Castellane, ainsi qu&rsquo;une liste de logements priv\u00e9s que nous pourrons vous transmettre d\u00e8s que vous aurez donn\u00e9 un Oui d\u00e9finitif<\/strong><\/p>\t\t\t\t\t\t\t\t<\/div>\n\t\t\t\t<\/div>\n\t\t\t\t\t<\/div>\n\t\t<\/div>\n\t\t\t\t\t<\/div>\n\t\t<\/section>\n\t\t\t\t<\/div>\n\t\t","protected":false},"excerpt":{"rendered":"<p>FUTUR ENTRANTS Futurs entrants rentr\u00e9e 2026. \u00a0 Vid\u00e9o de pr\u00e9sentation de la pr\u00e9pa. \u00a0 Pour les \u00e9l\u00e8ves int\u00e9ress\u00e9s, si vous avez des questions, n&rsquo;h\u00e9sitez pas \u00e0 les poser \u00e0 la directrice des \u00e9tudes.\u00a0 Nous vous rappelons la possibilit\u00e9 d&rsquo;int\u00e9grer l&lsquo;ICAM Strasbourg \u00e0 la fin de vos deux ann\u00e9es de classe pr\u00e9paratoire, sans passer de concours! &hellip; <a href=\"https:\/\/www.notredamedesion.fr\/lycee\/prepa_mpsi_mp\/actualites\/futurs-entrants\/\" class=\"more-link\">Continue reading<span class=\"screen-reader-text\"> \u00ab\u00a0Futurs entrants\u00a0\u00bb<\/span><\/a><\/p>\n","protected":false},"author":3,"featured_media":0,"parent":4540,"menu_order":6,"comment_status":"closed","ping_status":"closed","template":"elementor_header_footer","meta":{"sfsi_plus_gutenberg_text_before_share":"","sfsi_plus_gutenberg_show_text_before_share":"","sfsi_plus_gutenberg_icon_type":"","sfsi_plus_gutenberg_icon_alignemt":"","sfsi_plus_gutenburg_max_per_row":"","footnotes":""},"class_list":["post-4589","page","type-page","status-publish","hentry"],"_links":{"self":[{"href":"https:\/\/www.notredamedesion.fr\/lycee\/wp-json\/wp\/v2\/pages\/4589","targetHints":{"allow":["GET"]}}],"collection":[{"href":"https:\/\/www.notredamedesion.fr\/lycee\/wp-json\/wp\/v2\/pages"}],"about":[{"href":"https:\/\/www.notredamedesion.fr\/lycee\/wp-json\/wp\/v2\/types\/page"}],"author":[{"embeddable":true,"href":"https:\/\/www.notredamedesion.fr\/lycee\/wp-json\/wp\/v2\/users\/3"}],"replies":[{"embeddable":true,"href":"https:\/\/www.notredamedesion.fr\/lycee\/wp-json\/wp\/v2\/comments?post=4589"}],"version-history":[{"count":13,"href":"https:\/\/www.notredamedesion.fr\/lycee\/wp-json\/wp\/v2\/pages\/4589\/revisions"}],"predecessor-version":[{"id":4996,"href":"https:\/\/www.notredamedesion.fr\/lycee\/wp-json\/wp\/v2\/pages\/4589\/revisions\/4996"}],"up":[{"embeddable":true,"href":"https:\/\/www.notredamedesion.fr\/lycee\/wp-json\/wp\/v2\/pages\/4540"}],"wp:attachment":[{"href":"https:\/\/www.notredamedesion.fr\/lycee\/wp-json\/wp\/v2\/media?parent=4589"}],"curies":[{"name":"wp","href":"https:\/\/api.w.org\/{rel}","templated":true}]}}