{"id":4526,"date":"2025-10-26T19:08:16","date_gmt":"2025-10-26T18:08:16","guid":{"rendered":"https:\/\/www.notredamedesion.fr\/lycee\/?page_id=4526"},"modified":"2025-11-05T20:42:28","modified_gmt":"2025-11-05T19:42:28","slug":"ecoles","status":"publish","type":"page","link":"https:\/\/www.notredamedesion.fr\/lycee\/prepa_mpsi_mp\/ecoles\/","title":{"rendered":"Ecoles"},"content":{"rendered":"\t\t<div data-elementor-type=\"wp-post\" data-elementor-id=\"4526\" class=\"elementor elementor-4526\">\n\t\t\t\t\t\t<section class=\"elementor-section elementor-top-section elementor-element elementor-element-51ef4b7 elementor-section-stretched lt-services elementor-section-boxed elementor-section-height-default elementor-section-height-default\" data-id=\"51ef4b7\" data-element_type=\"section\" data-e-type=\"section\" data-settings=\"{&quot;stretch_section&quot;:&quot;section-stretched&quot;,&quot;background_background&quot;:&quot;classic&quot;,&quot;shape_divider_bottom&quot;:&quot;tilt&quot;}\">\n\t\t\t\t\t<div class=\"elementor-shape elementor-shape-bottom\" aria-hidden=\"true\" data-negative=\"false\">\n\t\t\t<svg xmlns=\"http:\/\/www.w3.org\/2000\/svg\" viewBox=\"0 0 1000 100\" preserveAspectRatio=\"none\">\n\t<path class=\"elementor-shape-fill\" d=\"M0,6V0h1000v100L0,6z\"\/>\n<\/svg>\t\t<\/div>\n\t\t\t\t\t<div class=\"elementor-container elementor-column-gap-default\">\n\t\t\t\t\t<div class=\"elementor-column elementor-col-100 elementor-top-column elementor-element elementor-element-4435425\" data-id=\"4435425\" data-element_type=\"column\" data-e-type=\"column\">\n\t\t\t<div class=\"elementor-widget-wrap\">\n\t\t\t\t\t\t\t<\/div>\n\t\t<\/div>\n\t\t\t\t\t<\/div>\n\t\t<\/section>\n\t\t\t\t<section class=\"elementor-section elementor-top-section elementor-element elementor-element-64fd299 elementor-section-boxed elementor-section-height-default elementor-section-height-default\" data-id=\"64fd299\" data-element_type=\"section\" data-e-type=\"section\">\n\t\t\t\t\t\t<div class=\"elementor-container elementor-column-gap-default\">\n\t\t\t\t\t<div class=\"elementor-column elementor-col-100 elementor-top-column elementor-element elementor-element-b8e7ca1\" data-id=\"b8e7ca1\" data-element_type=\"column\" data-e-type=\"column\">\n\t\t\t<div class=\"elementor-widget-wrap elementor-element-populated\">\n\t\t\t\t\t\t<div class=\"elementor-element elementor-element-5d7d3c1 elementor-widget elementor-widget-heading\" data-id=\"5d7d3c1\" data-element_type=\"widget\" data-e-type=\"widget\" data-widget_type=\"heading.default\">\n\t\t\t\t<div class=\"elementor-widget-container\">\n\t\t\t\t\t<h1 class=\"elementor-heading-title elementor-size-default\">LES \u00c9COLES D'ING\u00c9NIEURS<\/h1>\t\t\t\t<\/div>\n\t\t\t\t<\/div>\n\t\t\t\t\t<\/div>\n\t\t<\/div>\n\t\t\t\t\t<\/div>\n\t\t<\/section>\n\t\t\t\t<section class=\"elementor-section elementor-top-section elementor-element elementor-element-7c9da77 elementor-section-boxed elementor-section-height-default elementor-section-height-default\" data-id=\"7c9da77\" data-element_type=\"section\" data-e-type=\"section\">\n\t\t\t\t\t\t<div class=\"elementor-container elementor-column-gap-default\">\n\t\t\t\t\t<div class=\"elementor-column elementor-col-100 elementor-top-column elementor-element elementor-element-4c7a0db\" data-id=\"4c7a0db\" data-element_type=\"column\" data-e-type=\"column\">\n\t\t\t<div class=\"elementor-widget-wrap elementor-element-populated\">\n\t\t\t\t\t\t<div class=\"elementor-element elementor-element-b2634b3 elementor-widget elementor-widget-spacer\" data-id=\"b2634b3\" data-element_type=\"widget\" data-e-type=\"widget\" data-widget_type=\"spacer.default\">\n\t\t\t\t<div class=\"elementor-widget-container\">\n\t\t\t\t\t\t\t<div class=\"elementor-spacer\">\n\t\t\t<div class=\"elementor-spacer-inner\"><\/div>\n\t\t<\/div>\n\t\t\t\t\t\t<\/div>\n\t\t\t\t<\/div>\n\t\t\t\t\t<\/div>\n\t\t<\/div>\n\t\t\t\t\t<\/div>\n\t\t<\/section>\n\t\t\t\t<section class=\"elementor-section elementor-top-section elementor-element elementor-element-f96efa6 elementor-section-boxed elementor-section-height-default elementor-section-height-default\" data-id=\"f96efa6\" data-element_type=\"section\" data-e-type=\"section\">\n\t\t\t\t\t\t<div class=\"elementor-container elementor-column-gap-default\">\n\t\t\t\t\t<div class=\"elementor-column elementor-col-100 elementor-top-column elementor-element elementor-element-9f6059c\" data-id=\"9f6059c\" data-element_type=\"column\" data-e-type=\"column\">\n\t\t\t<div class=\"elementor-widget-wrap elementor-element-populated\">\n\t\t\t\t\t\t<div class=\"elementor-element elementor-element-d95de08 elementor-widget elementor-widget-image\" data-id=\"d95de08\" data-element_type=\"widget\" data-e-type=\"widget\" data-widget_type=\"image.default\">\n\t\t\t\t<div class=\"elementor-widget-container\">\n\t\t\t\t\t\t\t\t\t\t\t\t\t\t\t<img fetchpriority=\"high\" decoding=\"async\" width=\"693\" height=\"152\" src=\"https:\/\/www.notredamedesion.fr\/lycee\/wp-content\/uploads\/2025\/10\/bannierscientif9.jpg\" class=\"attachment-large size-large wp-image-4529\" alt=\"\" srcset=\"https:\/\/www.notredamedesion.fr\/lycee\/wp-content\/uploads\/2025\/10\/bannierscientif9.jpg 693w, https:\/\/www.notredamedesion.fr\/lycee\/wp-content\/uploads\/2025\/10\/bannierscientif9-500x110.jpg 500w\" sizes=\"(max-width: 693px) 85vw, 693px\" \/>\t\t\t\t\t\t\t\t\t\t\t\t\t\t\t<\/div>\n\t\t\t\t<\/div>\n\t\t\t\t<div class=\"elementor-element elementor-element-274a8e8 elementor-widget elementor-widget-text-editor\" data-id=\"274a8e8\" data-element_type=\"widget\" data-e-type=\"widget\" data-widget_type=\"text-editor.default\">\n\t\t\t\t<div class=\"elementor-widget-container\">\n\t\t\t\t\t\t\t\t\t<h2><span style=\"font-weight: 600; font-size: 17px;\">Tableau d&rsquo;ensemble.<\/span><\/h2>\n<p>Il y a sensiblement 200 \u00e9coles d&rsquo;ing\u00e9nieurs en France.<br>Elles <a href=\"http:\/\/www.cti-commission.fr\/\" target=\"_blank\" rel=\"noopener\">sont habilit\u00e9es<\/a> \u00e0 d\u00e9livrer le titre d&rsquo;ing\u00e9nieur \u00e0 30000 \u00e9tudiants environ.<br>La dur\u00e9e des \u00e9tudes est de 3 ans, mais certaines \u00e9coles, dites \u00ab\u00a0\u00e0 pr\u00e9pa int\u00e9gr\u00e9e\u00a0\u00bb, recrutent directement apr\u00e8s le baccalaur\u00e9at et proposent un cursus en 5 ans.<br>Les autres recrutent des \u00e9l\u00e8ves issus de l&rsquo;Universit\u00e9, des IUT, et principalement des classes pr\u00e9paratoires, sur concours au niveau de la classe de math sp\u00e9.<\/p>\n<p><\/p>\n<h3>&nbsp;<\/h3>\n<h3>Dans le d\u00e9tail.<\/h3>\n<p>Certaines \u00e9coles ont des profils tr\u00e8s typ\u00e9s : aviation, travaux publics, informatique, \u00e9lectronique, m\u00e9canique, optique, \u00e9lectricit\u00e9, , ing\u00e9nierie de mat\u00e9riaux divers,\u00e9coles militaires, etc.<br>Mais la plupart,et m\u00eame parmi celles qui affichent une sp\u00e9cialit\u00e9, sont plut\u00f4t g\u00e9n\u00e9ralistes, avec des possibilit\u00e9s de choisir des options pendant le cursus des 3 ans.<br>Voici quelques sites \u00e0 visiter:<\/p>\n<h3><a href=\"http:\/\/media.education.gouv.fr\/file\/44\/0\/4440.pdf\" target=\"_blank\" rel=\"noopener\">La liste officielle des \u00e9coles par acad\u00e9mie<\/a><\/h3>\n<p><\/p>\n<h3>Quelques \u00e9coles que nos \u00e9l\u00e8ves ont int\u00e9gr\u00e9es, par sp\u00e9cialit\u00e9<\/h3>\n<h3>A\u00e9ronautique<\/h3>\n<ul>\n<li><strong><a href=\"http:\/\/www.enac.fr\/\" target=\"_blank\" rel=\"noopener\">ENAC<\/a><\/strong><\/li>\n<li><strong><a href=\"http:\/\/www.isae.fr\/\" target=\"_blank\" rel=\"noopener\">Supa\u00e9ro<\/a><\/strong><\/li>\n<li><strong><a href=\"http:\/\/supaero.isae.fr\/fr\/ensica\/presentation_formation.html\" target=\"_blank\" rel=\"noopener\">Ensica<\/a><\/strong><\/li>\n<\/ul>\n<h4>Travaux publics<\/h4>\n<ul>\n<li><strong><a href=\"http:\/\/www.estp.fr\/\" target=\"_blank\" rel=\"noopener\">ESTP<\/a><\/strong><\/li>\n<li><strong><a href=\"http:\/\/www.entpe.fr\/\" target=\"_blank\" rel=\"noopener\">entpe<\/a><\/strong><\/li>\n<\/ul>\n<h4>Informatique et statistiques<\/h4>\n<ul>\n<li><strong><a href=\"http:\/\/ensimag.grenoble-inp.fr\/\" target=\"_blank\" rel=\"noopener\">ensimag<\/a><\/strong><\/li>\n<li><strong><a href=\"http:\/\/www.enseirb.fr\/\" target=\"_blank\" rel=\"noopener\">enseirb<\/a><\/strong><\/li>\n<li><strong><a href=\"http:\/\/www.isima.fr\/isima\/index.php\" target=\"_blank\" rel=\"noopener\">isima<\/a><\/strong><\/li>\n<li><strong><a href=\"http:\/\/www.ensae.fr\/\" target=\"_blank\" rel=\"noopener\">ENSAE<\/a><\/strong><\/li>\n<li><strong><a href=\"http:\/\/www.ensai.com\/\" target=\"_blank\" rel=\"noopener\">ENSAI<\/a><\/strong><\/li>\n<\/ul>\n<h4>Electricit\u00e9 et \u00e9lectronique<\/h4>\n<ul>\n<li><strong><a href=\"http:\/\/www.supelec.fr\/\" target=\"_blank\" rel=\"noopener\">sup\u00e9lec<\/a><\/strong><\/li>\n<li><strong><a href=\"http:\/\/www.enseeiht.fr\/\" target=\"_blank\" rel=\"noopener\">enseeiht<\/a><\/strong><\/li>\n<li><strong><a href=\"http:\/\/www.ece.fr\/\" target=\"_blank\" rel=\"noopener\">ece<\/a><\/strong><\/li>\n<li><strong><a href=\"http:\/\/www.isep.fr\/\" target=\"_blank\" rel=\"noopener\">isep<\/a><\/strong><\/li>\n<li><a href=\"http:\/\/www.enserg.fr\/\" target=\"_blank\" rel=\"noopener\"><strong> enserg<\/strong> <\/a><\/li>\n<\/ul>\n<h4>T\u00e9l\u00e9communication<\/h4>\n<ul>\n<li><strong><a href=\"http:\/\/www.telecom-paristech.fr\/\" target=\"_blank\" rel=\"noopener\">t\u00e9l\u00e9com Paris<\/a><\/strong><\/li>\n<li><strong><a href=\"http:\/\/www.enst-bretagne.fr\/\" target=\"_blank\" rel=\"noopener\">t\u00e9l\u00e9com Brest<\/a><\/strong><\/li>\n<li><strong><a href=\"http:\/\/www.int-evry.fr\/\" target=\"_blank\" rel=\"noopener\">INT<\/a><\/strong><\/li>\n<li><a href=\"http:\/\/www.esigetel.fr\/\" target=\"_blank\" rel=\"noopener\"><strong> esigetel<\/strong> <\/a><\/li>\n<\/ul>\n<h4>Ecoles militaires<\/h4>\n<ul>\n<li><strong><a href=\"http:\/\/ecole-air.fr\/\" target=\"_blank\" rel=\"noopener\">Ecole de l&rsquo;air<\/a><\/strong><\/li>\n<li><strong><a href=\"http:\/\/www.st-cyr.terre.defense.gouv.fr\/\" target=\"_blank\" rel=\"noopener\">St Cyr<\/a><\/strong><\/li>\n<li><strong><a href=\"http:\/\/www.ensta-bretagne.fr\/\" target=\"_blank\" rel=\"noopener\">Ensta<\/a><\/strong><\/li>\n<li><a href=\"http:\/\/www.ecole-navale.fr\/\" target=\"_blank\" rel=\"noopener\"><strong> Ecole navale<\/strong><\/a><\/li>\n<\/ul>\t\t\t\t\t\t\t\t<\/div>\n\t\t\t\t<\/div>\n\t\t\t\t<div class=\"elementor-element elementor-element-c45b4b0 elementor-widget elementor-widget-image\" data-id=\"c45b4b0\" data-element_type=\"widget\" data-e-type=\"widget\" data-widget_type=\"image.default\">\n\t\t\t\t<div class=\"elementor-widget-container\">\n\t\t\t\t\t\t\t\t\t\t\t\t\t\t\t<img decoding=\"async\" width=\"300\" height=\"347\" src=\"https:\/\/www.notredamedesion.fr\/lycee\/wp-content\/uploads\/2023\/06\/DL_07_Classe_Prepa-2.png\" class=\"attachment-large size-large wp-image-2012\" alt=\"\" \/>\t\t\t\t\t\t\t\t\t\t\t\t\t\t\t<\/div>\n\t\t\t\t<\/div>\n\t\t\t\t<div class=\"elementor-element elementor-element-0a04b6a elementor-widget elementor-widget-spacer\" data-id=\"0a04b6a\" data-element_type=\"widget\" data-e-type=\"widget\" data-widget_type=\"spacer.default\">\n\t\t\t\t<div class=\"elementor-widget-container\">\n\t\t\t\t\t\t\t<div class=\"elementor-spacer\">\n\t\t\t<div class=\"elementor-spacer-inner\"><\/div>\n\t\t<\/div>\n\t\t\t\t\t\t<\/div>\n\t\t\t\t<\/div>\n\t\t\t\t\t<\/div>\n\t\t<\/div>\n\t\t\t\t\t<\/div>\n\t\t<\/section>\n\t\t\t\t<\/div>\n\t\t","protected":false},"excerpt":{"rendered":"<p>LES \u00c9COLES D&rsquo;ING\u00c9NIEURS Tableau d&rsquo;ensemble. Il y a sensiblement 200 \u00e9coles d&rsquo;ing\u00e9nieurs en France.Elles sont habilit\u00e9es \u00e0 d\u00e9livrer le titre d&rsquo;ing\u00e9nieur \u00e0 30000 \u00e9tudiants environ.La dur\u00e9e des \u00e9tudes est de 3 ans, mais certaines \u00e9coles, dites \u00ab\u00a0\u00e0 pr\u00e9pa int\u00e9gr\u00e9e\u00a0\u00bb, recrutent directement apr\u00e8s le baccalaur\u00e9at et proposent un cursus en 5 ans.Les autres recrutent des \u00e9l\u00e8ves &hellip; <a href=\"https:\/\/www.notredamedesion.fr\/lycee\/prepa_mpsi_mp\/ecoles\/\" class=\"more-link\">Continue reading<span class=\"screen-reader-text\"> \u00ab\u00a0Ecoles\u00a0\u00bb<\/span><\/a><\/p>\n","protected":false},"author":3,"featured_media":0,"parent":4438,"menu_order":5,"comment_status":"closed","ping_status":"closed","template":"elementor_header_footer","meta":{"sfsi_plus_gutenberg_text_before_share":"","sfsi_plus_gutenberg_show_text_before_share":"","sfsi_plus_gutenberg_icon_type":"","sfsi_plus_gutenberg_icon_alignemt":"","sfsi_plus_gutenburg_max_per_row":"","footnotes":""},"class_list":["post-4526","page","type-page","status-publish","hentry"],"_links":{"self":[{"href":"https:\/\/www.notredamedesion.fr\/lycee\/wp-json\/wp\/v2\/pages\/4526","targetHints":{"allow":["GET"]}}],"collection":[{"href":"https:\/\/www.notredamedesion.fr\/lycee\/wp-json\/wp\/v2\/pages"}],"about":[{"href":"https:\/\/www.notredamedesion.fr\/lycee\/wp-json\/wp\/v2\/types\/page"}],"author":[{"embeddable":true,"href":"https:\/\/www.notredamedesion.fr\/lycee\/wp-json\/wp\/v2\/users\/3"}],"replies":[{"embeddable":true,"href":"https:\/\/www.notredamedesion.fr\/lycee\/wp-json\/wp\/v2\/comments?post=4526"}],"version-history":[{"count":7,"href":"https:\/\/www.notredamedesion.fr\/lycee\/wp-json\/wp\/v2\/pages\/4526\/revisions"}],"predecessor-version":[{"id":4696,"href":"https:\/\/www.notredamedesion.fr\/lycee\/wp-json\/wp\/v2\/pages\/4526\/revisions\/4696"}],"up":[{"embeddable":true,"href":"https:\/\/www.notredamedesion.fr\/lycee\/wp-json\/wp\/v2\/pages\/4438"}],"wp:attachment":[{"href":"https:\/\/www.notredamedesion.fr\/lycee\/wp-json\/wp\/v2\/media?parent=4526"}],"curies":[{"name":"wp","href":"https:\/\/api.w.org\/{rel}","templated":true}]}}