{"id":4505,"date":"2025-10-24T14:04:12","date_gmt":"2025-10-24T13:04:12","guid":{"rendered":"https:\/\/www.notredamedesion.fr\/lycee\/?page_id=4505"},"modified":"2025-11-05T20:33:38","modified_gmt":"2025-11-05T19:33:38","slug":"vars","status":"publish","type":"page","link":"https:\/\/www.notredamedesion.fr\/lycee\/prepa_mpsi_mp\/notre-prepa\/vars\/","title":{"rendered":"Vars"},"content":{"rendered":"\t\t<div data-elementor-type=\"wp-post\" data-elementor-id=\"4505\" class=\"elementor elementor-4505\">\n\t\t\t\t\t\t<section class=\"elementor-section elementor-top-section elementor-element elementor-element-51ef4b7 elementor-section-stretched lt-services elementor-section-boxed elementor-section-height-default elementor-section-height-default\" data-id=\"51ef4b7\" data-element_type=\"section\" data-e-type=\"section\" data-settings=\"{&quot;stretch_section&quot;:&quot;section-stretched&quot;,&quot;background_background&quot;:&quot;classic&quot;,&quot;shape_divider_bottom&quot;:&quot;tilt&quot;}\">\n\t\t\t\t\t<div class=\"elementor-shape elementor-shape-bottom\" aria-hidden=\"true\" data-negative=\"false\">\n\t\t\t<svg xmlns=\"http:\/\/www.w3.org\/2000\/svg\" viewBox=\"0 0 1000 100\" preserveAspectRatio=\"none\">\n\t<path class=\"elementor-shape-fill\" d=\"M0,6V0h1000v100L0,6z\"\/>\n<\/svg>\t\t<\/div>\n\t\t\t\t\t<div class=\"elementor-container elementor-column-gap-default\">\n\t\t\t\t\t<div class=\"elementor-column elementor-col-100 elementor-top-column elementor-element elementor-element-4435425\" data-id=\"4435425\" data-element_type=\"column\" data-e-type=\"column\">\n\t\t\t<div class=\"elementor-widget-wrap\">\n\t\t\t\t\t\t\t<\/div>\n\t\t<\/div>\n\t\t\t\t\t<\/div>\n\t\t<\/section>\n\t\t\t\t<section class=\"elementor-section elementor-top-section elementor-element elementor-element-64fd299 elementor-section-boxed elementor-section-height-default elementor-section-height-default\" data-id=\"64fd299\" data-element_type=\"section\" data-e-type=\"section\">\n\t\t\t\t\t\t<div class=\"elementor-container elementor-column-gap-default\">\n\t\t\t\t\t<div class=\"elementor-column elementor-col-100 elementor-top-column elementor-element elementor-element-b8e7ca1\" data-id=\"b8e7ca1\" data-element_type=\"column\" data-e-type=\"column\">\n\t\t\t<div class=\"elementor-widget-wrap elementor-element-populated\">\n\t\t\t\t\t\t<div class=\"elementor-element elementor-element-5d7d3c1 elementor-widget elementor-widget-heading\" data-id=\"5d7d3c1\" data-element_type=\"widget\" data-e-type=\"widget\" data-widget_type=\"heading.default\">\n\t\t\t\t<div class=\"elementor-widget-container\">\n\t\t\t\t\t<h1 class=\"elementor-heading-title elementor-size-default\">VARS<\/h1>\t\t\t\t<\/div>\n\t\t\t\t<\/div>\n\t\t\t\t\t<\/div>\n\t\t<\/div>\n\t\t\t\t\t<\/div>\n\t\t<\/section>\n\t\t\t\t<section class=\"elementor-section elementor-top-section elementor-element elementor-element-7c9da77 elementor-section-boxed elementor-section-height-default elementor-section-height-default\" data-id=\"7c9da77\" data-element_type=\"section\" data-e-type=\"section\">\n\t\t\t\t\t\t<div class=\"elementor-container elementor-column-gap-default\">\n\t\t\t\t\t<div class=\"elementor-column elementor-col-100 elementor-top-column elementor-element elementor-element-4c7a0db\" data-id=\"4c7a0db\" data-element_type=\"column\" data-e-type=\"column\">\n\t\t\t<div class=\"elementor-widget-wrap elementor-element-populated\">\n\t\t\t\t\t\t<div class=\"elementor-element elementor-element-b2634b3 elementor-widget elementor-widget-spacer\" data-id=\"b2634b3\" data-element_type=\"widget\" data-e-type=\"widget\" data-widget_type=\"spacer.default\">\n\t\t\t\t<div class=\"elementor-widget-container\">\n\t\t\t\t\t\t\t<div class=\"elementor-spacer\">\n\t\t\t<div class=\"elementor-spacer-inner\"><\/div>\n\t\t<\/div>\n\t\t\t\t\t\t<\/div>\n\t\t\t\t<\/div>\n\t\t\t\t\t<\/div>\n\t\t<\/div>\n\t\t\t\t\t<\/div>\n\t\t<\/section>\n\t\t\t\t<section class=\"elementor-section elementor-top-section elementor-element elementor-element-f96efa6 elementor-section-boxed elementor-section-height-default elementor-section-height-default\" data-id=\"f96efa6\" data-element_type=\"section\" data-e-type=\"section\">\n\t\t\t\t\t\t<div class=\"elementor-container elementor-column-gap-default\">\n\t\t\t\t\t<div class=\"elementor-column elementor-col-100 elementor-top-column elementor-element elementor-element-9f6059c\" data-id=\"9f6059c\" data-element_type=\"column\" data-e-type=\"column\">\n\t\t\t<div class=\"elementor-widget-wrap elementor-element-populated\">\n\t\t\t\t\t\t<div class=\"elementor-element elementor-element-d95de08 elementor-widget elementor-widget-image\" data-id=\"d95de08\" data-element_type=\"widget\" data-e-type=\"widget\" data-widget_type=\"image.default\">\n\t\t\t\t<div class=\"elementor-widget-container\">\n\t\t\t\t\t\t\t\t\t\t\t\t\t\t\t<img fetchpriority=\"high\" decoding=\"async\" width=\"693\" height=\"152\" src=\"https:\/\/www.notredamedesion.fr\/lycee\/wp-content\/uploads\/2025\/03\/banniervars.jpg\" class=\"attachment-large size-large wp-image-2954\" alt=\"\" srcset=\"https:\/\/www.notredamedesion.fr\/lycee\/wp-content\/uploads\/2025\/03\/banniervars.jpg 693w, https:\/\/www.notredamedesion.fr\/lycee\/wp-content\/uploads\/2025\/03\/banniervars-500x110.jpg 500w\" sizes=\"(max-width: 693px) 85vw, 693px\" \/>\t\t\t\t\t\t\t\t\t\t\t\t\t\t\t<\/div>\n\t\t\t\t<\/div>\n\t\t\t\t<div class=\"elementor-element elementor-element-274a8e8 elementor-widget elementor-widget-text-editor\" data-id=\"274a8e8\" data-element_type=\"widget\" data-e-type=\"widget\" data-widget_type=\"text-editor.default\">\n\t\t\t\t<div class=\"elementor-widget-container\">\n\t\t\t\t\t\t\t\t\t<h3>Un objectif p\u00e9dagogique<\/h3><p>Notre charte p\u00e9dagogique fait r\u00e9f\u00e9rence \u00e0 \u00ab\u00a0un climat studieux mais d\u00e9tendu o\u00f9 l&rsquo;entr&rsquo;aide et la solidarit\u00e9 sont la norme\u00a0\u00bb.<\/p><p>Une bonne fa\u00e7on de l&rsquo;\u00e9tablir consiste \u00e0 permettre aux \u00e9l\u00e8ves de faire connaissance hors du cadre scolaire, dans une sorte \u00ab\u00a0sas d&rsquo;entr\u00e9e\u00a0\u00bb entre les vacances et l&rsquo;ann\u00e9e de Math Sup &#8230;<\/p>\t\t\t\t\t\t\t\t<\/div>\n\t\t\t\t<\/div>\n\t\t\t\t<div class=\"elementor-element elementor-element-cc6e439 elementor-widget elementor-widget-image\" data-id=\"cc6e439\" data-element_type=\"widget\" data-e-type=\"widget\" data-widget_type=\"image.default\">\n\t\t\t\t<div class=\"elementor-widget-container\">\n\t\t\t\t\t\t\t\t\t\t\t\t\t\t\t<img decoding=\"async\" width=\"450\" height=\"338\" src=\"https:\/\/www.notredamedesion.fr\/lycee\/wp-content\/uploads\/2025\/03\/IMG_20220831_075526-2-1-450x338-1.jpg\" class=\"attachment-large size-large wp-image-2955\" alt=\"\" \/>\t\t\t\t\t\t\t\t\t\t\t\t\t\t\t<\/div>\n\t\t\t\t<\/div>\n\t\t\t\t<div class=\"elementor-element elementor-element-58df657 elementor-widget elementor-widget-text-editor\" data-id=\"58df657\" data-element_type=\"widget\" data-e-type=\"widget\" data-widget_type=\"text-editor.default\">\n\t\t\t\t<div class=\"elementor-widget-container\">\n\t\t\t\t\t\t\t\t\t<h3>Une formule<\/h3><p>Pour cela, nous avons choisi la formule d&rsquo;un stage \u00e0 Vars, dans un grand chalet , <a href=\"http:\/\/www.obvars.com\/\" target=\"_blank\" rel=\"noopener noreferrer\">l&rsquo;orange bleue<\/a>, permettant de vivre ensemble\u00a03 jours tout en \u00e9tudiant avec les professeurs de math\u00e9matiques et de physique\/chimie. L&rsquo;encadrement est compl\u00e9t\u00e9 par un ou deux \u00e9l\u00e8ves sortis r\u00e9cemment de notre pr\u00e9pa, qui apportent leur t\u00e9moignage.<\/p><h3>Le travail scolaire<\/h3><p>Les horaires sont exigeants, avec des heures de cours sur\u00a03 demi-journ\u00e9es, les premiers cours commen\u00e7ant \u00e0 8h15 et les derniers finissant \u00e0 22h15. Dans les plages libres, on trouve de plus des \u00e9tudes o\u00f9 les \u00e9l\u00e8ves peuvent travailler, seuls ou en petits groupes. Le contenu des cours revient avec une perspective nouvelle sur des connaissances de lyc\u00e9e n\u00e9cessaires pour aborder le programme de pr\u00e9pa.<\/p>\t\t\t\t\t\t\t\t<\/div>\n\t\t\t\t<\/div>\n\t\t\t\t\t<\/div>\n\t\t<\/div>\n\t\t\t\t\t<\/div>\n\t\t<\/section>\n\t\t\t\t<section class=\"elementor-section elementor-top-section elementor-element elementor-element-fc73603 elementor-section-boxed elementor-section-height-default elementor-section-height-default\" data-id=\"fc73603\" data-element_type=\"section\" data-e-type=\"section\">\n\t\t\t\t\t\t<div class=\"elementor-container elementor-column-gap-default\">\n\t\t\t\t\t<div class=\"elementor-column elementor-col-50 elementor-top-column elementor-element elementor-element-011e850\" data-id=\"011e850\" data-element_type=\"column\" data-e-type=\"column\">\n\t\t\t<div class=\"elementor-widget-wrap elementor-element-populated\">\n\t\t\t\t\t\t<div class=\"elementor-element elementor-element-f6e24c1 elementor-widget elementor-widget-text-editor\" data-id=\"f6e24c1\" data-element_type=\"widget\" data-e-type=\"widget\" data-widget_type=\"text-editor.default\">\n\t\t\t\t<div class=\"elementor-widget-container\">\n\t\t\t\t\t\t\t\t\t<h3>Les loisirs<\/h3><p>\u00a0<\/p><p>Le point fort est une descente en rafting sur la Durance, avec un encadrement professionnel. Il y a aussi le tennis de table, le baby-foot et les jeux de cartes, plus des promenades \u00e0 pied dans Vars.<\/p><h3><span style=\"color: #000080;\">Le bilan<\/span><\/h3><p>L&rsquo;isolement du lieu, l&rsquo;accessibilit\u00e9 des professeurs, le t\u00e9moignage des anciens \u00e9l\u00e8ves, les temps de loisirs comme de travail, permettent au groupe de trouver tr\u00e8s vite une dynamique qui lib\u00e8re chacun des appr\u00e9hensions de la rentr\u00e9e. C&rsquo;est toujours un groupe solidaire et d\u00e9j\u00e0 structur\u00e9 qui revient vers Marseille, impatient de commencer l&rsquo;ann\u00e9e scolaire.<\/p>\t\t\t\t\t\t\t\t<\/div>\n\t\t\t\t<\/div>\n\t\t\t\t\t<\/div>\n\t\t<\/div>\n\t\t\t\t<div class=\"elementor-column elementor-col-50 elementor-top-column elementor-element elementor-element-8ddd984\" data-id=\"8ddd984\" data-element_type=\"column\" data-e-type=\"column\">\n\t\t\t<div class=\"elementor-widget-wrap elementor-element-populated\">\n\t\t\t\t\t\t<div class=\"elementor-element elementor-element-cbbb303 elementor-widget elementor-widget-image\" data-id=\"cbbb303\" data-element_type=\"widget\" data-e-type=\"widget\" data-widget_type=\"image.default\">\n\t\t\t\t<div class=\"elementor-widget-container\">\n\t\t\t\t\t\t\t\t\t\t\t\t\t\t\t<img decoding=\"async\" width=\"300\" height=\"225\" src=\"https:\/\/www.notredamedesion.fr\/lycee\/wp-content\/uploads\/2025\/03\/P1010563-300x225-1.jpg\" class=\"attachment-large size-large wp-image-2956\" alt=\"\" \/>\t\t\t\t\t\t\t\t\t\t\t\t\t\t\t<\/div>\n\t\t\t\t<\/div>\n\t\t\t\t\t<\/div>\n\t\t<\/div>\n\t\t\t\t\t<\/div>\n\t\t<\/section>\n\t\t\t\t<section class=\"elementor-section elementor-top-section elementor-element elementor-element-d3263a1 elementor-section-boxed elementor-section-height-default elementor-section-height-default\" data-id=\"d3263a1\" data-element_type=\"section\" data-e-type=\"section\">\n\t\t\t\t\t\t<div class=\"elementor-container elementor-column-gap-default\">\n\t\t\t\t\t<div class=\"elementor-column elementor-col-100 elementor-top-column elementor-element elementor-element-2dd5d41\" data-id=\"2dd5d41\" data-element_type=\"column\" data-e-type=\"column\">\n\t\t\t<div class=\"elementor-widget-wrap elementor-element-populated\">\n\t\t\t\t\t\t<div class=\"elementor-element elementor-element-71292d3 elementor-widget elementor-widget-image\" data-id=\"71292d3\" data-element_type=\"widget\" data-e-type=\"widget\" data-widget_type=\"image.default\">\n\t\t\t\t<div class=\"elementor-widget-container\">\n\t\t\t\t\t\t\t\t\t\t\t\t\t\t\t<img loading=\"lazy\" decoding=\"async\" width=\"450\" height=\"338\" src=\"https:\/\/www.notredamedesion.fr\/lycee\/wp-content\/uploads\/2025\/03\/P1080247-450x338-1.jpg\" class=\"attachment-large size-large wp-image-2957\" alt=\"\" \/>\t\t\t\t\t\t\t\t\t\t\t\t\t\t\t<\/div>\n\t\t\t\t<\/div>\n\t\t\t\t<div class=\"elementor-element elementor-element-e4c2207 elementor-widget elementor-widget-image\" data-id=\"e4c2207\" data-element_type=\"widget\" data-e-type=\"widget\" data-widget_type=\"image.default\">\n\t\t\t\t<div class=\"elementor-widget-container\">\n\t\t\t\t\t\t\t\t\t\t\t\t\t\t\t<img loading=\"lazy\" decoding=\"async\" width=\"450\" height=\"364\" src=\"https:\/\/www.notredamedesion.fr\/lycee\/wp-content\/uploads\/2025\/03\/P1080244bis-450x364-1.jpg\" class=\"attachment-large size-large wp-image-2959\" alt=\"\" \/>\t\t\t\t\t\t\t\t\t\t\t\t\t\t\t<\/div>\n\t\t\t\t<\/div>\n\t\t\t\t<div class=\"elementor-element elementor-element-aa3cad6 elementor-widget elementor-widget-image\" data-id=\"aa3cad6\" data-element_type=\"widget\" data-e-type=\"widget\" data-widget_type=\"image.default\">\n\t\t\t\t<div class=\"elementor-widget-container\">\n\t\t\t\t\t\t\t\t\t\t\t\t\t\t\t<img loading=\"lazy\" decoding=\"async\" width=\"450\" height=\"338\" src=\"https:\/\/www.notredamedesion.fr\/lycee\/wp-content\/uploads\/2025\/03\/P1080251-e1480605677984-450x338-1.jpg\" class=\"attachment-large size-large wp-image-2958\" alt=\"\" \/>\t\t\t\t\t\t\t\t\t\t\t\t\t\t\t<\/div>\n\t\t\t\t<\/div>\n\t\t\t\t\t<\/div>\n\t\t<\/div>\n\t\t\t\t\t<\/div>\n\t\t<\/section>\n\t\t\t\t<section class=\"elementor-section elementor-top-section elementor-element elementor-element-f3c6147 elementor-section-boxed elementor-section-height-default elementor-section-height-default\" data-id=\"f3c6147\" data-element_type=\"section\" data-e-type=\"section\">\n\t\t\t\t\t\t<div class=\"elementor-container elementor-column-gap-default\">\n\t\t\t\t\t<div class=\"elementor-column elementor-col-100 elementor-top-column elementor-element elementor-element-34cd390\" data-id=\"34cd390\" data-element_type=\"column\" data-e-type=\"column\">\n\t\t\t<div class=\"elementor-widget-wrap elementor-element-populated\">\n\t\t\t\t\t\t<div class=\"elementor-element elementor-element-c45b4b0 elementor-widget elementor-widget-image\" data-id=\"c45b4b0\" data-element_type=\"widget\" data-e-type=\"widget\" data-widget_type=\"image.default\">\n\t\t\t\t<div class=\"elementor-widget-container\">\n\t\t\t\t\t\t\t\t\t\t\t\t\t\t\t<img loading=\"lazy\" decoding=\"async\" width=\"300\" height=\"347\" src=\"https:\/\/www.notredamedesion.fr\/lycee\/wp-content\/uploads\/2023\/06\/DL_07_Classe_Prepa-2.png\" class=\"attachment-large size-large wp-image-2012\" alt=\"\" \/>\t\t\t\t\t\t\t\t\t\t\t\t\t\t\t<\/div>\n\t\t\t\t<\/div>\n\t\t\t\t\t<\/div>\n\t\t<\/div>\n\t\t\t\t\t<\/div>\n\t\t<\/section>\n\t\t\t\t<\/div>\n\t\t","protected":false},"excerpt":{"rendered":"<p>VARS Un objectif p\u00e9dagogique Notre charte p\u00e9dagogique fait r\u00e9f\u00e9rence \u00e0 \u00ab\u00a0un climat studieux mais d\u00e9tendu o\u00f9 l&rsquo;entr&rsquo;aide et la solidarit\u00e9 sont la norme\u00a0\u00bb. Une bonne fa\u00e7on de l&rsquo;\u00e9tablir consiste \u00e0 permettre aux \u00e9l\u00e8ves de faire connaissance hors du cadre scolaire, dans une sorte \u00ab\u00a0sas d&rsquo;entr\u00e9e\u00a0\u00bb entre les vacances et l&rsquo;ann\u00e9e de Math Sup &#8230; Une &hellip; <a href=\"https:\/\/www.notredamedesion.fr\/lycee\/prepa_mpsi_mp\/notre-prepa\/vars\/\" class=\"more-link\">Continue reading<span class=\"screen-reader-text\"> \u00ab\u00a0Vars\u00a0\u00bb<\/span><\/a><\/p>\n","protected":false},"author":3,"featured_media":0,"parent":4500,"menu_order":1,"comment_status":"closed","ping_status":"closed","template":"elementor_header_footer","meta":{"sfsi_plus_gutenberg_text_before_share":"","sfsi_plus_gutenberg_show_text_before_share":"","sfsi_plus_gutenberg_icon_type":"","sfsi_plus_gutenberg_icon_alignemt":"","sfsi_plus_gutenburg_max_per_row":"","footnotes":""},"class_list":["post-4505","page","type-page","status-publish","hentry"],"_links":{"self":[{"href":"https:\/\/www.notredamedesion.fr\/lycee\/wp-json\/wp\/v2\/pages\/4505","targetHints":{"allow":["GET"]}}],"collection":[{"href":"https:\/\/www.notredamedesion.fr\/lycee\/wp-json\/wp\/v2\/pages"}],"about":[{"href":"https:\/\/www.notredamedesion.fr\/lycee\/wp-json\/wp\/v2\/types\/page"}],"author":[{"embeddable":true,"href":"https:\/\/www.notredamedesion.fr\/lycee\/wp-json\/wp\/v2\/users\/3"}],"replies":[{"embeddable":true,"href":"https:\/\/www.notredamedesion.fr\/lycee\/wp-json\/wp\/v2\/comments?post=4505"}],"version-history":[{"count":7,"href":"https:\/\/www.notredamedesion.fr\/lycee\/wp-json\/wp\/v2\/pages\/4505\/revisions"}],"predecessor-version":[{"id":4681,"href":"https:\/\/www.notredamedesion.fr\/lycee\/wp-json\/wp\/v2\/pages\/4505\/revisions\/4681"}],"up":[{"embeddable":true,"href":"https:\/\/www.notredamedesion.fr\/lycee\/wp-json\/wp\/v2\/pages\/4500"}],"wp:attachment":[{"href":"https:\/\/www.notredamedesion.fr\/lycee\/wp-json\/wp\/v2\/media?parent=4505"}],"curies":[{"name":"wp","href":"https:\/\/api.w.org\/{rel}","templated":true}]}}