{"id":4486,"date":"2025-10-24T13:47:12","date_gmt":"2025-10-24T12:47:12","guid":{"rendered":"https:\/\/www.notredamedesion.fr\/lycee\/?page_id=4486"},"modified":"2025-11-05T20:31:59","modified_gmt":"2025-11-05T19:31:59","slug":"inscription","status":"publish","type":"page","link":"https:\/\/www.notredamedesion.fr\/lycee\/prepa_mpsi_mp\/inscription\/","title":{"rendered":"Inscription"},"content":{"rendered":"\t\t<div data-elementor-type=\"wp-post\" data-elementor-id=\"4486\" class=\"elementor elementor-4486\">\n\t\t\t\t\t\t<section class=\"elementor-section elementor-top-section elementor-element elementor-element-51ef4b7 elementor-section-stretched lt-services elementor-section-boxed elementor-section-height-default elementor-section-height-default\" data-id=\"51ef4b7\" data-element_type=\"section\" data-e-type=\"section\" data-settings=\"{&quot;stretch_section&quot;:&quot;section-stretched&quot;,&quot;background_background&quot;:&quot;classic&quot;,&quot;shape_divider_bottom&quot;:&quot;tilt&quot;}\">\n\t\t\t\t\t<div class=\"elementor-shape elementor-shape-bottom\" aria-hidden=\"true\" data-negative=\"false\">\n\t\t\t<svg xmlns=\"http:\/\/www.w3.org\/2000\/svg\" viewBox=\"0 0 1000 100\" preserveAspectRatio=\"none\">\n\t<path class=\"elementor-shape-fill\" d=\"M0,6V0h1000v100L0,6z\"\/>\n<\/svg>\t\t<\/div>\n\t\t\t\t\t<div class=\"elementor-container elementor-column-gap-default\">\n\t\t\t\t\t<div class=\"elementor-column elementor-col-100 elementor-top-column elementor-element elementor-element-4435425\" data-id=\"4435425\" data-element_type=\"column\" data-e-type=\"column\">\n\t\t\t<div class=\"elementor-widget-wrap\">\n\t\t\t\t\t\t\t<\/div>\n\t\t<\/div>\n\t\t\t\t\t<\/div>\n\t\t<\/section>\n\t\t\t\t<section class=\"elementor-section elementor-top-section elementor-element elementor-element-64fd299 elementor-section-boxed elementor-section-height-default elementor-section-height-default\" data-id=\"64fd299\" data-element_type=\"section\" data-e-type=\"section\">\n\t\t\t\t\t\t<div class=\"elementor-container elementor-column-gap-default\">\n\t\t\t\t\t<div class=\"elementor-column elementor-col-100 elementor-top-column elementor-element elementor-element-b8e7ca1\" data-id=\"b8e7ca1\" data-element_type=\"column\" data-e-type=\"column\">\n\t\t\t<div class=\"elementor-widget-wrap elementor-element-populated\">\n\t\t\t\t\t\t<div class=\"elementor-element elementor-element-5d7d3c1 elementor-widget elementor-widget-heading\" data-id=\"5d7d3c1\" data-element_type=\"widget\" data-e-type=\"widget\" data-widget_type=\"heading.default\">\n\t\t\t\t<div class=\"elementor-widget-container\">\n\t\t\t\t\t<h1 class=\"elementor-heading-title elementor-size-default\">PR\u00c9SENTATION<\/h1>\t\t\t\t<\/div>\n\t\t\t\t<\/div>\n\t\t\t\t\t<\/div>\n\t\t<\/div>\n\t\t\t\t\t<\/div>\n\t\t<\/section>\n\t\t\t\t<section class=\"elementor-section elementor-top-section elementor-element elementor-element-7c9da77 elementor-section-boxed elementor-section-height-default elementor-section-height-default\" data-id=\"7c9da77\" data-element_type=\"section\" data-e-type=\"section\">\n\t\t\t\t\t\t<div class=\"elementor-container elementor-column-gap-default\">\n\t\t\t\t\t<div class=\"elementor-column elementor-col-100 elementor-top-column elementor-element elementor-element-4c7a0db\" data-id=\"4c7a0db\" data-element_type=\"column\" data-e-type=\"column\">\n\t\t\t<div class=\"elementor-widget-wrap elementor-element-populated\">\n\t\t\t\t\t\t<div class=\"elementor-element elementor-element-b2634b3 elementor-widget elementor-widget-spacer\" data-id=\"b2634b3\" data-element_type=\"widget\" data-e-type=\"widget\" data-widget_type=\"spacer.default\">\n\t\t\t\t<div class=\"elementor-widget-container\">\n\t\t\t\t\t\t\t<div class=\"elementor-spacer\">\n\t\t\t<div class=\"elementor-spacer-inner\"><\/div>\n\t\t<\/div>\n\t\t\t\t\t\t<\/div>\n\t\t\t\t<\/div>\n\t\t\t\t\t<\/div>\n\t\t<\/div>\n\t\t\t\t\t<\/div>\n\t\t<\/section>\n\t\t\t\t<section class=\"elementor-section elementor-top-section elementor-element elementor-element-f96efa6 elementor-section-boxed elementor-section-height-default elementor-section-height-default\" data-id=\"f96efa6\" data-element_type=\"section\" data-e-type=\"section\">\n\t\t\t\t\t\t<div class=\"elementor-container elementor-column-gap-default\">\n\t\t\t\t\t<div class=\"elementor-column elementor-col-100 elementor-top-column elementor-element elementor-element-9f6059c\" data-id=\"9f6059c\" data-element_type=\"column\" data-e-type=\"column\">\n\t\t\t<div class=\"elementor-widget-wrap elementor-element-populated\">\n\t\t\t\t\t\t<div class=\"elementor-element elementor-element-d95de08 elementor-widget elementor-widget-image\" data-id=\"d95de08\" data-element_type=\"widget\" data-e-type=\"widget\" data-widget_type=\"image.default\">\n\t\t\t\t<div class=\"elementor-widget-container\">\n\t\t\t\t\t\t\t\t\t\t\t\t\t\t\t<img fetchpriority=\"high\" decoding=\"async\" width=\"840\" height=\"107\" src=\"https:\/\/www.notredamedesion.fr\/lycee\/wp-content\/uploads\/2025\/03\/bannierphqro2-1024x131.jpg\" class=\"attachment-large size-large wp-image-2914\" alt=\"\" srcset=\"https:\/\/www.notredamedesion.fr\/lycee\/wp-content\/uploads\/2025\/03\/bannierphqro2-1024x131.jpg 1024w, https:\/\/www.notredamedesion.fr\/lycee\/wp-content\/uploads\/2025\/03\/bannierphqro2-500x64.jpg 500w, https:\/\/www.notredamedesion.fr\/lycee\/wp-content\/uploads\/2025\/03\/bannierphqro2-768x98.jpg 768w, https:\/\/www.notredamedesion.fr\/lycee\/wp-content\/uploads\/2025\/03\/bannierphqro2.jpg 1190w\" sizes=\"(max-width: 709px) 85vw, (max-width: 909px) 67vw, (max-width: 1362px) 62vw, 840px\" \/>\t\t\t\t\t\t\t\t\t\t\t\t\t\t\t<\/div>\n\t\t\t\t<\/div>\n\t\t\t\t<div class=\"elementor-element elementor-element-274a8e8 elementor-widget elementor-widget-text-editor\" data-id=\"274a8e8\" data-element_type=\"widget\" data-e-type=\"widget\" data-widget_type=\"text-editor.default\">\n\t\t\t\t<div class=\"elementor-widget-container\">\n\t\t\t\t\t\t\t\t\t<p>Notre pr\u00e9pa recrute dans le cadre de la proc\u00e9dure nationale sur le site Parcoursup<\/p>\n<p><a href=\"https:\/\/www.parcoursup.fr\/\">www.parcoursup.fr\/<\/a><\/p>\n<p>Il n&rsquo;y a pas de document suppl\u00e9mentaire \u00e0 fournir pour \u00eatre candidat dans notre pr\u00e9pa. Si la validation est bloqu\u00e9e, inscrivez par exemple \u00ab\u00a0Rien \u00e0 signaler\u00a0\u00bb. Cela vous permettra de passer \u00e0 la suite.<\/p>\n<p>En r\u00e8gle g\u00e9n\u00e9rale, le site est ouvert aux environs de mi-janvier. Vous pouvez y \u00e9tablir une liste de formations. Cette liste est modifiable jusqu&rsquo;aux environs du 15 mars en g\u00e9n\u00e9ral, et vous n&rsquo;avez plus \u00e0 classer vos v\u0153ux tout de suite. Le classement se fera au mois de juin, apr\u00e8s le premier appel.<\/p>\n<p>Avant de vous d\u00e9cider, il faut vous informer et envisager votre orientation en termes g\u00e9n\u00e9raux, compte tenu de vos centres d&rsquo;int\u00e9r\u00eat, de votre niveau scolaire etc.<\/p>\n<p>Si nos classes pr\u00e9paratoires vous int\u00e9ressent, vous pouvez nous contacter sous forme d&rsquo;un courriel \u00e0 <a href=\"http:\/\/www.notredamedesion.fr\/contact\/nous-contacter\/\">la directrice des \u00e9tudes<\/a>&nbsp;afin d&rsquo;avoir des renseignements suppl\u00e9mentaires ou de prendre rendez-vous.<\/p><p>Nous organisons deux demi-journ\u00e9es portes ouvertes d\u00e9but d\u00e9cembre.<\/p>\n<p>Le forum de d\u00e9cembre est l&rsquo;occasion pour certains d&rsquo;entre vous de venir d\u00e9couvrir notre pr\u00e9pa \u00ab\u00a0\u00e0 visage humain\u00a0\u00bb, de rencontrer l&rsquo;\u00e9quipe p\u00e9dagogique, les \u00e9l\u00e8ves actuels et les anciens \u00e9l\u00e8ves. Pour ceux qui souhaiteraient nous rencontrer \u00e0 un autre moment, nous pouvons leur pr\u00e9senter la pr\u00e9pa lors d&rsquo;un rendez-vous au lyc\u00e9e ou en visio.<\/p>\n<p><\/p>\n<p><strong>Il est tout \u00e0 fait possible de vous r\u00e9orienter et de changer de fili\u00e8re apr\u00e8s une ann\u00e9e d&rsquo;\u00e9tudes sup\u00e9rieures. Nous accueillons tous les ans des \u00e9l\u00e8ves dans cette situation et leur donnons une seconde chance. La maturit\u00e9 aidant, ces \u00e9l\u00e8ves r\u00e9ussissent tr\u00e8s bien.<\/strong><\/p>\n<p>Vous pouvez \u00e9galement nous rejoindre en math sp\u00e9. Beaucoup d&rsquo;\u00e9l\u00e8ves d\u00e9motiv\u00e9s \u00e0 l&rsquo;issue de la premi\u00e8re ann\u00e9e ont repris confiance en eux chez nous et ont brillamment r\u00e9ussi, \u00e9panouis dans cette pr\u00e9pa \u00e0 visage humain. Pour cela, prenez rendez-vous avec le directrice des \u00e9tudes en cours d&rsquo;ann\u00e9e ou en juin\/juillet.<\/p>\t\t\t\t\t\t\t\t<\/div>\n\t\t\t\t<\/div>\n\t\t\t\t<div class=\"elementor-element elementor-element-c45b4b0 elementor-widget elementor-widget-image\" data-id=\"c45b4b0\" data-element_type=\"widget\" data-e-type=\"widget\" data-widget_type=\"image.default\">\n\t\t\t\t<div class=\"elementor-widget-container\">\n\t\t\t\t\t\t\t\t\t\t\t\t\t\t\t<img decoding=\"async\" width=\"300\" height=\"347\" src=\"https:\/\/www.notredamedesion.fr\/lycee\/wp-content\/uploads\/2023\/06\/DL_07_Classe_Prepa-2.png\" class=\"attachment-large size-large wp-image-2012\" alt=\"\" \/>\t\t\t\t\t\t\t\t\t\t\t\t\t\t\t<\/div>\n\t\t\t\t<\/div>\n\t\t\t\t<div class=\"elementor-element elementor-element-0a04b6a elementor-widget elementor-widget-spacer\" data-id=\"0a04b6a\" data-element_type=\"widget\" data-e-type=\"widget\" data-widget_type=\"spacer.default\">\n\t\t\t\t<div class=\"elementor-widget-container\">\n\t\t\t\t\t\t\t<div class=\"elementor-spacer\">\n\t\t\t<div class=\"elementor-spacer-inner\"><\/div>\n\t\t<\/div>\n\t\t\t\t\t\t<\/div>\n\t\t\t\t<\/div>\n\t\t\t\t\t<\/div>\n\t\t<\/div>\n\t\t\t\t\t<\/div>\n\t\t<\/section>\n\t\t\t\t<\/div>\n\t\t","protected":false},"excerpt":{"rendered":"<p>PR\u00c9SENTATION Notre pr\u00e9pa recrute dans le cadre de la proc\u00e9dure nationale sur le site Parcoursup www.parcoursup.fr\/ Il n&rsquo;y a pas de document suppl\u00e9mentaire \u00e0 fournir pour \u00eatre candidat dans notre pr\u00e9pa. Si la validation est bloqu\u00e9e, inscrivez par exemple \u00ab\u00a0Rien \u00e0 signaler\u00a0\u00bb. Cela vous permettra de passer \u00e0 la suite. En r\u00e8gle g\u00e9n\u00e9rale, le site &hellip; <a href=\"https:\/\/www.notredamedesion.fr\/lycee\/prepa_mpsi_mp\/inscription\/\" class=\"more-link\">Continue reading<span class=\"screen-reader-text\"> \u00ab\u00a0Inscription\u00a0\u00bb<\/span><\/a><\/p>\n","protected":false},"author":3,"featured_media":0,"parent":4438,"menu_order":2,"comment_status":"closed","ping_status":"closed","template":"elementor_header_footer","meta":{"sfsi_plus_gutenberg_text_before_share":"","sfsi_plus_gutenberg_show_text_before_share":"","sfsi_plus_gutenberg_icon_type":"","sfsi_plus_gutenberg_icon_alignemt":"","sfsi_plus_gutenburg_max_per_row":"","footnotes":""},"class_list":["post-4486","page","type-page","status-publish","hentry"],"_links":{"self":[{"href":"https:\/\/www.notredamedesion.fr\/lycee\/wp-json\/wp\/v2\/pages\/4486","targetHints":{"allow":["GET"]}}],"collection":[{"href":"https:\/\/www.notredamedesion.fr\/lycee\/wp-json\/wp\/v2\/pages"}],"about":[{"href":"https:\/\/www.notredamedesion.fr\/lycee\/wp-json\/wp\/v2\/types\/page"}],"author":[{"embeddable":true,"href":"https:\/\/www.notredamedesion.fr\/lycee\/wp-json\/wp\/v2\/users\/3"}],"replies":[{"embeddable":true,"href":"https:\/\/www.notredamedesion.fr\/lycee\/wp-json\/wp\/v2\/comments?post=4486"}],"version-history":[{"count":7,"href":"https:\/\/www.notredamedesion.fr\/lycee\/wp-json\/wp\/v2\/pages\/4486\/revisions"}],"predecessor-version":[{"id":4678,"href":"https:\/\/www.notredamedesion.fr\/lycee\/wp-json\/wp\/v2\/pages\/4486\/revisions\/4678"}],"up":[{"embeddable":true,"href":"https:\/\/www.notredamedesion.fr\/lycee\/wp-json\/wp\/v2\/pages\/4438"}],"wp:attachment":[{"href":"https:\/\/www.notredamedesion.fr\/lycee\/wp-json\/wp\/v2\/media?parent=4486"}],"curies":[{"name":"wp","href":"https:\/\/api.w.org\/{rel}","templated":true}]}}