{"id":4476,"date":"2025-10-24T13:36:36","date_gmt":"2025-10-24T12:36:36","guid":{"rendered":"https:\/\/www.notredamedesion.fr\/lycee\/?page_id=4476"},"modified":"2025-10-24T13:40:01","modified_gmt":"2025-10-24T12:40:01","slug":"mp-2","status":"publish","type":"page","link":"https:\/\/www.notredamedesion.fr\/lycee\/prepa_mpsi_mp\/presentation\/mp-2\/","title":{"rendered":"MP"},"content":{"rendered":"\t\t<div data-elementor-type=\"wp-post\" data-elementor-id=\"4476\" class=\"elementor elementor-4476\">\n\t\t\t\t\t\t<section class=\"elementor-section elementor-top-section elementor-element elementor-element-51ef4b7 elementor-section-stretched lt-services elementor-section-boxed elementor-section-height-default elementor-section-height-default\" data-id=\"51ef4b7\" data-element_type=\"section\" data-e-type=\"section\" data-settings=\"{&quot;stretch_section&quot;:&quot;section-stretched&quot;,&quot;background_background&quot;:&quot;classic&quot;,&quot;shape_divider_bottom&quot;:&quot;tilt&quot;}\">\n\t\t\t\t\t<div class=\"elementor-shape elementor-shape-bottom\" aria-hidden=\"true\" data-negative=\"false\">\n\t\t\t<svg xmlns=\"http:\/\/www.w3.org\/2000\/svg\" viewBox=\"0 0 1000 100\" preserveAspectRatio=\"none\">\n\t<path class=\"elementor-shape-fill\" d=\"M0,6V0h1000v100L0,6z\"\/>\n<\/svg>\t\t<\/div>\n\t\t\t\t\t<div class=\"elementor-container elementor-column-gap-default\">\n\t\t\t\t\t<div class=\"elementor-column elementor-col-100 elementor-top-column elementor-element elementor-element-4435425\" data-id=\"4435425\" data-element_type=\"column\" data-e-type=\"column\">\n\t\t\t<div class=\"elementor-widget-wrap\">\n\t\t\t\t\t\t\t<\/div>\n\t\t<\/div>\n\t\t\t\t\t<\/div>\n\t\t<\/section>\n\t\t\t\t<section class=\"elementor-section elementor-top-section elementor-element elementor-element-64fd299 elementor-section-boxed elementor-section-height-default elementor-section-height-default\" data-id=\"64fd299\" data-element_type=\"section\" data-e-type=\"section\">\n\t\t\t\t\t\t<div class=\"elementor-container elementor-column-gap-default\">\n\t\t\t\t\t<div class=\"elementor-column elementor-col-100 elementor-top-column elementor-element elementor-element-b8e7ca1\" data-id=\"b8e7ca1\" data-element_type=\"column\" data-e-type=\"column\">\n\t\t\t<div class=\"elementor-widget-wrap elementor-element-populated\">\n\t\t\t\t\t\t<div class=\"elementor-element elementor-element-5d7d3c1 elementor-widget elementor-widget-heading\" data-id=\"5d7d3c1\" data-element_type=\"widget\" data-e-type=\"widget\" data-widget_type=\"heading.default\">\n\t\t\t\t<div class=\"elementor-widget-container\">\n\t\t\t\t\t<h1 class=\"elementor-heading-title elementor-size-default\">MP<\/h1>\t\t\t\t<\/div>\n\t\t\t\t<\/div>\n\t\t\t\t\t<\/div>\n\t\t<\/div>\n\t\t\t\t\t<\/div>\n\t\t<\/section>\n\t\t\t\t<section class=\"elementor-section elementor-top-section elementor-element elementor-element-7c9da77 elementor-section-boxed elementor-section-height-default elementor-section-height-default\" data-id=\"7c9da77\" data-element_type=\"section\" data-e-type=\"section\">\n\t\t\t\t\t\t<div class=\"elementor-container elementor-column-gap-default\">\n\t\t\t\t\t<div class=\"elementor-column elementor-col-100 elementor-top-column elementor-element elementor-element-4c7a0db\" data-id=\"4c7a0db\" data-element_type=\"column\" data-e-type=\"column\">\n\t\t\t<div class=\"elementor-widget-wrap elementor-element-populated\">\n\t\t\t\t\t\t<div class=\"elementor-element elementor-element-b2634b3 elementor-widget elementor-widget-spacer\" data-id=\"b2634b3\" data-element_type=\"widget\" data-e-type=\"widget\" data-widget_type=\"spacer.default\">\n\t\t\t\t<div class=\"elementor-widget-container\">\n\t\t\t\t\t\t\t<div class=\"elementor-spacer\">\n\t\t\t<div class=\"elementor-spacer-inner\"><\/div>\n\t\t<\/div>\n\t\t\t\t\t\t<\/div>\n\t\t\t\t<\/div>\n\t\t\t\t\t<\/div>\n\t\t<\/div>\n\t\t\t\t\t<\/div>\n\t\t<\/section>\n\t\t\t\t<section class=\"elementor-section elementor-top-section elementor-element elementor-element-f96efa6 elementor-section-boxed elementor-section-height-default elementor-section-height-default\" data-id=\"f96efa6\" data-element_type=\"section\" data-e-type=\"section\">\n\t\t\t\t\t\t<div class=\"elementor-container elementor-column-gap-default\">\n\t\t\t\t\t<div class=\"elementor-column elementor-col-100 elementor-top-column elementor-element elementor-element-9f6059c\" data-id=\"9f6059c\" data-element_type=\"column\" data-e-type=\"column\">\n\t\t\t<div class=\"elementor-widget-wrap elementor-element-populated\">\n\t\t\t\t\t\t<div class=\"elementor-element elementor-element-d95de08 elementor-widget elementor-widget-image\" data-id=\"d95de08\" data-element_type=\"widget\" data-e-type=\"widget\" data-widget_type=\"image.default\">\n\t\t\t\t<div class=\"elementor-widget-container\">\n\t\t\t\t\t\t\t\t\t\t\t\t\t\t\t<img fetchpriority=\"high\" decoding=\"async\" width=\"693\" height=\"152\" src=\"https:\/\/www.notredamedesion.fr\/lycee\/wp-content\/uploads\/2025\/03\/bannierorbitales.jpg\" class=\"attachment-large size-large wp-image-2893\" alt=\"\" srcset=\"https:\/\/www.notredamedesion.fr\/lycee\/wp-content\/uploads\/2025\/03\/bannierorbitales.jpg 693w, https:\/\/www.notredamedesion.fr\/lycee\/wp-content\/uploads\/2025\/03\/bannierorbitales-500x110.jpg 500w\" sizes=\"(max-width: 693px) 85vw, 693px\" \/>\t\t\t\t\t\t\t\t\t\t\t\t\t\t\t<\/div>\n\t\t\t\t<\/div>\n\t\t\t\t<div class=\"elementor-element elementor-element-274a8e8 elementor-widget elementor-widget-text-editor\" data-id=\"274a8e8\" data-element_type=\"widget\" data-e-type=\"widget\" data-widget_type=\"text-editor.default\">\n\t\t\t\t<div class=\"elementor-widget-container\">\n\t\t\t\t\t\t\t\t\t<h2>Pourquoi une pr\u00e9pa ?<\/h2><h3>Les fili\u00e8res d&rsquo;acc\u00e8s aux \u00e9coles<\/h3><h4>On entre en \u00e9cole d&rsquo;ing\u00e9nieur par 3 voies :<\/h4><ul><li>Apr\u00e8s le bac sur dossier pour les \u00e9coles dites \u00ab\u00a0\u00e0 pr\u00e9pa int\u00e9gr\u00e9e\u00a0\u00bb,<\/li><li>\u00c0 partir de la facult\u00e9 ou d&rsquo;un IUT sur dossier ou sur concours<\/li><li>\u00c0 partir des classes pr\u00e9paratoires sur concours ou plus rarement sur dossier.<\/li><\/ul><p>Les 3 types de cursus ont leurs avantages et leurs inconv\u00e9nients.<\/p><p>\u00a0<\/p><h4>Les pr\u00e9pa int\u00e9gr\u00e9es<\/h4><p>Elles paraissent plus rassurantes, puisqu&rsquo;on y \u00e9vite les concours d&rsquo;entr\u00e9e, mais il faut \u00eatre s\u00fbr d&rsquo;avoir choisi la bonne \u00e9cole d\u00e8s la sortie de terminale.<br \/>D&rsquo;autre part la s\u00e9lection interne y est souvent s\u00e9v\u00e8re, avec beaucoup d&rsquo;\u00e9liminations en fin de premi\u00e8re ann\u00e9e.<br \/>Noter enfin que la plupart de ces \u00e9coles imposent, pour un marseillais, un \u00e9loignement du cadre familial d\u00e8s la premi\u00e8re ann\u00e9e d&rsquo;\u00e9tudes sup\u00e9rieures, et beaucoup d&rsquo;\u00e9l\u00e8ves n&rsquo;y sont pas pr\u00eats.<\/p><p>Avec la convention que nous avons sign\u00e9e avec l&rsquo;ICAM Strasbourg, les \u00e9l\u00e8ves qui envisagent une pr\u00e9pa int\u00e9gr\u00e9e pourront faire leur cursus dans notre \u00e9tablissement et int\u00e9grer au bout de 2 ans l&rsquo;ICAM.<\/p><h4>L&rsquo;Universit\u00e9<\/h4><p>Elle pr\u00e9sente un cadre moins contraignant que la pr\u00e9pa, et une formation tr\u00e8s g\u00e9n\u00e9raliste, mais r\u00e9clame plus d&rsquo;autonomie dans l&rsquo;organisation du travail. Avec la convention que nous avons sign\u00e9e avec AMU, l&rsquo;inscription en parall\u00e8le \u00e0 l&rsquo;Universit\u00e9 est obligatoire.<\/p><h4>Les classes pr\u00e9paratoires<\/h4><p>Elles ont une r\u00e9putation d&rsquo;excellence et de duret\u00e9 qui peut intimider. On y est encadr\u00e9 de tr\u00e8s pr\u00e8s, dans une structure de lyc\u00e9e.<br \/>Ceci peut \u00eatre pesant pour certains, rassurant pour d&rsquo;autres.<br \/>Les programmes ne sont pas sp\u00e9cialement difficiles mais amples, et la cadence d&rsquo;acquisition \u00e9lev\u00e9e.<br \/>L&rsquo;\u00e9ventail des \u00e9coles accessibles est tr\u00e8s vaste, le choix \u00e9tant repouss\u00e9 \u00e0 la fin de la seconde ann\u00e9e, \u00e0 un moment o\u00f9 on conna\u00eet mieux ses aptitudes et ses centres d&rsquo;int\u00e9r\u00eats. Le partenariat sign\u00e9 avec l&rsquo;ICAM permettra aux \u00e9tudiants qui le souhaitent d&rsquo;int\u00e9grer l&rsquo;ICAM Strasbourg \u00e0 l&rsquo;issue de 2 ann\u00e9es de classe pr\u00e9paratoire dans notre \u00e9tablissement.<br \/>Les classes pr\u00e9paratoires sont par ailleurs habilit\u00e9es \u00e0 d\u00e9livrer \u00e0 leurs \u00e9tudiants les m\u00eames cr\u00e9dits d&rsquo;enseignement europ\u00e9ens ECTS que l&rsquo;Universit\u00e9<br \/>ECTS soit European Credit Transfer System<\/p><p>\u00a0<\/p><h3>La fili\u00e8re MP<\/h3><p>Parmi les diff\u00e9rentes fili\u00e8res, la MP, qui commence par la math sup MPSI, est, comme son nom l&rsquo;indique, \u00e0 dominante math et physique.<br \/>La r\u00e9ussite dans cette fili\u00e8re est conditionn\u00e9e par <a href=\"http:\/\/www.notredamedesion.fr\/prepas\/mpsi-et-mp\/presentation\/reussir\/\">plusieurs crit\u00e8res<\/a><br \/>Sur ces sujets, les r\u00e9ponses aux questions 4 \u00e0 9 de la <strong><a href=\"http:\/\/www.notredamedesion.fr\/prepas\/mpsi-et-mp\/faq\/\">FAQ <\/a><\/strong> peuvent vous aider.<\/p><p>Le minist\u00e8re a d\u00e9cid\u00e9 d&rsquo;attribuer la d\u00e9nomination MP\/MP* (Math\u00e9matiques, Physique, Sciences de l\u2019ing\u00e9nieur) \u00e0 notre classe de deuxi\u00e8me ann\u00e9e, \u00e0 compter de la rentr\u00e9e de septembre 2024.\u00a0<\/p><p>Tous les \u00e9l\u00e8ves qui poursuivront dans la fili\u00e8re iront dans cette classe, et l\u2019enseignement propos\u00e9 tiendra compte du niveau de chaque \u00e9tudiant, permettant \u00e0 tous les profils de s&rsquo;\u00e9panouir dans leurs capacit\u00e9s respectives.\u00a0Les \u00e9l\u00e8ves de MP et MP* seront regroup\u00e9s pour les cours mais auront, entre autres, des TD et des devoirs surveill\u00e9s diff\u00e9renci\u00e9s, adapt\u00e9s \u00e0 leur niveau et \u00e0 leurs objectifs aux concours.<\/p><p>Nos classes pr\u00e9paratoires existent depuis plus de 30 ans et cette d\u00e9cision de classe mixte, qui nous honore, est une reconnaissance du travail effectu\u00e9 depuis lors, par les \u00e9quipes p\u00e9dagogiques qui se sont succ\u00e9d\u00e9es, enti\u00e8rement d\u00e9vou\u00e9es \u00e0 la r\u00e9ussite et \u00e0\u00a0l&rsquo;\u00e9panouissement des \u00e9tudiants.\u00a0<\/p><p>\u00a0<\/p>\t\t\t\t\t\t\t\t<\/div>\n\t\t\t\t<\/div>\n\t\t\t\t<div class=\"elementor-element elementor-element-c45b4b0 elementor-widget elementor-widget-image\" data-id=\"c45b4b0\" data-element_type=\"widget\" data-e-type=\"widget\" data-widget_type=\"image.default\">\n\t\t\t\t<div class=\"elementor-widget-container\">\n\t\t\t\t\t\t\t\t\t\t\t\t\t\t\t<img decoding=\"async\" width=\"300\" height=\"347\" src=\"https:\/\/www.notredamedesion.fr\/lycee\/wp-content\/uploads\/2023\/06\/DL_07_Classe_Prepa-2.png\" class=\"attachment-large size-large wp-image-2012\" alt=\"\" \/>\t\t\t\t\t\t\t\t\t\t\t\t\t\t\t<\/div>\n\t\t\t\t<\/div>\n\t\t\t\t<div class=\"elementor-element elementor-element-0a04b6a elementor-widget elementor-widget-spacer\" data-id=\"0a04b6a\" data-element_type=\"widget\" data-e-type=\"widget\" data-widget_type=\"spacer.default\">\n\t\t\t\t<div class=\"elementor-widget-container\">\n\t\t\t\t\t\t\t<div class=\"elementor-spacer\">\n\t\t\t<div class=\"elementor-spacer-inner\"><\/div>\n\t\t<\/div>\n\t\t\t\t\t\t<\/div>\n\t\t\t\t<\/div>\n\t\t\t\t\t<\/div>\n\t\t<\/div>\n\t\t\t\t\t<\/div>\n\t\t<\/section>\n\t\t\t\t<\/div>\n\t\t","protected":false},"excerpt":{"rendered":"<p>MP Pourquoi une pr\u00e9pa ? Les fili\u00e8res d&rsquo;acc\u00e8s aux \u00e9coles On entre en \u00e9cole d&rsquo;ing\u00e9nieur par 3 voies : Apr\u00e8s le bac sur dossier pour les \u00e9coles dites \u00ab\u00a0\u00e0 pr\u00e9pa int\u00e9gr\u00e9e\u00a0\u00bb, \u00c0 partir de la facult\u00e9 ou d&rsquo;un IUT sur dossier ou sur concours \u00c0 partir des classes pr\u00e9paratoires sur concours ou plus rarement sur &hellip; <a href=\"https:\/\/www.notredamedesion.fr\/lycee\/prepa_mpsi_mp\/presentation\/mp-2\/\" class=\"more-link\">Continue reading<span class=\"screen-reader-text\"> \u00ab\u00a0MP\u00a0\u00bb<\/span><\/a><\/p>\n","protected":false},"author":3,"featured_media":0,"parent":4446,"menu_order":2,"comment_status":"closed","ping_status":"closed","template":"elementor_header_footer","meta":{"sfsi_plus_gutenberg_text_before_share":"","sfsi_plus_gutenberg_show_text_before_share":"","sfsi_plus_gutenberg_icon_type":"","sfsi_plus_gutenberg_icon_alignemt":"","sfsi_plus_gutenburg_max_per_row":"","footnotes":""},"class_list":["post-4476","page","type-page","status-publish","hentry"],"_links":{"self":[{"href":"https:\/\/www.notredamedesion.fr\/lycee\/wp-json\/wp\/v2\/pages\/4476","targetHints":{"allow":["GET"]}}],"collection":[{"href":"https:\/\/www.notredamedesion.fr\/lycee\/wp-json\/wp\/v2\/pages"}],"about":[{"href":"https:\/\/www.notredamedesion.fr\/lycee\/wp-json\/wp\/v2\/types\/page"}],"author":[{"embeddable":true,"href":"https:\/\/www.notredamedesion.fr\/lycee\/wp-json\/wp\/v2\/users\/3"}],"replies":[{"embeddable":true,"href":"https:\/\/www.notredamedesion.fr\/lycee\/wp-json\/wp\/v2\/comments?post=4476"}],"version-history":[{"count":4,"href":"https:\/\/www.notredamedesion.fr\/lycee\/wp-json\/wp\/v2\/pages\/4476\/revisions"}],"predecessor-version":[{"id":4480,"href":"https:\/\/www.notredamedesion.fr\/lycee\/wp-json\/wp\/v2\/pages\/4476\/revisions\/4480"}],"up":[{"embeddable":true,"href":"https:\/\/www.notredamedesion.fr\/lycee\/wp-json\/wp\/v2\/pages\/4446"}],"wp:attachment":[{"href":"https:\/\/www.notredamedesion.fr\/lycee\/wp-json\/wp\/v2\/media?parent=4476"}],"curies":[{"name":"wp","href":"https:\/\/api.w.org\/{rel}","templated":true}]}}