{"id":4460,"date":"2025-10-24T13:27:42","date_gmt":"2025-10-24T12:27:42","guid":{"rendered":"https:\/\/www.notredamedesion.fr\/lycee\/?page_id=4460"},"modified":"2025-11-05T20:19:26","modified_gmt":"2025-11-05T19:19:26","slug":"mp","status":"publish","type":"page","link":"https:\/\/www.notredamedesion.fr\/lycee\/prepa_mpsi_mp\/presentation\/mp\/","title":{"rendered":"R\u00e9ussir"},"content":{"rendered":"\t\t<div data-elementor-type=\"wp-post\" data-elementor-id=\"4460\" class=\"elementor elementor-4460\">\n\t\t\t\t\t\t<section class=\"elementor-section elementor-top-section elementor-element elementor-element-51ef4b7 elementor-section-stretched lt-services elementor-section-boxed elementor-section-height-default elementor-section-height-default\" data-id=\"51ef4b7\" data-element_type=\"section\" data-e-type=\"section\" data-settings=\"{&quot;stretch_section&quot;:&quot;section-stretched&quot;,&quot;background_background&quot;:&quot;classic&quot;,&quot;shape_divider_bottom&quot;:&quot;tilt&quot;}\">\n\t\t\t\t\t<div class=\"elementor-shape elementor-shape-bottom\" aria-hidden=\"true\" data-negative=\"false\">\n\t\t\t<svg xmlns=\"http:\/\/www.w3.org\/2000\/svg\" viewBox=\"0 0 1000 100\" preserveAspectRatio=\"none\">\n\t<path class=\"elementor-shape-fill\" d=\"M0,6V0h1000v100L0,6z\"\/>\n<\/svg>\t\t<\/div>\n\t\t\t\t\t<div class=\"elementor-container elementor-column-gap-default\">\n\t\t\t\t\t<div class=\"elementor-column elementor-col-100 elementor-top-column elementor-element elementor-element-4435425\" data-id=\"4435425\" data-element_type=\"column\" data-e-type=\"column\">\n\t\t\t<div class=\"elementor-widget-wrap\">\n\t\t\t\t\t\t\t<\/div>\n\t\t<\/div>\n\t\t\t\t\t<\/div>\n\t\t<\/section>\n\t\t\t\t<section class=\"elementor-section elementor-top-section elementor-element elementor-element-64fd299 elementor-section-boxed elementor-section-height-default elementor-section-height-default\" data-id=\"64fd299\" data-element_type=\"section\" data-e-type=\"section\">\n\t\t\t\t\t\t<div class=\"elementor-container elementor-column-gap-default\">\n\t\t\t\t\t<div class=\"elementor-column elementor-col-100 elementor-top-column elementor-element elementor-element-b8e7ca1\" data-id=\"b8e7ca1\" data-element_type=\"column\" data-e-type=\"column\">\n\t\t\t<div class=\"elementor-widget-wrap elementor-element-populated\">\n\t\t\t\t\t\t<div class=\"elementor-element elementor-element-5d7d3c1 elementor-widget elementor-widget-heading\" data-id=\"5d7d3c1\" data-element_type=\"widget\" data-e-type=\"widget\" data-widget_type=\"heading.default\">\n\t\t\t\t<div class=\"elementor-widget-container\">\n\t\t\t\t\t<h1 class=\"elementor-heading-title elementor-size-default\">R\u00c9USSIR<\/h1>\t\t\t\t<\/div>\n\t\t\t\t<\/div>\n\t\t\t\t\t<\/div>\n\t\t<\/div>\n\t\t\t\t\t<\/div>\n\t\t<\/section>\n\t\t\t\t<section class=\"elementor-section elementor-top-section elementor-element elementor-element-7c9da77 elementor-section-boxed elementor-section-height-default elementor-section-height-default\" data-id=\"7c9da77\" data-element_type=\"section\" data-e-type=\"section\">\n\t\t\t\t\t\t<div class=\"elementor-container elementor-column-gap-default\">\n\t\t\t\t\t<div class=\"elementor-column elementor-col-100 elementor-top-column elementor-element elementor-element-4c7a0db\" data-id=\"4c7a0db\" data-element_type=\"column\" data-e-type=\"column\">\n\t\t\t<div class=\"elementor-widget-wrap elementor-element-populated\">\n\t\t\t\t\t\t<div class=\"elementor-element elementor-element-b2634b3 elementor-widget elementor-widget-spacer\" data-id=\"b2634b3\" data-element_type=\"widget\" data-e-type=\"widget\" data-widget_type=\"spacer.default\">\n\t\t\t\t<div class=\"elementor-widget-container\">\n\t\t\t\t\t\t\t<div class=\"elementor-spacer\">\n\t\t\t<div class=\"elementor-spacer-inner\"><\/div>\n\t\t<\/div>\n\t\t\t\t\t\t<\/div>\n\t\t\t\t<\/div>\n\t\t\t\t\t<\/div>\n\t\t<\/div>\n\t\t\t\t\t<\/div>\n\t\t<\/section>\n\t\t\t\t<section class=\"elementor-section elementor-top-section elementor-element elementor-element-f96efa6 elementor-section-boxed elementor-section-height-default elementor-section-height-default\" data-id=\"f96efa6\" data-element_type=\"section\" data-e-type=\"section\">\n\t\t\t\t\t\t<div class=\"elementor-container elementor-column-gap-default\">\n\t\t\t\t\t<div class=\"elementor-column elementor-col-100 elementor-top-column elementor-element elementor-element-9f6059c\" data-id=\"9f6059c\" data-element_type=\"column\" data-e-type=\"column\">\n\t\t\t<div class=\"elementor-widget-wrap elementor-element-populated\">\n\t\t\t\t\t\t<div class=\"elementor-element elementor-element-d95de08 elementor-widget elementor-widget-image\" data-id=\"d95de08\" data-element_type=\"widget\" data-e-type=\"widget\" data-widget_type=\"image.default\">\n\t\t\t\t<div class=\"elementor-widget-container\">\n\t\t\t\t\t\t\t\t\t\t\t\t\t\t\t<img fetchpriority=\"high\" decoding=\"async\" width=\"693\" height=\"152\" src=\"https:\/\/www.notredamedesion.fr\/lycee\/wp-content\/uploads\/2025\/03\/banniersurface3.jpg\" class=\"attachment-large size-large wp-image-2901\" alt=\"\" srcset=\"https:\/\/www.notredamedesion.fr\/lycee\/wp-content\/uploads\/2025\/03\/banniersurface3.jpg 693w, https:\/\/www.notredamedesion.fr\/lycee\/wp-content\/uploads\/2025\/03\/banniersurface3-500x110.jpg 500w\" sizes=\"(max-width: 693px) 85vw, 693px\" \/>\t\t\t\t\t\t\t\t\t\t\t\t\t\t\t<\/div>\n\t\t\t\t<\/div>\n\t\t\t\t<div class=\"elementor-element elementor-element-274a8e8 elementor-widget elementor-widget-text-editor\" data-id=\"274a8e8\" data-element_type=\"widget\" data-e-type=\"widget\" data-widget_type=\"text-editor.default\">\n\t\t\t\t<div class=\"elementor-widget-container\">\n\t\t\t\t\t\t\t\t\t<h2>R\u00e9ussir dans la voie MP<\/h2><p>Comme partout dans l&rsquo;enseignement sup\u00e9rieur, toute r\u00e9ussite est un dosage personnel entre des aptitudes, du travail et un \u00ab\u00a0moral\u00a0\u00bb solide.<br \/>La cadence du travail est dans toutes les voies nettement sup\u00e9rieure \u00e0 ce qu&rsquo;elle est g\u00e9n\u00e9ralement en terminale ces derni\u00e8res ann\u00e9es.<br \/>C&rsquo;est en classe pr\u00e9paratoire qu&rsquo;elle est la plus forte, avec un caract\u00e8re obligatoire d\u00fb aux contraintes d&rsquo;une \u00e9valuation tr\u00e8s fr\u00e9quente: devoirs surveill\u00e9s, devoirs en temps libre, interrogations \u00e9crites et orales, tous hebdomadaires.<\/p><h2>Les aptitudes initiales<\/h2><p>Plus les bases seront assur\u00e9es et mieux ce sera. Nombre d&rsquo;\u00e9l\u00e8ves sont en difficult\u00e9 non pas sur les nouvelles connaissances apport\u00e9es en classe pr\u00e9pa, mais \u00e0 cause de lacunes anciennes qui les retardent ou les arr\u00eatent.<br \/>S&rsquo;agissant de la voie MP, c&rsquo;est en math\u00e9matiques que le barrage sera le plus s\u00e9v\u00e8re quant aux aptitudes initiales.<br \/>N&rsquo;envisagez une MP que si vous aimez les math\u00e9matiques et la physique et, ind\u00e9pendamment de vos r\u00e9sultats, si vous n&rsquo;avez pas ressenti de difficult\u00e9s \u00e0 les comprendre en premi\u00e8re et terminale.<br \/>Les performances en langue vivante et en fran\u00e7ais sont tr\u00e8s importantes aux concours.<br \/>Un gros d\u00e9ficit dans ces mati\u00e8res serait donc un handicap.<br \/>Cependant, bien que le quota d&rsquo;heures allou\u00e9 \u00e0 ces mati\u00e8res soit modeste, on voit des \u00e9l\u00e8ves motiv\u00e9s faire de r\u00e9els progr\u00e8s en classe pr\u00e9pa, pourvu qu&rsquo;on veuille bien donner aux mati\u00e8res litt\u00e9raires le place qui leur est due, comme <a href=\"http:\/\/www.notredamedesion.fr\/prepas\/mpsi-et-mp\/notre-prepa\/charte-educative\/\">nous le faisons.<\/a><\/p><h2>Le travail personnel<\/h2><p>La premi\u00e8re r\u00e8gle est de ne pas se mettre en retard dans l&rsquo;assimilation des connaissances.<br \/>Il faut donc beaucoup de rigueur dans l&rsquo;organisation du travail personnel, qui doit \u00eatre tr\u00e8s r\u00e9gulier.<br \/>En moyenne il faut donner entre 25 et 30 heures de travail personnel par semaine.<br \/>Si l&#8217;emploi du temps de votre pr\u00e9pa a \u00e9t\u00e9 pens\u00e9 en fonction de cette contrainte, il peut vous faciliter la t\u00e2che. C&rsquo;est le cas <a href=\"http:\/\/www.notredamedesion.fr\/prepas\/mpsi-et-mp\/notre-prepa\/\">avec notre organisation<\/a><\/p><h2>Le moral<\/h2><p>Les \u00e9tudes en pr\u00e9pa sont fatigantes et les r\u00e9sultats souvent d\u00e9cevants, en tous cas au d\u00e9but. Il faut du caract\u00e8re pour remettre en cause ses habitudes et m\u00e9thodes de travail. Souvent la phase de d\u00e9collage dure et il faut garder confiance et puiser dans ses ressources d&rsquo;endurance. La r\u00e9ussite d\u00e9pend autant de ces qualit\u00e9s morales que des capacit\u00e9s intellectuelles.<br \/>Les choses seront moins difficiles dans une pr\u00e9pa o\u00f9 le climat sera bon et o\u00f9 on se sentira encourag\u00e9 par les professeurs et soutenu par les camarades de classe. C&rsquo;est bien s\u00fbr ce que nous avons \u00e9crit dans <a href=\"http:\/\/www.notredamedesion.fr\/prepas\/mpsi-et-mp\/notre-prepa\/charte-educative\/\">notre charte \u00e9ducative<\/a><\/p>\t\t\t\t\t\t\t\t<\/div>\n\t\t\t\t<\/div>\n\t\t\t\t<div class=\"elementor-element elementor-element-c45b4b0 elementor-widget elementor-widget-image\" data-id=\"c45b4b0\" data-element_type=\"widget\" data-e-type=\"widget\" data-widget_type=\"image.default\">\n\t\t\t\t<div class=\"elementor-widget-container\">\n\t\t\t\t\t\t\t\t\t\t\t\t\t\t\t<img decoding=\"async\" width=\"300\" height=\"347\" src=\"https:\/\/www.notredamedesion.fr\/lycee\/wp-content\/uploads\/2023\/06\/DL_07_Classe_Prepa-2.png\" class=\"attachment-large size-large wp-image-2012\" alt=\"\" \/>\t\t\t\t\t\t\t\t\t\t\t\t\t\t\t<\/div>\n\t\t\t\t<\/div>\n\t\t\t\t<div class=\"elementor-element elementor-element-0a04b6a elementor-widget elementor-widget-spacer\" data-id=\"0a04b6a\" data-element_type=\"widget\" data-e-type=\"widget\" data-widget_type=\"spacer.default\">\n\t\t\t\t<div class=\"elementor-widget-container\">\n\t\t\t\t\t\t\t<div class=\"elementor-spacer\">\n\t\t\t<div class=\"elementor-spacer-inner\"><\/div>\n\t\t<\/div>\n\t\t\t\t\t\t<\/div>\n\t\t\t\t<\/div>\n\t\t\t\t\t<\/div>\n\t\t<\/div>\n\t\t\t\t\t<\/div>\n\t\t<\/section>\n\t\t\t\t<\/div>\n\t\t","protected":false},"excerpt":{"rendered":"<p>R\u00c9USSIR R\u00e9ussir dans la voie MP Comme partout dans l&rsquo;enseignement sup\u00e9rieur, toute r\u00e9ussite est un dosage personnel entre des aptitudes, du travail et un \u00ab\u00a0moral\u00a0\u00bb solide.La cadence du travail est dans toutes les voies nettement sup\u00e9rieure \u00e0 ce qu&rsquo;elle est g\u00e9n\u00e9ralement en terminale ces derni\u00e8res ann\u00e9es.C&rsquo;est en classe pr\u00e9paratoire qu&rsquo;elle est la plus forte, avec &hellip; <a href=\"https:\/\/www.notredamedesion.fr\/lycee\/prepa_mpsi_mp\/presentation\/mp\/\" class=\"more-link\">Continue reading<span class=\"screen-reader-text\"> \u00ab\u00a0R\u00e9ussir\u00a0\u00bb<\/span><\/a><\/p>\n","protected":false},"author":3,"featured_media":0,"parent":4446,"menu_order":3,"comment_status":"closed","ping_status":"closed","template":"elementor_header_footer","meta":{"sfsi_plus_gutenberg_text_before_share":"","sfsi_plus_gutenberg_show_text_before_share":"","sfsi_plus_gutenberg_icon_type":"","sfsi_plus_gutenberg_icon_alignemt":"","sfsi_plus_gutenburg_max_per_row":"","footnotes":""},"class_list":["post-4460","page","type-page","status-publish","hentry"],"_links":{"self":[{"href":"https:\/\/www.notredamedesion.fr\/lycee\/wp-json\/wp\/v2\/pages\/4460","targetHints":{"allow":["GET"]}}],"collection":[{"href":"https:\/\/www.notredamedesion.fr\/lycee\/wp-json\/wp\/v2\/pages"}],"about":[{"href":"https:\/\/www.notredamedesion.fr\/lycee\/wp-json\/wp\/v2\/types\/page"}],"author":[{"embeddable":true,"href":"https:\/\/www.notredamedesion.fr\/lycee\/wp-json\/wp\/v2\/users\/3"}],"replies":[{"embeddable":true,"href":"https:\/\/www.notredamedesion.fr\/lycee\/wp-json\/wp\/v2\/comments?post=4460"}],"version-history":[{"count":13,"href":"https:\/\/www.notredamedesion.fr\/lycee\/wp-json\/wp\/v2\/pages\/4460\/revisions"}],"predecessor-version":[{"id":4660,"href":"https:\/\/www.notredamedesion.fr\/lycee\/wp-json\/wp\/v2\/pages\/4460\/revisions\/4660"}],"up":[{"embeddable":true,"href":"https:\/\/www.notredamedesion.fr\/lycee\/wp-json\/wp\/v2\/pages\/4446"}],"wp:attachment":[{"href":"https:\/\/www.notredamedesion.fr\/lycee\/wp-json\/wp\/v2\/media?parent=4460"}],"curies":[{"name":"wp","href":"https:\/\/api.w.org\/{rel}","templated":true}]}}