{"id":4454,"date":"2025-10-24T13:22:48","date_gmt":"2025-10-24T12:22:48","guid":{"rendered":"https:\/\/www.notredamedesion.fr\/lycee\/?page_id=4454"},"modified":"2025-11-05T20:18:15","modified_gmt":"2025-11-05T19:18:15","slug":"debouches","status":"publish","type":"page","link":"https:\/\/www.notredamedesion.fr\/lycee\/prepa_mpsi_mp\/presentation\/debouches\/","title":{"rendered":"D\u00e9bouch\u00e9s"},"content":{"rendered":"\t\t<div data-elementor-type=\"wp-post\" data-elementor-id=\"4454\" class=\"elementor elementor-4454\">\n\t\t\t\t\t\t<section class=\"elementor-section elementor-top-section elementor-element elementor-element-51ef4b7 elementor-section-stretched lt-services elementor-section-boxed elementor-section-height-default elementor-section-height-default\" data-id=\"51ef4b7\" data-element_type=\"section\" data-e-type=\"section\" data-settings=\"{&quot;stretch_section&quot;:&quot;section-stretched&quot;,&quot;background_background&quot;:&quot;classic&quot;,&quot;shape_divider_bottom&quot;:&quot;tilt&quot;}\">\n\t\t\t\t\t<div class=\"elementor-shape elementor-shape-bottom\" aria-hidden=\"true\" data-negative=\"false\">\n\t\t\t<svg xmlns=\"http:\/\/www.w3.org\/2000\/svg\" viewBox=\"0 0 1000 100\" preserveAspectRatio=\"none\">\n\t<path class=\"elementor-shape-fill\" d=\"M0,6V0h1000v100L0,6z\"\/>\n<\/svg>\t\t<\/div>\n\t\t\t\t\t<div class=\"elementor-container elementor-column-gap-default\">\n\t\t\t\t\t<div class=\"elementor-column elementor-col-100 elementor-top-column elementor-element elementor-element-4435425\" data-id=\"4435425\" data-element_type=\"column\" data-e-type=\"column\">\n\t\t\t<div class=\"elementor-widget-wrap\">\n\t\t\t\t\t\t\t<\/div>\n\t\t<\/div>\n\t\t\t\t\t<\/div>\n\t\t<\/section>\n\t\t\t\t<section class=\"elementor-section elementor-top-section elementor-element elementor-element-64fd299 elementor-section-boxed elementor-section-height-default elementor-section-height-default\" data-id=\"64fd299\" data-element_type=\"section\" data-e-type=\"section\">\n\t\t\t\t\t\t<div class=\"elementor-container elementor-column-gap-default\">\n\t\t\t\t\t<div class=\"elementor-column elementor-col-100 elementor-top-column elementor-element elementor-element-b8e7ca1\" data-id=\"b8e7ca1\" data-element_type=\"column\" data-e-type=\"column\">\n\t\t\t<div class=\"elementor-widget-wrap elementor-element-populated\">\n\t\t\t\t\t\t<div class=\"elementor-element elementor-element-5d7d3c1 elementor-widget elementor-widget-heading\" data-id=\"5d7d3c1\" data-element_type=\"widget\" data-e-type=\"widget\" data-widget_type=\"heading.default\">\n\t\t\t\t<div class=\"elementor-widget-container\">\n\t\t\t\t\t<h1 class=\"elementor-heading-title elementor-size-default\">D\u00c9BOUCH\u00c9S<\/h1>\t\t\t\t<\/div>\n\t\t\t\t<\/div>\n\t\t\t\t\t<\/div>\n\t\t<\/div>\n\t\t\t\t\t<\/div>\n\t\t<\/section>\n\t\t\t\t<section class=\"elementor-section elementor-top-section elementor-element elementor-element-7c9da77 elementor-section-boxed elementor-section-height-default elementor-section-height-default\" data-id=\"7c9da77\" data-element_type=\"section\" data-e-type=\"section\">\n\t\t\t\t\t\t<div class=\"elementor-container elementor-column-gap-default\">\n\t\t\t\t\t<div class=\"elementor-column elementor-col-100 elementor-top-column elementor-element elementor-element-4c7a0db\" data-id=\"4c7a0db\" data-element_type=\"column\" data-e-type=\"column\">\n\t\t\t<div class=\"elementor-widget-wrap elementor-element-populated\">\n\t\t\t\t\t\t<div class=\"elementor-element elementor-element-b2634b3 elementor-widget elementor-widget-spacer\" data-id=\"b2634b3\" data-element_type=\"widget\" data-e-type=\"widget\" data-widget_type=\"spacer.default\">\n\t\t\t\t<div class=\"elementor-widget-container\">\n\t\t\t\t\t\t\t<div class=\"elementor-spacer\">\n\t\t\t<div class=\"elementor-spacer-inner\"><\/div>\n\t\t<\/div>\n\t\t\t\t\t\t<\/div>\n\t\t\t\t<\/div>\n\t\t\t\t\t<\/div>\n\t\t<\/div>\n\t\t\t\t\t<\/div>\n\t\t<\/section>\n\t\t\t\t<section class=\"elementor-section elementor-top-section elementor-element elementor-element-f96efa6 elementor-section-boxed elementor-section-height-default elementor-section-height-default\" data-id=\"f96efa6\" data-element_type=\"section\" data-e-type=\"section\">\n\t\t\t\t\t\t<div class=\"elementor-container elementor-column-gap-default\">\n\t\t\t\t\t<div class=\"elementor-column elementor-col-100 elementor-top-column elementor-element elementor-element-9f6059c\" data-id=\"9f6059c\" data-element_type=\"column\" data-e-type=\"column\">\n\t\t\t<div class=\"elementor-widget-wrap elementor-element-populated\">\n\t\t\t\t\t\t<div class=\"elementor-element elementor-element-d95de08 elementor-widget elementor-widget-image\" data-id=\"d95de08\" data-element_type=\"widget\" data-e-type=\"widget\" data-widget_type=\"image.default\">\n\t\t\t\t<div class=\"elementor-widget-container\">\n\t\t\t\t\t\t\t\t\t\t\t\t\t\t\t<img fetchpriority=\"high\" decoding=\"async\" width=\"693\" height=\"152\" src=\"https:\/\/www.notredamedesion.fr\/lycee\/wp-content\/uploads\/2025\/03\/bannierscientif8.jpg\" class=\"attachment-large size-large wp-image-2889\" alt=\"\" srcset=\"https:\/\/www.notredamedesion.fr\/lycee\/wp-content\/uploads\/2025\/03\/bannierscientif8.jpg 693w, https:\/\/www.notredamedesion.fr\/lycee\/wp-content\/uploads\/2025\/03\/bannierscientif8-500x110.jpg 500w\" sizes=\"(max-width: 693px) 85vw, 693px\" \/>\t\t\t\t\t\t\t\t\t\t\t\t\t\t\t<\/div>\n\t\t\t\t<\/div>\n\t\t\t\t<div class=\"elementor-element elementor-element-274a8e8 elementor-widget elementor-widget-text-editor\" data-id=\"274a8e8\" data-element_type=\"widget\" data-e-type=\"widget\" data-widget_type=\"text-editor.default\">\n\t\t\t\t<div class=\"elementor-widget-container\">\n\t\t\t\t\t\t\t\t\t<h3>Apr\u00e8s la pr\u00e9pa, quelles perspectives?<\/h3><h4>Les m\u00e9tiers des ing\u00e9nieurs.<\/h4><p>Les classes pr\u00e9paratoires vous conduiront aux concours d&rsquo;entr\u00e9e des \u00e9coles d&rsquo;ing\u00e9nieurs.<br \/>Un engagement dans cette fili\u00e8re d&rsquo;\u00e9tude ne peut donc s&rsquo;envisager sans une connaissance assez compl\u00e8te des \u00e9coles et des m\u00e9tiers d&rsquo;ing\u00e9nieurs.<br \/>Un premier point important : ing\u00e9nieur est une qualification et non un m\u00e9tier. Les \u00e9coles d\u00e9livrent le titre d&rsquo;ing\u00e9nieur sous des conditions tr\u00e8s pr\u00e9cises r\u00e9gies par <a href=\"http:\/\/www.cti-commission.fr\/\">une commission officielle<\/a>. Les ing\u00e9nieurs font des m\u00e9tiers tr\u00e8s divers.<br \/>Certains sont tr\u00e8s proches de la production, d&rsquo;autres sont plus administratifs, ou commerciaux.<br \/>Certains sont dans de tr\u00e8s grosses entreprises multinationales et d&rsquo;autres dans des PME minuscules.<br \/>Certains ont un statut de fonctionnaire ou assimil\u00e9, et d&rsquo;autres sont entrepreneurs \u00e0 leur compte.<\/p><p>Le seul point commun est une comp\u00e9tence scientifique et technique \u00e0 la base, qui est ensuite \u00e9ventuellement compl\u00e9t\u00e9e dans des domaines diff\u00e9rents: gestion, finance, commerce, etc.<\/p><h4>Quelques sources d&rsquo;informations.<\/h4><h4>Vous pourrez avoir une id\u00e9e pr\u00e9cise de ces m\u00e9tiers en visitant quelques sites:<\/h4><p>\u00a0<\/p><ul><li><strong><a href=\"http:\/\/www.cefi.org\/cefiblog\/sites-emplois\/\" target=\"_blank\" rel=\"noopener\">site du CEFI<\/a><\/strong><\/li><li><strong><a href=\"http:\/\/www.lesmetiers.net\/france5\/index-fr.php\" target=\"_blank\" rel=\"noopener\">le dico des m\u00e9tiers<\/a><\/strong><\/li><li><strong><a href=\"https:\/\/www.orientation-pour-tous.fr\/spip.php?page=recherche&amp;rubrique=metiers&amp;recherche=ingenieur\" target=\"_blank\" rel=\"noopener\">orientation-formation<\/a><\/strong><\/li><li><a href=\"http:\/\/www.onisep.fr\/\" target=\"_blank\" rel=\"noopener\"><strong> site de l&rsquo;onisep<\/strong> <\/a><\/li><\/ul><p>Nous vous proposons aussi les <a href=\"http:\/\/www.notredamedesion.fr\/prepas\/mpsi-et-mp\/temoignages\/\">t\u00e9moignages <\/a> de quelques uns de nos anciens \u00e9l\u00e8ves.<br \/>Ils \u00e9voquent leur profil de lyc\u00e9ens, leurs ann\u00e9es en pr\u00e9pa \u00e0 Sion, leurs concours et l&rsquo;\u00e9cole qu&rsquo;ils ont int\u00e9gr\u00e9, puis leurs m\u00e9tiers.<\/p><p>Si un m\u00e9tier ou un domaine d&rsquo;activit\u00e9 vous attire, il faut chercher ensuite les <a href=\"http:\/\/www.notredamedesion.fr\/prepas\/mpsi-et-mp\/ecoles\/\">\u00e9coles<\/a> qui peuvent vous y pr\u00e9parer au mieux.<\/p><p>Vous trouverez encore quelques \u00e9l\u00e9ments de r\u00e9flexion dans les r\u00e9ponses aux trois premi\u00e8res questions de la <strong><a href=\"http:\/\/www.notredamedesion.fr\/prepas\/mpsi-et-mp\/faq\/\">FAQ<\/a><\/strong><\/p>\t\t\t\t\t\t\t\t<\/div>\n\t\t\t\t<\/div>\n\t\t\t\t<div class=\"elementor-element elementor-element-c45b4b0 elementor-widget elementor-widget-image\" data-id=\"c45b4b0\" data-element_type=\"widget\" data-e-type=\"widget\" data-widget_type=\"image.default\">\n\t\t\t\t<div class=\"elementor-widget-container\">\n\t\t\t\t\t\t\t\t\t\t\t\t\t\t\t<img decoding=\"async\" width=\"300\" height=\"347\" src=\"https:\/\/www.notredamedesion.fr\/lycee\/wp-content\/uploads\/2023\/06\/DL_07_Classe_Prepa-2.png\" class=\"attachment-large size-large wp-image-2012\" alt=\"\" \/>\t\t\t\t\t\t\t\t\t\t\t\t\t\t\t<\/div>\n\t\t\t\t<\/div>\n\t\t\t\t<div class=\"elementor-element elementor-element-0a04b6a elementor-widget elementor-widget-spacer\" data-id=\"0a04b6a\" data-element_type=\"widget\" data-e-type=\"widget\" data-widget_type=\"spacer.default\">\n\t\t\t\t<div class=\"elementor-widget-container\">\n\t\t\t\t\t\t\t<div class=\"elementor-spacer\">\n\t\t\t<div class=\"elementor-spacer-inner\"><\/div>\n\t\t<\/div>\n\t\t\t\t\t\t<\/div>\n\t\t\t\t<\/div>\n\t\t\t\t\t<\/div>\n\t\t<\/div>\n\t\t\t\t\t<\/div>\n\t\t<\/section>\n\t\t\t\t<\/div>\n\t\t","protected":false},"excerpt":{"rendered":"<p>D\u00c9BOUCH\u00c9S Apr\u00e8s la pr\u00e9pa, quelles perspectives? Les m\u00e9tiers des ing\u00e9nieurs. Les classes pr\u00e9paratoires vous conduiront aux concours d&rsquo;entr\u00e9e des \u00e9coles d&rsquo;ing\u00e9nieurs.Un engagement dans cette fili\u00e8re d&rsquo;\u00e9tude ne peut donc s&rsquo;envisager sans une connaissance assez compl\u00e8te des \u00e9coles et des m\u00e9tiers d&rsquo;ing\u00e9nieurs.Un premier point important : ing\u00e9nieur est une qualification et non un m\u00e9tier. Les \u00e9coles &hellip; <a href=\"https:\/\/www.notredamedesion.fr\/lycee\/prepa_mpsi_mp\/presentation\/debouches\/\" class=\"more-link\">Continue reading<span class=\"screen-reader-text\"> \u00ab\u00a0D\u00e9bouch\u00e9s\u00a0\u00bb<\/span><\/a><\/p>\n","protected":false},"author":3,"featured_media":0,"parent":4446,"menu_order":1,"comment_status":"closed","ping_status":"closed","template":"elementor_header_footer","meta":{"sfsi_plus_gutenberg_text_before_share":"","sfsi_plus_gutenberg_show_text_before_share":"","sfsi_plus_gutenberg_icon_type":"","sfsi_plus_gutenberg_icon_alignemt":"","sfsi_plus_gutenburg_max_per_row":"","footnotes":""},"class_list":["post-4454","page","type-page","status-publish","hentry"],"_links":{"self":[{"href":"https:\/\/www.notredamedesion.fr\/lycee\/wp-json\/wp\/v2\/pages\/4454","targetHints":{"allow":["GET"]}}],"collection":[{"href":"https:\/\/www.notredamedesion.fr\/lycee\/wp-json\/wp\/v2\/pages"}],"about":[{"href":"https:\/\/www.notredamedesion.fr\/lycee\/wp-json\/wp\/v2\/types\/page"}],"author":[{"embeddable":true,"href":"https:\/\/www.notredamedesion.fr\/lycee\/wp-json\/wp\/v2\/users\/3"}],"replies":[{"embeddable":true,"href":"https:\/\/www.notredamedesion.fr\/lycee\/wp-json\/wp\/v2\/comments?post=4454"}],"version-history":[{"count":7,"href":"https:\/\/www.notredamedesion.fr\/lycee\/wp-json\/wp\/v2\/pages\/4454\/revisions"}],"predecessor-version":[{"id":4657,"href":"https:\/\/www.notredamedesion.fr\/lycee\/wp-json\/wp\/v2\/pages\/4454\/revisions\/4657"}],"up":[{"embeddable":true,"href":"https:\/\/www.notredamedesion.fr\/lycee\/wp-json\/wp\/v2\/pages\/4446"}],"wp:attachment":[{"href":"https:\/\/www.notredamedesion.fr\/lycee\/wp-json\/wp\/v2\/media?parent=4454"}],"curies":[{"name":"wp","href":"https:\/\/api.w.org\/{rel}","templated":true}]}}