{"id":3,"date":"2019-02-21T02:49:34","date_gmt":"2019-02-21T01:49:34","guid":{"rendered":"https:\/\/www.notredamedesion.fr\/lycee\/?page_id=3"},"modified":"2025-09-20T15:41:38","modified_gmt":"2025-09-20T14:41:38","slug":"mentions-legales","status":"publish","type":"page","link":"https:\/\/www.notredamedesion.fr\/lycee\/mentions-legales\/","title":{"rendered":"Mentions l\u00e9gales"},"content":{"rendered":"\t\t<div data-elementor-type=\"wp-page\" data-elementor-id=\"3\" class=\"elementor elementor-3\">\n\t\t\t\t\t\t<section class=\"elementor-section elementor-top-section elementor-element elementor-element-d067bc9 elementor-section-boxed elementor-section-height-default elementor-section-height-default\" data-id=\"d067bc9\" data-element_type=\"section\" data-e-type=\"section\">\n\t\t\t\t\t\t<div class=\"elementor-container elementor-column-gap-default\">\n\t\t\t\t\t<div class=\"elementor-column elementor-col-100 elementor-top-column elementor-element elementor-element-b8b1155\" data-id=\"b8b1155\" data-element_type=\"column\" data-e-type=\"column\">\n\t\t\t<div class=\"elementor-widget-wrap elementor-element-populated\">\n\t\t\t\t\t\t<div class=\"elementor-element elementor-element-8d48a3d elementor-widget elementor-widget-text-editor\" data-id=\"8d48a3d\" data-element_type=\"widget\" data-e-type=\"widget\" data-widget_type=\"text-editor.default\">\n\t\t\t\t<div class=\"elementor-widget-container\">\n\t\t\t\t\t\t\t\t\t<h3><strong>Propri\u00e9taire, \u00e9diteur et responsable de la mise \u00e0 jour du site&nbsp;<\/strong><strong>www.notredamedesion.fr<\/strong>&nbsp;:<\/h3>\n<p><strong>Adresse&nbsp;:<\/strong>&nbsp;Lyc\u00e9e Notre Dame de Sion Marseille<br>231 Rue Paradis<br>13006 MARSEILLE<br><strong>Messagerie \u00e9lectronique<\/strong>&nbsp;: contact@notredamedesion.fr<br><strong>T\u00e9l\u00e9phone<\/strong>&nbsp;: 04 91 15 74 50<\/p>\n<p><\/p>\n<h3><strong>Conception graphique et r\u00e9alisation technique<\/strong>&nbsp;:<\/h3>\n<p><strong>Soci\u00e9t\u00e9&nbsp;:<\/strong>&nbsp;Nexagis Informatique<br><strong>Adresse&nbsp;:<\/strong>&nbsp;2 Boulevard Alphonse Allais<br>R\u00e9sidence Les Platanes Bat C<br>13014 MARSEILLE<br><strong>Adresse web&nbsp;:&nbsp;<\/strong>www.nexagis.fr<br><strong>Email&nbsp;:<\/strong>&nbsp;contact@nexagis.fr<br><\/p>\n<p><\/p>\n<h3><strong>H\u00e9bergement du site&nbsp;<\/strong><strong>www.notredamedesion.fr<\/strong>&nbsp;:<\/h3>\n<p>L\u2019h\u00e9bergement du site est r\u00e9alis\u00e9 par la soci\u00e9t\u00e9 OVH.<br>SARL OVH<br><strong>Adresse :<\/strong>&nbsp;140, quai du Sartel \u2013 59100 ROUBAIX| FRANCE<br><strong>Tel :<\/strong>&nbsp;0 899 701 761 \u2013&nbsp;<strong>Fax :<\/strong>&nbsp;03 20 20 09 58<br><strong>Mail :<\/strong>&nbsp;support@ovh.com<br><strong>Site :<\/strong>&nbsp;www.ovh.com<\/p>\n<p><\/p>\n<h3><strong>Acc\u00e8s au site Internet&nbsp;<\/strong><strong>www.notredamedesion.fr<\/strong>&nbsp;:<\/h3>\n<p>L\u2019acc\u00e8s au site http:\/\/<strong>&nbsp;www.notredamedesion.fr<\/strong>&nbsp;et tous ses sous-domaines est possible 24 heures sur 24, 7 jours sur 7, sauf en cas de force majeure ou d\u2019un \u00e9v\u00e9nement hors du contr\u00f4le et sous r\u00e9serve des \u00e9ventuelles pannes et interventions de maintenance n\u00e9cessaires au bon fonctionnement du site.<a id=\"cnil\"><\/a><\/p>\n<p><\/p>\n<h3><strong>Donn\u00e9es personnelles et CNIL&nbsp;:<\/strong><\/h3>\n<p><strong>D\u00e9claration \u00e0 la CNIL :<\/strong>&nbsp;num\u00e9ros d\u2019enregistrement (en cours).<\/p>\n<p>Conform\u00e9ment \u00e0 la loi Informatique et Libert\u00e9s du 6 Janvier 1978 modifi\u00e9e par la Loi du 6 ao\u00fbt 2004, vous disposez d\u2019un droit d\u2019acc\u00e8s, de rectification, de modification et de suppression des donn\u00e9es personnelles que vous nous avez communiqu\u00e9es. Vous pouvez exercer ce droit en envoyant un courrier au Responsable du traitement :<br>Lyc\u00e9e Notre Dame de Sion<br><strong>Adresse :<\/strong>&nbsp;231 rue Paradis, 13006 Marseille<br><strong>Mail :<\/strong>&nbsp;contact@notredamedesion.fr<\/p>\n<p>Si vous \u00eates abonn\u00e9 \u00e0 des services d\u2019information par courrier \u00e9lectronique (\u00ab&nbsp;newsletter&nbsp;\u00bb), vous pouvez demander \u00e0 ne plus recevoir ces courriers soit comme indiqu\u00e9 ci-dessus, soit en suivant les instructions figurant en fin de chacun de ces courriers, lorsque vous les recevez.<\/p>\n<p><\/p>\n<h3>Propri\u00e9t\u00e9 intellectuelle<\/h3>\n<p>L\u2019acc\u00e8s au site&nbsp;<strong>www.notredamedesion.fr<\/strong>&nbsp;vous conf\u00e8re un droit d\u2019usage priv\u00e9 et non exclusif de ce site.<\/p>\n<p>Tous les articles, photographies et autres documents pr\u00e9sent\u00e9s sur ce site sont la propri\u00e9t\u00e9 de Notre Dame de Sion Marseille (sauf exceptions), ou sont reproduits avec l\u2019autorisation de leurs propri\u00e9taires, et sont soumis au droit d\u2019auteur et autres droits de propri\u00e9t\u00e9 intellectuelle ou industrielle.<\/p>\n<p>L\u2019utilisation frauduleuse de tout contenu du site Internet est totalement interdite. Notre Dame de Sion vous informe qu\u2019elle usera largement de ses droits de propri\u00e9t\u00e9 intellectuelle pour engager des poursuites, m\u00eame p\u00e9nale, si n\u00e9cessaire.<\/p>\t\t\t\t\t\t\t\t<\/div>\n\t\t\t\t<\/div>\n\t\t\t\t\t<\/div>\n\t\t<\/div>\n\t\t\t\t\t<\/div>\n\t\t<\/section>\n\t\t\t\t<\/div>\n\t\t","protected":false},"excerpt":{"rendered":"<p>Propri\u00e9taire, \u00e9diteur et responsable de la mise \u00e0 jour du site\u00a0www.notredamedesion.fr\u00a0: Adresse\u00a0:\u00a0Lyc\u00e9e Notre Dame de Sion Marseille 231 Rue Paradis 13006 MARSEILLE Messagerie \u00e9lectronique\u00a0: contact@notredamedesion.fr T\u00e9l\u00e9phone\u00a0: 04 91 15 74 50 Conception graphique et r\u00e9alisation technique\u00a0: Soci\u00e9t\u00e9\u00a0:\u00a0Nexagis Informatique Adresse\u00a0:\u00a02 Boulevard Alphonse Allais R\u00e9sidence Les Platanes Bat C 13014 MARSEILLE Adresse web\u00a0:\u00a0www.nexagis.fr Email\u00a0:\u00a0contact@nexagis.fr H\u00e9bergement du site\u00a0www.notredamedesion.fr\u00a0: &hellip; <a href=\"https:\/\/www.notredamedesion.fr\/lycee\/mentions-legales\/\" class=\"more-link\">Continue reading<span class=\"screen-reader-text\"> \u00ab\u00a0Mentions l\u00e9gales\u00a0\u00bb<\/span><\/a><\/p>\n","protected":false},"author":3,"featured_media":0,"parent":0,"menu_order":90,"comment_status":"closed","ping_status":"closed","template":"","meta":{"sfsi_plus_gutenberg_text_before_share":"","sfsi_plus_gutenberg_show_text_before_share":"","sfsi_plus_gutenberg_icon_type":"","sfsi_plus_gutenberg_icon_alignemt":"","sfsi_plus_gutenburg_max_per_row":"","footnotes":""},"class_list":["post-3","page","type-page","status-publish","hentry"],"_links":{"self":[{"href":"https:\/\/www.notredamedesion.fr\/lycee\/wp-json\/wp\/v2\/pages\/3","targetHints":{"allow":["GET"]}}],"collection":[{"href":"https:\/\/www.notredamedesion.fr\/lycee\/wp-json\/wp\/v2\/pages"}],"about":[{"href":"https:\/\/www.notredamedesion.fr\/lycee\/wp-json\/wp\/v2\/types\/page"}],"author":[{"embeddable":true,"href":"https:\/\/www.notredamedesion.fr\/lycee\/wp-json\/wp\/v2\/users\/3"}],"replies":[{"embeddable":true,"href":"https:\/\/www.notredamedesion.fr\/lycee\/wp-json\/wp\/v2\/comments?post=3"}],"version-history":[{"count":9,"href":"https:\/\/www.notredamedesion.fr\/lycee\/wp-json\/wp\/v2\/pages\/3\/revisions"}],"predecessor-version":[{"id":3521,"href":"https:\/\/www.notredamedesion.fr\/lycee\/wp-json\/wp\/v2\/pages\/3\/revisions\/3521"}],"wp:attachment":[{"href":"https:\/\/www.notredamedesion.fr\/lycee\/wp-json\/wp\/v2\/media?parent=3"}],"curies":[{"name":"wp","href":"https:\/\/api.w.org\/{rel}","templated":true}]}}