{"id":2701,"date":"2025-10-24T08:49:28","date_gmt":"2025-10-24T07:49:28","guid":{"rendered":"https:\/\/www.notredamedesion.fr\/lycee\/?page_id=2701"},"modified":"2025-11-16T17:16:01","modified_gmt":"2025-11-16T16:16:01","slug":"resultats","status":"publish","type":"page","link":"https:\/\/www.notredamedesion.fr\/lycee\/prepa-ecg\/resultats\/","title":{"rendered":"R\u00e9sultats"},"content":{"rendered":"\t\t<div data-elementor-type=\"wp-post\" data-elementor-id=\"2701\" class=\"elementor elementor-2701\">\n\t\t\t\t\t\t<section class=\"elementor-section elementor-top-section elementor-element elementor-element-51ef4b7 elementor-section-stretched lt-services elementor-section-boxed elementor-section-height-default elementor-section-height-default\" data-id=\"51ef4b7\" data-element_type=\"section\" data-e-type=\"section\" data-settings=\"{&quot;stretch_section&quot;:&quot;section-stretched&quot;,&quot;background_background&quot;:&quot;classic&quot;,&quot;shape_divider_bottom&quot;:&quot;tilt&quot;}\">\n\t\t\t\t\t<div class=\"elementor-shape elementor-shape-bottom\" aria-hidden=\"true\" data-negative=\"false\">\n\t\t\t<svg xmlns=\"http:\/\/www.w3.org\/2000\/svg\" viewBox=\"0 0 1000 100\" preserveAspectRatio=\"none\">\n\t<path class=\"elementor-shape-fill\" d=\"M0,6V0h1000v100L0,6z\"\/>\n<\/svg>\t\t<\/div>\n\t\t\t\t\t<div class=\"elementor-container elementor-column-gap-default\">\n\t\t\t\t\t<div class=\"elementor-column elementor-col-100 elementor-top-column elementor-element elementor-element-4435425\" data-id=\"4435425\" data-element_type=\"column\" data-e-type=\"column\">\n\t\t\t<div class=\"elementor-widget-wrap\">\n\t\t\t\t\t\t\t<\/div>\n\t\t<\/div>\n\t\t\t\t\t<\/div>\n\t\t<\/section>\n\t\t\t\t<section class=\"elementor-section elementor-top-section elementor-element elementor-element-e7a2b62 elementor-section-boxed elementor-section-height-default elementor-section-height-default\" data-id=\"e7a2b62\" data-element_type=\"section\" data-e-type=\"section\">\n\t\t\t\t\t\t<div class=\"elementor-container elementor-column-gap-default\">\n\t\t\t\t\t<div class=\"elementor-column elementor-col-100 elementor-top-column elementor-element elementor-element-e6878e4\" data-id=\"e6878e4\" data-element_type=\"column\" data-e-type=\"column\">\n\t\t\t<div class=\"elementor-widget-wrap elementor-element-populated\">\n\t\t\t\t\t\t<div class=\"elementor-element elementor-element-529b00c elementor-widget elementor-widget-heading\" data-id=\"529b00c\" data-element_type=\"widget\" data-e-type=\"widget\" data-widget_type=\"heading.default\">\n\t\t\t\t<div class=\"elementor-widget-container\">\n\t\t\t\t\t<h1 class=\"elementor-heading-title elementor-size-default\">RESULTATS<\/h1>\t\t\t\t<\/div>\n\t\t\t\t<\/div>\n\t\t\t\t<div class=\"elementor-element elementor-element-d43b18d elementor-widget elementor-widget-spacer\" data-id=\"d43b18d\" data-element_type=\"widget\" data-e-type=\"widget\" data-widget_type=\"spacer.default\">\n\t\t\t\t<div class=\"elementor-widget-container\">\n\t\t\t\t\t\t\t<div class=\"elementor-spacer\">\n\t\t\t<div class=\"elementor-spacer-inner\"><\/div>\n\t\t<\/div>\n\t\t\t\t\t\t<\/div>\n\t\t\t\t<\/div>\n\t\t\t\t<div class=\"elementor-element elementor-element-efd2614 elementor-widget elementor-widget-text-editor\" data-id=\"efd2614\" data-element_type=\"widget\" data-e-type=\"widget\" data-widget_type=\"text-editor.default\">\n\t\t\t\t<div class=\"elementor-widget-container\">\n\t\t\t\t\t\t\t\t\t<p>Pour 2025\u00a0: Top 10\u00a0: 53 %, Top 15\u00a0: 87%, Cube\u00a0: 13%. Meilleure admission\u00a0:\u00a0<strong>SKEMA<\/strong><\/p><p>Pour 2024\u00a0: Top 10\u00a0: 18 %, Top 15\u00a0: 63%, Top 20\u00a0: 100%. Meilleure admission\u00a0:\u00a0<strong>KEDGE BS<\/strong><\/p><p>Pour 2023\u00a0: Top 5\u00a0: 2%, Top 10\u00a0: 85 %, Top 15\u00a0: 98%, Cube\u00a0: 2%. Meilleure admission\u00a0:\u00a0<strong>EM Lyon<\/strong><\/p><p><strong>\u00a0<\/strong>Dans\u00a0<strong>le classement \u201cprogression bac\/concours\u201d des pr\u00e9pas ECG 2024<\/strong>\u00a0de Major Pr\u00e9pa,<strong>\u00a0notre CPGE est 11<\/strong><strong>\u1d49<\/strong>, avec un \u201cscore de progression\u201d de 90,4.<\/p><p>Ce classement r\u00e9alis\u00e9 par Major Pr\u00e9pa r\u00e9v\u00e8le quelles sont les classes pr\u00e9paratoires qui permettent \u00e0 leurs \u00e9tudiants de gagner le plus de puissance acad\u00e9mique gr\u00e2ce \u00e0 une forte progression de leurs r\u00e9sultats depuis l\u2019obtention du baccalaur\u00e9at jusqu\u2019aux concours des Grandes \u00c9coles de commerce.<\/p><p>Il permet de d\u00e9montrer toute qualit\u00e9 p\u00e9dagogique de la formation.<\/p>\t\t\t\t\t\t\t\t<\/div>\n\t\t\t\t<\/div>\n\t\t\t\t\t<\/div>\n\t\t<\/div>\n\t\t\t\t\t<\/div>\n\t\t<\/section>\n\t\t\t\t<\/div>\n\t\t","protected":false},"excerpt":{"rendered":"<p>RESULTATS Pour 2025\u00a0: Top 10\u00a0: 53 %, Top 15\u00a0: 87%, Cube\u00a0: 13%. Meilleure admission\u00a0:\u00a0SKEMA Pour 2024\u00a0: Top 10\u00a0: 18 %, Top 15\u00a0: 63%, Top 20\u00a0: 100%. Meilleure admission\u00a0:\u00a0KEDGE BS Pour 2023\u00a0: Top 5\u00a0: 2%, Top 10\u00a0: 85 %, Top 15\u00a0: 98%, Cube\u00a0: 2%. Meilleure admission\u00a0:\u00a0EM Lyon \u00a0Dans\u00a0le classement \u201cprogression bac\/concours\u201d des pr\u00e9pas ECG 2024\u00a0de Major &hellip; <a href=\"https:\/\/www.notredamedesion.fr\/lycee\/prepa-ecg\/resultats\/\" class=\"more-link\">Continue reading<span class=\"screen-reader-text\"> \u00ab\u00a0R\u00e9sultats\u00a0\u00bb<\/span><\/a><\/p>\n","protected":false},"author":3,"featured_media":0,"parent":4409,"menu_order":2,"comment_status":"closed","ping_status":"closed","template":"elementor_header_footer","meta":{"sfsi_plus_gutenberg_text_before_share":"","sfsi_plus_gutenberg_show_text_before_share":"","sfsi_plus_gutenberg_icon_type":"","sfsi_plus_gutenberg_icon_alignemt":"","sfsi_plus_gutenburg_max_per_row":"","footnotes":""},"class_list":["post-2701","page","type-page","status-publish","hentry"],"_links":{"self":[{"href":"https:\/\/www.notredamedesion.fr\/lycee\/wp-json\/wp\/v2\/pages\/2701","targetHints":{"allow":["GET"]}}],"collection":[{"href":"https:\/\/www.notredamedesion.fr\/lycee\/wp-json\/wp\/v2\/pages"}],"about":[{"href":"https:\/\/www.notredamedesion.fr\/lycee\/wp-json\/wp\/v2\/types\/page"}],"author":[{"embeddable":true,"href":"https:\/\/www.notredamedesion.fr\/lycee\/wp-json\/wp\/v2\/users\/3"}],"replies":[{"embeddable":true,"href":"https:\/\/www.notredamedesion.fr\/lycee\/wp-json\/wp\/v2\/comments?post=2701"}],"version-history":[{"count":23,"href":"https:\/\/www.notredamedesion.fr\/lycee\/wp-json\/wp\/v2\/pages\/2701\/revisions"}],"predecessor-version":[{"id":4374,"href":"https:\/\/www.notredamedesion.fr\/lycee\/wp-json\/wp\/v2\/pages\/2701\/revisions\/4374"}],"up":[{"embeddable":true,"href":"https:\/\/www.notredamedesion.fr\/lycee\/wp-json\/wp\/v2\/pages\/4409"}],"wp:attachment":[{"href":"https:\/\/www.notredamedesion.fr\/lycee\/wp-json\/wp\/v2\/media?parent=2701"}],"curies":[{"name":"wp","href":"https:\/\/api.w.org\/{rel}","templated":true}]}}