{"id":2598,"date":"2025-03-11T11:02:49","date_gmt":"2025-03-11T10:02:49","guid":{"rendered":"https:\/\/www.notredamedesion.fr\/lycee\/?page_id=2598"},"modified":"2025-10-10T18:06:45","modified_gmt":"2025-10-10T17:06:45","slug":"international","status":"publish","type":"page","link":"https:\/\/www.notredamedesion.fr\/lycee\/international\/","title":{"rendered":"International"},"content":{"rendered":"\t\t<div data-elementor-type=\"wp-post\" data-elementor-id=\"2598\" class=\"elementor elementor-2598\">\n\t\t\t\t\t\t<section class=\"elementor-section elementor-top-section elementor-element elementor-element-51ef4b7 elementor-section-stretched lt-services elementor-section-boxed elementor-section-height-default elementor-section-height-default\" data-id=\"51ef4b7\" data-element_type=\"section\" data-e-type=\"section\" data-settings=\"{&quot;stretch_section&quot;:&quot;section-stretched&quot;,&quot;background_background&quot;:&quot;classic&quot;,&quot;shape_divider_bottom&quot;:&quot;tilt&quot;}\">\n\t\t\t\t\t<div class=\"elementor-shape elementor-shape-bottom\" aria-hidden=\"true\" data-negative=\"false\">\n\t\t\t<svg xmlns=\"http:\/\/www.w3.org\/2000\/svg\" viewBox=\"0 0 1000 100\" preserveAspectRatio=\"none\">\n\t<path class=\"elementor-shape-fill\" d=\"M0,6V0h1000v100L0,6z\"\/>\n<\/svg>\t\t<\/div>\n\t\t\t\t\t<div class=\"elementor-container elementor-column-gap-default\">\n\t\t\t\t\t<div class=\"elementor-column elementor-col-100 elementor-top-column elementor-element elementor-element-4435425\" data-id=\"4435425\" data-element_type=\"column\" data-e-type=\"column\">\n\t\t\t<div class=\"elementor-widget-wrap\">\n\t\t\t\t\t\t\t<\/div>\n\t\t<\/div>\n\t\t\t\t\t<\/div>\n\t\t<\/section>\n\t\t\t\t<section class=\"elementor-section elementor-top-section elementor-element elementor-element-bf6730f elementor-section-boxed elementor-section-height-default elementor-section-height-default\" data-id=\"bf6730f\" data-element_type=\"section\" data-e-type=\"section\">\n\t\t\t\t\t\t<div class=\"elementor-container elementor-column-gap-default\">\n\t\t\t\t\t<div class=\"elementor-column elementor-col-100 elementor-top-column elementor-element elementor-element-8e110ea\" data-id=\"8e110ea\" data-element_type=\"column\" data-e-type=\"column\">\n\t\t\t<div class=\"elementor-widget-wrap elementor-element-populated\">\n\t\t\t\t\t\t<div class=\"elementor-element elementor-element-ea2fa51 elementor-widget elementor-widget-heading\" data-id=\"ea2fa51\" data-element_type=\"widget\" data-e-type=\"widget\" data-widget_type=\"heading.default\">\n\t\t\t\t<div class=\"elementor-widget-container\">\n\t\t\t\t\t<h1 class=\"elementor-heading-title elementor-size-default\">INTERNATIONAL<\/h1>\t\t\t\t<\/div>\n\t\t\t\t<\/div>\n\t\t\t\t<div class=\"elementor-element elementor-element-b8d7a66 elementor-widget elementor-widget-spacer\" data-id=\"b8d7a66\" data-element_type=\"widget\" data-e-type=\"widget\" data-widget_type=\"spacer.default\">\n\t\t\t\t<div class=\"elementor-widget-container\">\n\t\t\t\t\t\t\t<div class=\"elementor-spacer\">\n\t\t\t<div class=\"elementor-spacer-inner\"><\/div>\n\t\t<\/div>\n\t\t\t\t\t\t<\/div>\n\t\t\t\t<\/div>\n\t\t\t\t\t<\/div>\n\t\t<\/div>\n\t\t\t\t\t<\/div>\n\t\t<\/section>\n\t\t\t\t<section class=\"elementor-section elementor-top-section elementor-element elementor-element-3d7ae2e elementor-section-boxed elementor-section-height-default elementor-section-height-default\" data-id=\"3d7ae2e\" data-element_type=\"section\" data-e-type=\"section\">\n\t\t\t\t\t\t<div class=\"elementor-container elementor-column-gap-default\">\n\t\t\t\t\t<div class=\"elementor-column elementor-col-100 elementor-top-column elementor-element elementor-element-ed6f4ac\" data-id=\"ed6f4ac\" data-element_type=\"column\" data-e-type=\"column\">\n\t\t\t<div class=\"elementor-widget-wrap elementor-element-populated\">\n\t\t\t\t\t\t<div class=\"elementor-element elementor-element-cb1b25d elementor-widget elementor-widget-heading\" data-id=\"cb1b25d\" data-element_type=\"widget\" data-e-type=\"widget\" data-widget_type=\"heading.default\">\n\t\t\t\t<div class=\"elementor-widget-container\">\n\t\t\t\t\t<h2 class=\"elementor-heading-title elementor-size-default\">Section europ\u00e9enne italien (SELO)<\/h2>\t\t\t\t<\/div>\n\t\t\t\t<\/div>\n\t\t\t\t<div class=\"elementor-element elementor-element-dd55d6c elementor-widget elementor-widget-text-editor\" data-id=\"dd55d6c\" data-element_type=\"widget\" data-e-type=\"widget\" data-widget_type=\"text-editor.default\">\n\t\t\t\t<div class=\"elementor-widget-container\">\n\t\t\t\t\t\t\t\t\t<h3><strong>Nouveaut\u00e9 rentr\u00e9e 2025\u00a0!<\/strong><br \/><strong>Section europ\u00e9enne italien<\/strong><\/h3><p>Le lyc\u00e9e Notre-Dame de Sion propose aux \u00e9l\u00e8ves d\u2019Italien LVB la formidable opportunit\u00e9 de poursuivre leur<br \/>apprentissage par un cursus approfondi en <strong>Section Europ\u00e9enne (Selo).<\/strong><\/p><p>L\u2019\u00e9l\u00e8ve b\u00e9n\u00e9ficiera des m\u00eames enseignements que tous les \u00e9l\u00e8ves de seconde LVB, auxquels s\u2019ajoutent\u00a0:<br \/><strong>1 heure de renforcement linguistique en italien<\/strong> pour d\u00e9velopper, approfondir et valoriser<br \/>les comp\u00e9tences et les savoirs par des activit\u00e9s de prise de parole \u00e0 l\u2019oral. Mais aussi pour consolider, parfaire les outils grammaticaux et lexicaux et ainsi mieux comprendre et mieuxs\u2019exprimer. Et enfin s\u2019enrichir de de la culture et de la civilisation italiennes.<br \/><strong>1 heure d\u2019enseignement d\u2019histoire g\u00e9ographie par semaine en italien<\/strong> (la DNL Discipline<br \/>Non Linguistique) pour renforcer l\u2019usage et la compr\u00e9hension de l\u2019italien dans une discipline<br \/>non linguistique. Pour enrichir sa culture g\u00e9n\u00e9rale sur l\u2019histoire, la g\u00e9ographie et la<br \/>civilisation italiennes. Et enfin pour am\u00e9liorer l\u00a0\u00bb\u2019esprit de synth\u00e8se par l\u2019\u00e9tude de dossiers et<br \/>articles de presse.<\/p><p>Cette section parmet \u00e0 l\u2019issue des 3 ans d\u2019obtenir un baccalaur\u00e9at portant la mention<br \/>Section Europ\u00e9enne.<br \/>Cette mention sera un atout ind\u00e9niable pour se d\u00e9marquer sur Parcoursup et pour acc\u00e9der aux<br \/>\u00e9tudes sup\u00e9rieures (classes pr\u00e9paratoiresaux grandes \u00e9coles, \u00e9coles de commerce, de<br \/>journalisme\u2026) ou pour poursuivre es \u00e9tudes adns une universit\u00e9 italienne.<\/p><p>La r\u00e9ussite des \u00e9l\u00e8ves est valoris\u00e9e en termes d\u2019\u00e9valuation dans le contr\u00f4le continu et dans le<br \/>cadre d\u2019une \u00e9preuve sp\u00e9ficifique pass\u00e9e en terminale (constitu\u00e9e de 2 oraux).<\/p><p>M. Razafiarison<\/p>\t\t\t\t\t\t\t\t<\/div>\n\t\t\t\t<\/div>\n\t\t\t\t<div class=\"elementor-element elementor-element-ea47969 elementor-widget elementor-widget-spacer\" data-id=\"ea47969\" data-element_type=\"widget\" data-e-type=\"widget\" data-widget_type=\"spacer.default\">\n\t\t\t\t<div class=\"elementor-widget-container\">\n\t\t\t\t\t\t\t<div class=\"elementor-spacer\">\n\t\t\t<div class=\"elementor-spacer-inner\"><\/div>\n\t\t<\/div>\n\t\t\t\t\t\t<\/div>\n\t\t\t\t<\/div>\n\t\t\t\t\t<\/div>\n\t\t<\/div>\n\t\t\t\t\t<\/div>\n\t\t<\/section>\n\t\t\t\t<section class=\"elementor-section elementor-top-section elementor-element elementor-element-3fb75f1 elementor-section-boxed elementor-section-height-default elementor-section-height-default\" data-id=\"3fb75f1\" data-element_type=\"section\" data-e-type=\"section\">\n\t\t\t\t\t\t<div class=\"elementor-container elementor-column-gap-default\">\n\t\t\t\t\t<div class=\"elementor-column elementor-col-100 elementor-top-column elementor-element elementor-element-5aeec15\" data-id=\"5aeec15\" data-element_type=\"column\" data-e-type=\"column\">\n\t\t\t<div class=\"elementor-widget-wrap elementor-element-populated\">\n\t\t\t\t\t\t<div class=\"elementor-element elementor-element-13d7621 elementor-widget elementor-widget-heading\" data-id=\"13d7621\" data-element_type=\"widget\" data-e-type=\"widget\" data-widget_type=\"heading.default\">\n\t\t\t\t<div class=\"elementor-widget-container\">\n\t\t\t\t\t<h2 class=\"elementor-heading-title elementor-size-default\">Academia Dual Diploma<\/h2>\t\t\t\t<\/div>\n\t\t\t\t<\/div>\n\t\t\t\t<div class=\"elementor-element elementor-element-4bd63e2 elementor-widget elementor-widget-text-editor\" data-id=\"4bd63e2\" data-element_type=\"widget\" data-e-type=\"widget\" data-widget_type=\"text-editor.default\">\n\t\t\t\t<div class=\"elementor-widget-container\">\n\t\t\t\t\t\t\t\t\t<p>Notre-Dame de Sion vous propose de suivre, en parall\u00e8le de votre scolarit\u00e9, des enseignements reli\u00e9s au bac am\u00e9ricain. L\u2019\u00e9l\u00e8ve suit des apprentissages en ligne, accompagn\u00e9 par des enseignants am\u00e9ricains et suivi par un enseignant de notre \u00e9tablissement en cas de besoin. Avec 4 \u00e0 5 heures de travail par semaine, le jeune valide des cr\u00e9dits du Hight School Diploma am\u00e9ricain.<\/p><p><a href=\"https:\/\/dualdiploma.org\/\">https:\/\/dualdiploma.org<\/a><\/p>\t\t\t\t\t\t\t\t<\/div>\n\t\t\t\t<\/div>\n\t\t\t\t<div class=\"elementor-element elementor-element-9242117 elementor-widget elementor-widget-spacer\" data-id=\"9242117\" data-element_type=\"widget\" data-e-type=\"widget\" data-widget_type=\"spacer.default\">\n\t\t\t\t<div class=\"elementor-widget-container\">\n\t\t\t\t\t\t\t<div class=\"elementor-spacer\">\n\t\t\t<div class=\"elementor-spacer-inner\"><\/div>\n\t\t<\/div>\n\t\t\t\t\t\t<\/div>\n\t\t\t\t<\/div>\n\t\t\t\t\t<\/div>\n\t\t<\/div>\n\t\t\t\t\t<\/div>\n\t\t<\/section>\n\t\t\t\t<section class=\"elementor-section elementor-top-section elementor-element elementor-element-e70b171 elementor-section-boxed elementor-section-height-default elementor-section-height-default\" data-id=\"e70b171\" data-element_type=\"section\" data-e-type=\"section\">\n\t\t\t\t\t\t<div class=\"elementor-container elementor-column-gap-default\">\n\t\t\t\t\t<div class=\"elementor-column elementor-col-100 elementor-top-column elementor-element elementor-element-92810e3\" data-id=\"92810e3\" data-element_type=\"column\" data-e-type=\"column\">\n\t\t\t<div class=\"elementor-widget-wrap elementor-element-populated\">\n\t\t\t\t\t\t<div class=\"elementor-element elementor-element-3ff5bc4 elementor-widget elementor-widget-heading\" data-id=\"3ff5bc4\" data-element_type=\"widget\" data-e-type=\"widget\" data-widget_type=\"heading.default\">\n\t\t\t\t<div class=\"elementor-widget-container\">\n\t\t\t\t\t<h2 class=\"elementor-heading-title elementor-size-default\">Echanges et voyages scolaires<\/h2>\t\t\t\t<\/div>\n\t\t\t\t<\/div>\n\t\t\t\t<div class=\"elementor-element elementor-element-bcc7361 elementor-widget elementor-widget-spacer\" data-id=\"bcc7361\" data-element_type=\"widget\" data-e-type=\"widget\" data-widget_type=\"spacer.default\">\n\t\t\t\t<div class=\"elementor-widget-container\">\n\t\t\t\t\t\t\t<div class=\"elementor-spacer\">\n\t\t\t<div class=\"elementor-spacer-inner\"><\/div>\n\t\t<\/div>\n\t\t\t\t\t\t<\/div>\n\t\t\t\t<\/div>\n\t\t\t\t<div class=\"elementor-element elementor-element-a1c3f62 elementor-widget elementor-widget-text-editor\" data-id=\"a1c3f62\" data-element_type=\"widget\" data-e-type=\"widget\" data-widget_type=\"text-editor.default\">\n\t\t\t\t<div class=\"elementor-widget-container\">\n\t\t\t\t\t\t\t\t\t<p>Le lyc\u00e9e cherche \u00e0 ouvrir le regard des \u00e9l\u00e8ves au monde, \u00e0 l\u2019Autre et entreprend dans ce sens de d\u00e9velopper des activit\u00e9s extrascolaires. Afin d\u2019approfondir les connaissances dans une langue \u00e9trang\u00e8re, d\u00e9couvrir un pays nouveau et sa culture, divers voyages sont entrepris au cours de l\u2019ann\u00e9e scolaire.<\/p><p>En Espagne et en Italie les \u00e9l\u00e8ves plongent dans l\u2019histoire des civilisations m\u00e9diterran\u00e9ennes, d\u00e9couvrent de merveilleuses villes comme Florence ou Barcelone, les tr\u00e9sors de r\u00e9gions comme la Toscane ou l\u2019Andalousie. En Allemagne, int\u00e9gr\u00e9s au sein de familles, les \u00e9l\u00e8ves am\u00e9liorent leurs performances linguistiques mais d\u00e9couvrent aussi les r\u00e9gions outre-Rhin, des lieux c\u00e9l\u00e8bres et historiques.<\/p><p>S\u2019ouvrent de nouvelles relations avec Chicago et la Lyons Township High School o\u00f9 nous organisons un \u00e9change entre une vingtaine d\u2019\u00e9l\u00e8ves. Les n\u00f4tres partent \u00e0 la d\u00e9couverte de cette capitale de l\u2019architecture contemporaine et reviennent enthousiastes de leur nouvelle perception du monde urbain.<\/p>\n<p>Nous organisons des \u00e9changes avec des \u00e9tablissements de Notre Dame de Sion situ\u00e9s pour le premier au Costa Rica. Les \u00e9l\u00e8ves sont vivement attendus pour un \u00e9change linguistique mais aussi pour visiter un pays dont la flore et la faune r\u00e9servent bien des surprises et moments merveilleux \u00e0 conna\u00eetre et ensuite faire partager. L\u2019autre \u00e9tablissement NDS est le lyc\u00e9e de jeunes filles de Kansas City dans le Missouri qui accueillent certaines de nos \u00e9l\u00e8ves. Elles s\u2019immergent dans un cadre typiquement am\u00e9ricain pour se familiariser avec un mode de vie bien diff\u00e9rent.<\/p>\n<p>Plus proche de nous, Paris, une capitale \u00e0 d\u00e9couvrir encore et toujours avec les professeurs de fran\u00e7ais et de sciences qui encadrent les visites \u00e0 la Cit\u00e9 des sciences, au Palais de la d\u00e9couverte, les soir\u00e9es \u00e0 la Com\u00e9die fran\u00e7aise.<\/p>\n<p>Tous ces moments, l\u2019\u00e9quipe p\u00e9dagogique les organise avec bienveillance, enthousiasme, afin que nos enfants, hors de l\u2019espace scolaire, aient d\u2019autres exp\u00e9riences, riches, elles aussi en \u00e9motions et en exp\u00e9riences, et qu\u2019elles permettent de favoriser de bons souvenirs d\u2019une vie lyc\u00e9enne<\/p>\t\t\t\t\t\t\t\t<\/div>\n\t\t\t\t<\/div>\n\t\t\t\t\t<\/div>\n\t\t<\/div>\n\t\t\t\t\t<\/div>\n\t\t<\/section>\n\t\t\t\t<\/div>\n\t\t","protected":false},"excerpt":{"rendered":"<p>INTERNATIONAL Section europ\u00e9enne italien (SELO) Nouveaut\u00e9 rentr\u00e9e 2025\u00a0!Section europ\u00e9enne italien Le lyc\u00e9e Notre-Dame de Sion propose aux \u00e9l\u00e8ves d\u2019Italien LVB la formidable opportunit\u00e9 de poursuivre leurapprentissage par un cursus approfondi en Section Europ\u00e9enne (Selo). L\u2019\u00e9l\u00e8ve b\u00e9n\u00e9ficiera des m\u00eames enseignements que tous les \u00e9l\u00e8ves de seconde LVB, auxquels s\u2019ajoutent\u00a0:1 heure de renforcement linguistique en italien pour &hellip; <a href=\"https:\/\/www.notredamedesion.fr\/lycee\/international\/\" class=\"more-link\">Continue reading<span class=\"screen-reader-text\"> \u00ab\u00a0International\u00a0\u00bb<\/span><\/a><\/p>\n","protected":false},"author":3,"featured_media":0,"parent":0,"menu_order":60,"comment_status":"closed","ping_status":"closed","template":"elementor_header_footer","meta":{"sfsi_plus_gutenberg_text_before_share":"","sfsi_plus_gutenberg_show_text_before_share":"","sfsi_plus_gutenberg_icon_type":"","sfsi_plus_gutenberg_icon_alignemt":"","sfsi_plus_gutenburg_max_per_row":"","footnotes":""},"class_list":["post-2598","page","type-page","status-publish","hentry"],"_links":{"self":[{"href":"https:\/\/www.notredamedesion.fr\/lycee\/wp-json\/wp\/v2\/pages\/2598","targetHints":{"allow":["GET"]}}],"collection":[{"href":"https:\/\/www.notredamedesion.fr\/lycee\/wp-json\/wp\/v2\/pages"}],"about":[{"href":"https:\/\/www.notredamedesion.fr\/lycee\/wp-json\/wp\/v2\/types\/page"}],"author":[{"embeddable":true,"href":"https:\/\/www.notredamedesion.fr\/lycee\/wp-json\/wp\/v2\/users\/3"}],"replies":[{"embeddable":true,"href":"https:\/\/www.notredamedesion.fr\/lycee\/wp-json\/wp\/v2\/comments?post=2598"}],"version-history":[{"count":53,"href":"https:\/\/www.notredamedesion.fr\/lycee\/wp-json\/wp\/v2\/pages\/2598\/revisions"}],"predecessor-version":[{"id":3996,"href":"https:\/\/www.notredamedesion.fr\/lycee\/wp-json\/wp\/v2\/pages\/2598\/revisions\/3996"}],"wp:attachment":[{"href":"https:\/\/www.notredamedesion.fr\/lycee\/wp-json\/wp\/v2\/media?parent=2598"}],"curies":[{"name":"wp","href":"https:\/\/api.w.org\/{rel}","templated":true}]}}