{"id":2461,"date":"2024-08-14T14:42:07","date_gmt":"2024-08-14T13:42:07","guid":{"rendered":"https:\/\/www.notredamedesion.fr\/lycee\/?page_id=2461"},"modified":"2025-10-10T16:34:24","modified_gmt":"2025-10-10T15:34:24","slug":"je-rentre-en-terminale","status":"publish","type":"page","link":"https:\/\/www.notredamedesion.fr\/lycee\/lycee\/je-rentre-en-terminale\/","title":{"rendered":"Je rentre en Terminale"},"content":{"rendered":"\t\t<div data-elementor-type=\"wp-post\" data-elementor-id=\"2461\" class=\"elementor elementor-2461\">\n\t\t\t\t\t\t<section class=\"elementor-section elementor-top-section elementor-element elementor-element-51ef4b7 elementor-section-stretched lt-services elementor-section-boxed elementor-section-height-default elementor-section-height-default\" data-id=\"51ef4b7\" data-element_type=\"section\" data-e-type=\"section\" data-settings=\"{&quot;stretch_section&quot;:&quot;section-stretched&quot;,&quot;background_background&quot;:&quot;classic&quot;,&quot;shape_divider_bottom&quot;:&quot;tilt&quot;}\">\n\t\t\t\t\t<div class=\"elementor-shape elementor-shape-bottom\" aria-hidden=\"true\" data-negative=\"false\">\n\t\t\t<svg xmlns=\"http:\/\/www.w3.org\/2000\/svg\" viewBox=\"0 0 1000 100\" preserveAspectRatio=\"none\">\n\t<path class=\"elementor-shape-fill\" d=\"M0,6V0h1000v100L0,6z\"\/>\n<\/svg>\t\t<\/div>\n\t\t\t\t\t<div class=\"elementor-container elementor-column-gap-default\">\n\t\t\t\t\t<div class=\"elementor-column elementor-col-100 elementor-top-column elementor-element elementor-element-4435425\" data-id=\"4435425\" data-element_type=\"column\" data-e-type=\"column\">\n\t\t\t<div class=\"elementor-widget-wrap\">\n\t\t\t\t\t\t\t<\/div>\n\t\t<\/div>\n\t\t\t\t\t<\/div>\n\t\t<\/section>\n\t\t\t\t<section class=\"elementor-section elementor-top-section elementor-element elementor-element-1d51565 elementor-section-boxed elementor-section-height-default elementor-section-height-default\" data-id=\"1d51565\" data-element_type=\"section\" data-e-type=\"section\">\n\t\t\t\t\t\t<div class=\"elementor-container elementor-column-gap-default\">\n\t\t\t\t\t<div class=\"elementor-column elementor-col-100 elementor-top-column elementor-element elementor-element-23c6cb4\" data-id=\"23c6cb4\" data-element_type=\"column\" data-e-type=\"column\">\n\t\t\t<div class=\"elementor-widget-wrap elementor-element-populated\">\n\t\t\t\t\t\t<div class=\"elementor-element elementor-element-f276870 elementor-widget elementor-widget-heading\" data-id=\"f276870\" data-element_type=\"widget\" data-e-type=\"widget\" data-widget_type=\"heading.default\">\n\t\t\t\t<div class=\"elementor-widget-container\">\n\t\t\t\t\t<h1 class=\"elementor-heading-title elementor-size-default\">JE RENTRE EN TERMINALE<\/h1>\t\t\t\t<\/div>\n\t\t\t\t<\/div>\n\t\t\t\t<div class=\"elementor-element elementor-element-396ad1c elementor-widget elementor-widget-spacer\" data-id=\"396ad1c\" data-element_type=\"widget\" data-e-type=\"widget\" data-widget_type=\"spacer.default\">\n\t\t\t\t<div class=\"elementor-widget-container\">\n\t\t\t\t\t\t\t<div class=\"elementor-spacer\">\n\t\t\t<div class=\"elementor-spacer-inner\"><\/div>\n\t\t<\/div>\n\t\t\t\t\t\t<\/div>\n\t\t\t\t<\/div>\n\t\t\t\t\t<\/div>\n\t\t<\/div>\n\t\t\t\t\t<\/div>\n\t\t<\/section>\n\t\t\t\t<section class=\"elementor-section elementor-top-section elementor-element elementor-element-3fd1fb1 elementor-section-boxed elementor-section-height-default elementor-section-height-default\" data-id=\"3fd1fb1\" data-element_type=\"section\" data-e-type=\"section\">\n\t\t\t\t\t\t<div class=\"elementor-container elementor-column-gap-default\">\n\t\t\t\t\t<div class=\"elementor-column elementor-col-100 elementor-top-column elementor-element elementor-element-0d2c537\" data-id=\"0d2c537\" data-element_type=\"column\" data-e-type=\"column\">\n\t\t\t<div class=\"elementor-widget-wrap elementor-element-populated\">\n\t\t\t\t\t\t<div class=\"elementor-element elementor-element-ea23a4b elementor-widget elementor-widget-text-editor\" data-id=\"ea23a4b\" data-element_type=\"widget\" data-e-type=\"widget\" data-widget_type=\"text-editor.default\">\n\t\t\t\t<div class=\"elementor-widget-container\">\n\t\t\t\t\t\t\t\t\t<p>La derni\u00e8re ann\u00e9e du lyc\u00e9e, est une ann\u00e9e tr\u00e8s dense. Entre pr\u00e9paration du bac et dossiers Parcoursup, la vie lyc\u00e9enne a quand m\u00eame toute sa place.<\/p>\n<p>L\u2019accompagnement \u00e0 l\u2019orientation se poursuit, avec des propositions permettant d\u2019affiner son projet. Des passerelles sont organis\u00e9es avec les classes <a href=\"https:\/\/www.notredamedesion.fr\/lycee\/prepa-mpsi-mp\/\">pr\u00e9pa MPSI<\/a> et <a href=\"https:\/\/www.notredamedesion.fr\/lycee\/prepa-ecg\/\">pr\u00e9pa ECG<\/a> de l\u2019\u00e9tablissement, afin de d\u00e9couvrir ce qu\u2019offre une formation d\u2019excellence.<\/p>\n<p>Au-del\u00e0 des apprentissages obligatoires, de <a href=\"https:\/\/www.notredamedesion.fr\/lycee\/lycee\/options\/\">nouvelles options<\/a>, sont destin\u00e9es \u00e0 approfondir certains apprentissages en lien le projet du jeune vers l\u2019enseignement sup\u00e9rieur.<\/p>\n<p>Comme pour les autres niveaux, les \u00e9l\u00e8ves ont l\u2019opportunit\u00e9 de s\u2019engager dans des projets porteurs de sens. Des propositions leur sont faites pour participer aux temps forts de la <a href=\"https:\/\/www.notredamedesion.fr\/lycee\/lycee\/pastorale\/\">pastorale<\/a> (rencontres, conf\u00e9rences\u2026).<\/p>\n<p>L\u2019ann\u00e9e scolaire se termine avec le bal des Terminales, apr\u00e8s les \u00e9preuves du bac. C\u2019est l\u2019occasion de vivre tous ensemble une derni\u00e8re soir\u00e9e avant de quitter le lyc\u00e9e.<\/p>\t\t\t\t\t\t\t\t<\/div>\n\t\t\t\t<\/div>\n\t\t\t\t\t<\/div>\n\t\t<\/div>\n\t\t\t\t\t<\/div>\n\t\t<\/section>\n\t\t\t\t<section class=\"elementor-section elementor-top-section elementor-element elementor-element-2517afd elementor-section-boxed elementor-section-height-default elementor-section-height-default\" data-id=\"2517afd\" data-element_type=\"section\" data-e-type=\"section\">\n\t\t\t\t\t\t<div class=\"elementor-container elementor-column-gap-default\">\n\t\t\t\t\t<div class=\"elementor-column elementor-col-100 elementor-top-column elementor-element elementor-element-3c60b7e\" data-id=\"3c60b7e\" data-element_type=\"column\" data-e-type=\"column\">\n\t\t\t<div class=\"elementor-widget-wrap elementor-element-populated\">\n\t\t\t\t\t\t<div class=\"elementor-element elementor-element-5368238 elementor-widget elementor-widget-text-editor\" data-id=\"5368238\" data-element_type=\"widget\" data-e-type=\"widget\" data-widget_type=\"text-editor.default\">\n\t\t\t\t<div class=\"elementor-widget-container\">\n\t\t\t\t\t\t\t\t\t<table width=\"100%\"><tbody><tr><td width=\"60%\"><p><strong>E<\/strong><strong>nseignements<\/strong><\/p><\/td><td width=\"40%\"><strong style=\"font-family: inherit;\">Horaire \u00e9l\u00e8ve<\/strong><\/td><\/tr><tr><td colspan=\"2\"><em><strong>Enseignements communs<\/strong><\/em><\/td><\/tr><tr><td>Philosophie<\/td><td>4 h<\/td><\/tr><tr><td>Histoire-g\u00e9ographie<\/td><td>3 h<\/td><\/tr><tr><td>LVA et LVB (enveloppe globalis\u00e9e)<\/td><td>4 h<\/td><\/tr><tr><td>Enseignement scientifique<\/td><td>2 h<\/td><\/tr><tr><td>Education Physique et Sportive<\/td><td>2 h<\/td><\/tr><tr><td>Enseignement Moral et Civique<\/td><td>18 h annuelles<\/td><\/tr><tr><td colspan=\"2\"><em><strong>Enseignements de sp\u00e9cialit\u00e9 : 2 gard\u00e9s sur les 3 choisis en Premi\u00e8re<br \/><\/strong><\/em><\/td><\/tr><tr><td>Arts<\/td><td>6 h<\/td><\/tr><tr><td>Histoire-g\u00e9ographie, g\u00e9opolitique et sciences politiques<\/td><td>6 h<\/td><\/tr><tr><td>Humanit\u00e9s, litt\u00e9rature et philosophie<\/td><td>6 h<\/td><\/tr><tr><td>Langues, litt\u00e9ratures et cultures \u00e9trang\u00e8res (anglais)<\/td><td>6h<\/td><\/tr><tr><td>Math\u00e9matiques<\/td><td>6 h<\/td><\/tr><tr><td>Physique-chimie<\/td><td>6 h<\/td><\/tr><tr><td>Sciences de la vie et de la Terre<\/td><td>6 h<\/td><\/tr><tr><td>Sciences \u00e9conomiques et sociales<\/td><td>6 h<\/td><\/tr><tr><td colspan=\"2\"><strong>\u00a0<\/strong><\/td><\/tr><tr><td>Accompagnement personnalis\u00e9<\/td><td>1 h<\/td><\/tr><tr><td>\u00a0<\/td><td>\u00a0<\/td><\/tr><tr><td>\u00a0<\/td><td>\u00a0<\/td><\/tr><tr><td colspan=\"2\"><strong>Enseignements optionnels<\/strong><\/td><\/tr><tr><td colspan=\"2\"><em><strong>\u00a01 enseignement parmi :<br \/><\/strong><\/em><\/td><\/tr><tr><td>Math\u00e9matiques compl\u00e9mentaires<\/td><td>3 h<\/td><\/tr><tr><td>Math\u00e9matiques expertes<\/td><td>3 h<\/td><\/tr><tr><td>Droits et grands enjeux du monde contemporain<\/td><td>3 h<\/td><\/tr><tr><td colspan=\"2\"><em><strong>\u00a01 enseignement parmi :<br \/><\/strong><\/em><\/td><\/tr><tr><td>Langue vivante C (italien )<\/td><td>3 h<\/td><\/tr><tr><td>LCA\u00a0: latin<\/td><td>3 h<\/td><\/tr><tr><td>LCA\u00a0: grec<\/td><td>3 h<\/td><\/tr><tr><td>\u00c9ducation Physique et Sportive<\/td><td>3 h<\/td><\/tr><tr><td>Arts<\/td><td>3 h<\/td><\/tr><\/tbody><\/table>\t\t\t\t\t\t\t\t<\/div>\n\t\t\t\t<\/div>\n\t\t\t\t<div class=\"elementor-element elementor-element-58a7c52 elementor-widget elementor-widget-heading\" data-id=\"58a7c52\" data-element_type=\"widget\" data-e-type=\"widget\" data-widget_type=\"heading.default\">\n\t\t\t\t<div class=\"elementor-widget-container\">\n\t\t\t\t\t<div class=\"elementor-heading-title elementor-size-default\">Tous les TP de labo sont organis\u00e9s et pr\u00e9par\u00e9s par la technicienne de laboratoire, Myriam DORDONNE<\/div>\t\t\t\t<\/div>\n\t\t\t\t<\/div>\n\t\t\t\t<div class=\"elementor-element elementor-element-0345987 elementor-widget elementor-widget-spacer\" data-id=\"0345987\" data-element_type=\"widget\" data-e-type=\"widget\" data-widget_type=\"spacer.default\">\n\t\t\t\t<div class=\"elementor-widget-container\">\n\t\t\t\t\t\t\t<div class=\"elementor-spacer\">\n\t\t\t<div class=\"elementor-spacer-inner\"><\/div>\n\t\t<\/div>\n\t\t\t\t\t\t<\/div>\n\t\t\t\t<\/div>\n\t\t\t\t\t<\/div>\n\t\t<\/div>\n\t\t\t\t\t<\/div>\n\t\t<\/section>\n\t\t\t\t<section class=\"elementor-section elementor-top-section elementor-element elementor-element-5d795b0 elementor-section-boxed elementor-section-height-default elementor-section-height-default\" data-id=\"5d795b0\" data-element_type=\"section\" data-e-type=\"section\">\n\t\t\t\t\t\t<div class=\"elementor-container elementor-column-gap-default\">\n\t\t\t\t\t<div class=\"elementor-column elementor-col-100 elementor-top-column elementor-element elementor-element-b041701\" data-id=\"b041701\" data-element_type=\"column\" data-e-type=\"column\">\n\t\t\t<div class=\"elementor-widget-wrap elementor-element-populated\">\n\t\t\t\t\t\t<div class=\"elementor-element elementor-element-d4d080b elementor-widget elementor-widget-heading\" data-id=\"d4d080b\" data-element_type=\"widget\" data-e-type=\"widget\" data-widget_type=\"heading.default\">\n\t\t\t\t<div class=\"elementor-widget-container\">\n\t\t\t\t\t<h1 class=\"elementor-heading-title elementor-size-default\">R\u00e9sultats du Bac 2025 98.7%<\/h1>\t\t\t\t<\/div>\n\t\t\t\t<\/div>\n\t\t\t\t<div class=\"elementor-element elementor-element-7065c90 elementor-widget elementor-widget-spacer\" data-id=\"7065c90\" data-element_type=\"widget\" data-e-type=\"widget\" data-widget_type=\"spacer.default\">\n\t\t\t\t<div class=\"elementor-widget-container\">\n\t\t\t\t\t\t\t<div class=\"elementor-spacer\">\n\t\t\t<div class=\"elementor-spacer-inner\"><\/div>\n\t\t<\/div>\n\t\t\t\t\t\t<\/div>\n\t\t\t\t<\/div>\n\t\t\t\t\t<\/div>\n\t\t<\/div>\n\t\t\t\t\t<\/div>\n\t\t<\/section>\n\t\t\t\t<\/div>\n\t\t","protected":false},"excerpt":{"rendered":"<p>JE RENTRE EN TERMINALE La derni\u00e8re ann\u00e9e du lyc\u00e9e, est une ann\u00e9e tr\u00e8s dense. Entre pr\u00e9paration du bac et dossiers Parcoursup, la vie lyc\u00e9enne a quand m\u00eame toute sa place. L\u2019accompagnement \u00e0 l\u2019orientation se poursuit, avec des propositions permettant d\u2019affiner son projet. Des passerelles sont organis\u00e9es avec les classes pr\u00e9pa MPSI et pr\u00e9pa ECG de &hellip; <a href=\"https:\/\/www.notredamedesion.fr\/lycee\/lycee\/je-rentre-en-terminale\/\" class=\"more-link\">Continue reading<span class=\"screen-reader-text\"> \u00ab\u00a0Je rentre en Terminale\u00a0\u00bb<\/span><\/a><\/p>\n","protected":false},"author":3,"featured_media":0,"parent":2070,"menu_order":34,"comment_status":"closed","ping_status":"closed","template":"elementor_header_footer","meta":{"sfsi_plus_gutenberg_text_before_share":"","sfsi_plus_gutenberg_show_text_before_share":"","sfsi_plus_gutenberg_icon_type":"","sfsi_plus_gutenberg_icon_alignemt":"","sfsi_plus_gutenburg_max_per_row":"","footnotes":""},"class_list":["post-2461","page","type-page","status-publish","hentry"],"_links":{"self":[{"href":"https:\/\/www.notredamedesion.fr\/lycee\/wp-json\/wp\/v2\/pages\/2461","targetHints":{"allow":["GET"]}}],"collection":[{"href":"https:\/\/www.notredamedesion.fr\/lycee\/wp-json\/wp\/v2\/pages"}],"about":[{"href":"https:\/\/www.notredamedesion.fr\/lycee\/wp-json\/wp\/v2\/types\/page"}],"author":[{"embeddable":true,"href":"https:\/\/www.notredamedesion.fr\/lycee\/wp-json\/wp\/v2\/users\/3"}],"replies":[{"embeddable":true,"href":"https:\/\/www.notredamedesion.fr\/lycee\/wp-json\/wp\/v2\/comments?post=2461"}],"version-history":[{"count":27,"href":"https:\/\/www.notredamedesion.fr\/lycee\/wp-json\/wp\/v2\/pages\/2461\/revisions"}],"predecessor-version":[{"id":3909,"href":"https:\/\/www.notredamedesion.fr\/lycee\/wp-json\/wp\/v2\/pages\/2461\/revisions\/3909"}],"up":[{"embeddable":true,"href":"https:\/\/www.notredamedesion.fr\/lycee\/wp-json\/wp\/v2\/pages\/2070"}],"wp:attachment":[{"href":"https:\/\/www.notredamedesion.fr\/lycee\/wp-json\/wp\/v2\/media?parent=2461"}],"curies":[{"name":"wp","href":"https:\/\/api.w.org\/{rel}","templated":true}]}}