{"id":2064,"date":"2023-06-21T23:20:46","date_gmt":"2023-06-21T22:20:46","guid":{"rendered":"https:\/\/www.notredamedesion.fr\/lycee\/?page_id=2064"},"modified":"2025-10-10T15:48:53","modified_gmt":"2025-10-10T14:48:53","slug":"equipe-administrative-et-pedagogique","status":"publish","type":"page","link":"https:\/\/www.notredamedesion.fr\/lycee\/presentation-2\/equipe-administrative-et-pedagogique\/","title":{"rendered":"\u00c9quipe administrative et p\u00e9dagogique"},"content":{"rendered":"\t\t<div data-elementor-type=\"wp-post\" data-elementor-id=\"2064\" class=\"elementor elementor-2064\">\n\t\t\t\t\t\t<section class=\"elementor-section elementor-top-section elementor-element elementor-element-51ef4b7 elementor-section-stretched lt-services elementor-section-boxed elementor-section-height-default elementor-section-height-default\" data-id=\"51ef4b7\" data-element_type=\"section\" data-e-type=\"section\" data-settings=\"{&quot;stretch_section&quot;:&quot;section-stretched&quot;,&quot;background_background&quot;:&quot;classic&quot;,&quot;shape_divider_bottom&quot;:&quot;tilt&quot;}\">\n\t\t\t\t\t<div class=\"elementor-shape elementor-shape-bottom\" aria-hidden=\"true\" data-negative=\"false\">\n\t\t\t<svg xmlns=\"http:\/\/www.w3.org\/2000\/svg\" viewBox=\"0 0 1000 100\" preserveAspectRatio=\"none\">\n\t<path class=\"elementor-shape-fill\" d=\"M0,6V0h1000v100L0,6z\"\/>\n<\/svg>\t\t<\/div>\n\t\t\t\t\t<div class=\"elementor-container elementor-column-gap-default\">\n\t\t\t\t\t<div class=\"elementor-column elementor-col-100 elementor-top-column elementor-element elementor-element-4435425\" data-id=\"4435425\" data-element_type=\"column\" data-e-type=\"column\">\n\t\t\t<div class=\"elementor-widget-wrap\">\n\t\t\t\t\t\t\t<\/div>\n\t\t<\/div>\n\t\t\t\t\t<\/div>\n\t\t<\/section>\n\t\t\t\t<section class=\"elementor-section elementor-top-section elementor-element elementor-element-3a83a8c elementor-section-boxed elementor-section-height-default elementor-section-height-default\" data-id=\"3a83a8c\" data-element_type=\"section\" data-e-type=\"section\">\n\t\t\t\t\t\t<div class=\"elementor-container elementor-column-gap-default\">\n\t\t\t\t\t<div class=\"elementor-column elementor-col-100 elementor-top-column elementor-element elementor-element-f1c08ea\" data-id=\"f1c08ea\" data-element_type=\"column\" data-e-type=\"column\">\n\t\t\t<div class=\"elementor-widget-wrap elementor-element-populated\">\n\t\t\t\t\t\t<div class=\"elementor-element elementor-element-41e5343 elementor-widget elementor-widget-heading\" data-id=\"41e5343\" data-element_type=\"widget\" data-e-type=\"widget\" data-widget_type=\"heading.default\">\n\t\t\t\t<div class=\"elementor-widget-container\">\n\t\t\t\t\t<h1 class=\"elementor-heading-title elementor-size-default\">EQUIPE ADMINISTRATIVE ET PEDAGOGIQUE<\/h1>\t\t\t\t<\/div>\n\t\t\t\t<\/div>\n\t\t\t\t<div class=\"elementor-element elementor-element-949f99f elementor-widget elementor-widget-spacer\" data-id=\"949f99f\" data-element_type=\"widget\" data-e-type=\"widget\" data-widget_type=\"spacer.default\">\n\t\t\t\t<div class=\"elementor-widget-container\">\n\t\t\t\t\t\t\t<div class=\"elementor-spacer\">\n\t\t\t<div class=\"elementor-spacer-inner\"><\/div>\n\t\t<\/div>\n\t\t\t\t\t\t<\/div>\n\t\t\t\t<\/div>\n\t\t\t\t\t<\/div>\n\t\t<\/div>\n\t\t\t\t\t<\/div>\n\t\t<\/section>\n\t\t\t\t<section class=\"elementor-section elementor-top-section elementor-element elementor-element-e786c92 elementor-section-boxed elementor-section-height-default elementor-section-height-default\" data-id=\"e786c92\" data-element_type=\"section\" data-e-type=\"section\">\n\t\t\t\t\t\t<div class=\"elementor-container elementor-column-gap-default\">\n\t\t\t\t\t<div class=\"elementor-column elementor-col-100 elementor-top-column elementor-element elementor-element-140750d\" data-id=\"140750d\" data-element_type=\"column\" data-e-type=\"column\">\n\t\t\t<div class=\"elementor-widget-wrap elementor-element-populated\">\n\t\t\t\t\t\t<div class=\"elementor-element elementor-element-052d29d elementor-widget elementor-widget-heading\" data-id=\"052d29d\" data-element_type=\"widget\" data-e-type=\"widget\" data-widget_type=\"heading.default\">\n\t\t\t\t<div class=\"elementor-widget-container\">\n\t\t\t\t\t<h2 class=\"elementor-heading-title elementor-size-default\">Organigramme<\/h2>\t\t\t\t<\/div>\n\t\t\t\t<\/div>\n\t\t\t\t<div class=\"elementor-element elementor-element-0d2c960 elementor-widget elementor-widget-spacer\" data-id=\"0d2c960\" data-element_type=\"widget\" data-e-type=\"widget\" data-widget_type=\"spacer.default\">\n\t\t\t\t<div class=\"elementor-widget-container\">\n\t\t\t\t\t\t\t<div class=\"elementor-spacer\">\n\t\t\t<div class=\"elementor-spacer-inner\"><\/div>\n\t\t<\/div>\n\t\t\t\t\t\t<\/div>\n\t\t\t\t<\/div>\n\t\t\t\t<div class=\"elementor-element elementor-element-358ba2a elementor-widget elementor-widget-image\" data-id=\"358ba2a\" data-element_type=\"widget\" data-e-type=\"widget\" data-widget_type=\"image.default\">\n\t\t\t\t<div class=\"elementor-widget-container\">\n\t\t\t\t\t\t\t\t\t\t\t\t\t\t\t<img fetchpriority=\"high\" decoding=\"async\" width=\"1115\" height=\"792\" src=\"https:\/\/www.notredamedesion.fr\/lycee\/wp-content\/uploads\/2025\/09\/Organigramme-202509.png\" class=\"attachment-full size-full wp-image-3724\" alt=\"\" srcset=\"https:\/\/www.notredamedesion.fr\/lycee\/wp-content\/uploads\/2025\/09\/Organigramme-202509.png 1115w, https:\/\/www.notredamedesion.fr\/lycee\/wp-content\/uploads\/2025\/09\/Organigramme-202509-500x355.png 500w, https:\/\/www.notredamedesion.fr\/lycee\/wp-content\/uploads\/2025\/09\/Organigramme-202509-1024x727.png 1024w, https:\/\/www.notredamedesion.fr\/lycee\/wp-content\/uploads\/2025\/09\/Organigramme-202509-768x546.png 768w\" sizes=\"(max-width: 709px) 85vw, (max-width: 909px) 67vw, (max-width: 1362px) 62vw, 840px\" \/>\t\t\t\t\t\t\t\t\t\t\t\t\t\t\t<\/div>\n\t\t\t\t<\/div>\n\t\t\t\t<div class=\"elementor-element elementor-element-4be7595 elementor-widget elementor-widget-text-editor\" data-id=\"4be7595\" data-element_type=\"widget\" data-e-type=\"widget\" data-widget_type=\"text-editor.default\">\n\t\t\t\t<div class=\"elementor-widget-container\">\n\t\t\t\t\t\t\t\t\t<table><tbody><tr><td><p><strong>Chef d\u2019\u00e9tablissement :<\/strong> Emmanuelle ESTRANGIN<\/p><p><strong>Adjointe de direction :<\/strong> Maryline VINCENT<\/p><p><strong>Secr\u00e9tariat de direction :<\/strong> H\u00e9l\u00e8ne BAUDE<\/p><p><strong>Secr\u00e9tariat :<\/strong> Josefa FIORE, Isabelle CHABANNES<\/p><p><strong>Accueil :<\/strong> Catia LOPES, Alessia MINIO,<\/p><p><strong>Comptabilit\u00e9 :<\/strong> Val\u00e9rie GIULIANO-SIDI<\/p><p><strong>Intendant : <\/strong>G\u00e9rald BLASCO<\/p><p><strong>Documentaliste :<\/strong> Virginie HANET<\/p><\/td><td><p><strong>Technicienne de laboratoire :<\/strong> Myriam DORDONNE<\/p><p><strong>Animatrice en Pastorale : <\/strong>Sandrine PROVOST-FLEURY<strong><br \/><\/strong><\/p><p><strong>Cadre \u00e9ducatif (CPE) :<\/strong> Manuel GASC<\/p><p><strong>Responsable Vie Scolaire :<\/strong> Manuel GASC<\/p><p><strong>Directeurs des \u00c9tudes en Pr\u00e9pas MPSI\/MP :<\/strong> Julie RENAUD<\/p><p><strong>\u00a0 \u00a0 \u00a0 \u00a0 \u00a0 \u00a0 \u00a0 \u00a0 \u00a0 \u00a0 \u00a0 \u00a0 \u00a0 \u00a0 \u00a0 \u00a0 \u00a0 \u00a0 \u00a0 \u00a0 \u00a0 \u00a0 \u00a0 \u00a0 \u00a0 \u00a0 \u00a0 \u00a0 \u00a0 \u00a0 \u00a0 \u00a0 \u00a0 \u00a0 \u00a0 \u00a0 ECG1\/ECG2 :<\/strong> Boris MORALIA<\/p><p><strong>Maintenance<\/strong> : Abderrezak KHELIFI<\/p><\/td><\/tr><\/tbody><\/table>\t\t\t\t\t\t\t\t<\/div>\n\t\t\t\t<\/div>\n\t\t\t\t<div class=\"elementor-element elementor-element-a1faf14 elementor-widget elementor-widget-spacer\" data-id=\"a1faf14\" data-element_type=\"widget\" data-e-type=\"widget\" data-widget_type=\"spacer.default\">\n\t\t\t\t<div class=\"elementor-widget-container\">\n\t\t\t\t\t\t\t<div class=\"elementor-spacer\">\n\t\t\t<div class=\"elementor-spacer-inner\"><\/div>\n\t\t<\/div>\n\t\t\t\t\t\t<\/div>\n\t\t\t\t<\/div>\n\t\t\t\t\t<\/div>\n\t\t<\/div>\n\t\t\t\t\t<\/div>\n\t\t<\/section>\n\t\t\t\t<section class=\"elementor-section elementor-top-section elementor-element elementor-element-e1137de elementor-section-boxed elementor-section-height-default elementor-section-height-default\" data-id=\"e1137de\" data-element_type=\"section\" data-e-type=\"section\">\n\t\t\t\t\t\t<div class=\"elementor-container elementor-column-gap-default\">\n\t\t\t\t\t<div class=\"elementor-column elementor-col-100 elementor-top-column elementor-element elementor-element-62a6319\" data-id=\"62a6319\" data-element_type=\"column\" data-e-type=\"column\">\n\t\t\t<div class=\"elementor-widget-wrap elementor-element-populated\">\n\t\t\t\t\t\t<div class=\"elementor-element elementor-element-0dc37eb elementor-widget elementor-widget-heading\" data-id=\"0dc37eb\" data-element_type=\"widget\" data-e-type=\"widget\" data-widget_type=\"heading.default\">\n\t\t\t\t<div class=\"elementor-widget-container\">\n\t\t\t\t\t<h2 class=\"elementor-heading-title elementor-size-default\">Les professeurs du lyc\u00e9e<\/h2>\t\t\t\t<\/div>\n\t\t\t\t<\/div>\n\t\t\t\t<div class=\"elementor-element elementor-element-c588443 elementor-widget elementor-widget-spacer\" data-id=\"c588443\" data-element_type=\"widget\" data-e-type=\"widget\" data-widget_type=\"spacer.default\">\n\t\t\t\t<div class=\"elementor-widget-container\">\n\t\t\t\t\t\t\t<div class=\"elementor-spacer\">\n\t\t\t<div class=\"elementor-spacer-inner\"><\/div>\n\t\t<\/div>\n\t\t\t\t\t\t<\/div>\n\t\t\t\t<\/div>\n\t\t\t\t<div class=\"elementor-element elementor-element-9a6acdb elementor-widget elementor-widget-text-editor\" data-id=\"9a6acdb\" data-element_type=\"widget\" data-e-type=\"widget\" data-widget_type=\"text-editor.default\">\n\t\t\t\t<div class=\"elementor-widget-container\">\n\t\t\t\t\t\t\t\t\t<table><tbody><tr><td><h5>Arts Plastiques :<\/h5><p>St\u00e9phanie BETOUS<br \/>Jean Louis GARCIN<\/p><h5>CDI :<\/h5><p>Virginie HANET<\/p><h5>EPS :<\/h5><p>Isabelle BERENGIER<br \/>Emmanuelle BUTTIN<br \/>Cyril GAUTHEY<\/p><h5>Fran\u00e7ais :<\/h5><p>Aur\u00e9lie FOURNIER<br \/>Ang\u00e9lique NOUVEL<br \/>Gabin PINEL<\/p><h5>Italien :<\/h5><p>Benjamin RAZAFIARISON<\/p><\/td><td><h5>Histoire-G\u00e9ographie :<\/h5><p>Ruben ARDITTI<br \/>Christian GATTONE<br \/>Nathalie MAROSELLIGuillaume VIEIRA<\/p><p>Guillaume VIEIRA<\/p><h5>Allemand :<\/h5><p>Simone FITTERER<\/p><h5>Anglais :<\/h5><p>Nathalie CAMERLO<br \/>Floriane HABBANI<br \/>Francis KEOGH<br \/>Alexandra PEDINIELLI-FERON<\/p><p>\u00a0<\/p><h5>\u00a0<\/h5><\/td><td><h5>Espagnol :<\/h5><p>S\u00e9verine LACHAUME<br \/>Lina ROMO<br \/>Diego SESENNA<\/p><h5>\u00a0Latin\/Grec :<\/h5><p>Guillaume ANDREANI<br \/>Ang\u00e9lique NOUVEL<\/p><h5>Maths<\/h5><p>Laurens BOUMEDINE<br \/>N\u2019Kitibi DJAMBLI<br \/>Daniela GARAJEU<br \/>Philippe NAKACHE<br \/>Fr\u00e9d\u00e9rique TOURON<\/p><h5>Philo<\/h5><p>Fran\u00e7ois-Xavier PEREZ<\/p><\/td><td><h5>Physique-Chimie<\/h5><p>Bruno LEBOSS\u00c9<br \/>Annabel SACERDOTE<br \/>Vincent TEUTSCH<br \/>Maryline VINCENT<\/p><h5>SES (Sciences Economique et Sociales)<\/h5><p>Marie CHAUVIERE<br \/>Gwladys SALVI<\/p><h5>SVT (Science de la Vie et de la Terre)<\/h5><p>St\u00e9phanie-Judith ATANGANA<br \/>C\u00e9line HAMRI<br \/>Micha\u00ebl MONBELET<\/p><\/td><\/tr><\/tbody><\/table>\t\t\t\t\t\t\t\t<\/div>\n\t\t\t\t<\/div>\n\t\t\t\t<div class=\"elementor-element elementor-element-4b31227 elementor-widget elementor-widget-spacer\" data-id=\"4b31227\" data-element_type=\"widget\" data-e-type=\"widget\" data-widget_type=\"spacer.default\">\n\t\t\t\t<div class=\"elementor-widget-container\">\n\t\t\t\t\t\t\t<div class=\"elementor-spacer\">\n\t\t\t<div class=\"elementor-spacer-inner\"><\/div>\n\t\t<\/div>\n\t\t\t\t\t\t<\/div>\n\t\t\t\t<\/div>\n\t\t\t\t<div class=\"elementor-element elementor-element-bade0cd elementor-widget elementor-widget-heading\" data-id=\"bade0cd\" data-element_type=\"widget\" data-e-type=\"widget\" data-widget_type=\"heading.default\">\n\t\t\t\t<div class=\"elementor-widget-container\">\n\t\t\t\t\t<h2 class=\"elementor-heading-title elementor-size-default\">Les professeurs des Pr\u00e9pas Sup\/Sp\u00e9<\/h2>\t\t\t\t<\/div>\n\t\t\t\t<\/div>\n\t\t\t\t<div class=\"elementor-element elementor-element-997f8d9 elementor-widget elementor-widget-spacer\" data-id=\"997f8d9\" data-element_type=\"widget\" data-e-type=\"widget\" data-widget_type=\"spacer.default\">\n\t\t\t\t<div class=\"elementor-widget-container\">\n\t\t\t\t\t\t\t<div class=\"elementor-spacer\">\n\t\t\t<div class=\"elementor-spacer-inner\"><\/div>\n\t\t<\/div>\n\t\t\t\t\t\t<\/div>\n\t\t\t\t<\/div>\n\t\t\t\t<div class=\"elementor-element elementor-element-4b7cdac elementor-widget elementor-widget-text-editor\" data-id=\"4b7cdac\" data-element_type=\"widget\" data-e-type=\"widget\" data-widget_type=\"text-editor.default\">\n\t\t\t\t<div class=\"elementor-widget-container\">\n\t\t\t\t\t\t\t\t\t<table><tbody><tr><td><h5>Anglais<\/h5><p>Isabelle SAVY<\/p><h5>EPS<\/h5><p>Cyril GAUTHEY\u00a0<\/p><\/td><td><h5>Fran\u00e7ais<\/h5><p>Pascal BERNARD<\/p><h5>Informatique<\/h5><p>Jean-Fran\u00e7ois BERTAZZON<\/p><h5>Math\u00e9matiques<\/h5><p>Julie RENAUD<br \/>Jean-Fran\u00e7ois BERTAZZON<\/p><\/td><td><h5>Sciences Industrielles<\/h5><p>Laurent BIAMINO<\/p><h5>Sciences Physiques<\/h5><p>Nicolas GROULIER<br \/>Stefano SANGUINETTI<\/p><\/td><\/tr><\/tbody><\/table>\t\t\t\t\t\t\t\t<\/div>\n\t\t\t\t<\/div>\n\t\t\t\t<div class=\"elementor-element elementor-element-29fe081 elementor-widget elementor-widget-spacer\" data-id=\"29fe081\" data-element_type=\"widget\" data-e-type=\"widget\" data-widget_type=\"spacer.default\">\n\t\t\t\t<div class=\"elementor-widget-container\">\n\t\t\t\t\t\t\t<div class=\"elementor-spacer\">\n\t\t\t<div class=\"elementor-spacer-inner\"><\/div>\n\t\t<\/div>\n\t\t\t\t\t\t<\/div>\n\t\t\t\t<\/div>\n\t\t\t\t<div class=\"elementor-element elementor-element-26818e1 elementor-widget elementor-widget-heading\" data-id=\"26818e1\" data-element_type=\"widget\" data-e-type=\"widget\" data-widget_type=\"heading.default\">\n\t\t\t\t<div class=\"elementor-widget-container\">\n\t\t\t\t\t<h2 class=\"elementor-heading-title elementor-size-default\">Les professeurs des Pr\u00e9pas ECG1\/ECG2<\/h2>\t\t\t\t<\/div>\n\t\t\t\t<\/div>\n\t\t\t\t<div class=\"elementor-element elementor-element-88420ef elementor-widget elementor-widget-spacer\" data-id=\"88420ef\" data-element_type=\"widget\" data-e-type=\"widget\" data-widget_type=\"spacer.default\">\n\t\t\t\t<div class=\"elementor-widget-container\">\n\t\t\t\t\t\t\t<div class=\"elementor-spacer\">\n\t\t\t<div class=\"elementor-spacer-inner\"><\/div>\n\t\t<\/div>\n\t\t\t\t\t\t<\/div>\n\t\t\t\t<\/div>\n\t\t\t\t<div class=\"elementor-element elementor-element-0b11913 elementor-widget elementor-widget-text-editor\" data-id=\"0b11913\" data-element_type=\"widget\" data-e-type=\"widget\" data-widget_type=\"text-editor.default\">\n\t\t\t\t<div class=\"elementor-widget-container\">\n\t\t\t\t\t\t\t\t\t<table>\n<tbody>\n<tr>\n<td>\n<h5>Allemand<\/h5>\n<p>Martina CAZENEUVE<\/p>\n<h5>Anglais<\/h5>\n<p>Isabelle SAVY<\/p>\n<h5>Espagnol<\/h5>\n<p>Severine LACHAUME<\/p>\n<\/td>\n<td>\n<h5>Fran\u00e7ais<\/h5>\n<p>Charlotte CREAC\u2019H<\/p>\n<h5>Histoire-G\u00e9ographie<\/h5>\n<p>Boris MORALIA<\/p>\n<h5>EPS<\/h5>\n<p>Cyril GAUTHEY&nbsp;<\/p>\n<\/td>\n<td>\n<h5>Math\u00e9matiques<\/h5>\n<p>Claire BARTHEYE&nbsp;<br>Myriam WIECZOREK&nbsp;<\/p>\n<h5>Italien :<\/h5>\n<p>Benjamin RAZAFIARISON<\/p>\n<\/td>\n<\/tr>\n<\/tbody>\n<\/table>\t\t\t\t\t\t\t\t<\/div>\n\t\t\t\t<\/div>\n\t\t\t\t<div class=\"elementor-element elementor-element-8fccf00 elementor-widget elementor-widget-spacer\" data-id=\"8fccf00\" data-element_type=\"widget\" data-e-type=\"widget\" data-widget_type=\"spacer.default\">\n\t\t\t\t<div class=\"elementor-widget-container\">\n\t\t\t\t\t\t\t<div class=\"elementor-spacer\">\n\t\t\t<div class=\"elementor-spacer-inner\"><\/div>\n\t\t<\/div>\n\t\t\t\t\t\t<\/div>\n\t\t\t\t<\/div>\n\t\t\t\t\t<\/div>\n\t\t<\/div>\n\t\t\t\t\t<\/div>\n\t\t<\/section>\n\t\t\t\t<\/div>\n\t\t","protected":false},"excerpt":{"rendered":"<p>EQUIPE ADMINISTRATIVE ET PEDAGOGIQUE Organigramme Chef d\u2019\u00e9tablissement : Emmanuelle ESTRANGIN Adjointe de direction : Maryline VINCENT Secr\u00e9tariat de direction : H\u00e9l\u00e8ne BAUDE Secr\u00e9tariat : Josefa FIORE, Isabelle CHABANNES Accueil : Catia LOPES, Alessia MINIO, Comptabilit\u00e9 : Val\u00e9rie GIULIANO-SIDI Intendant : G\u00e9rald BLASCO Documentaliste : Virginie HANET Technicienne de laboratoire : Myriam DORDONNE Animatrice en Pastorale &hellip; <a href=\"https:\/\/www.notredamedesion.fr\/lycee\/presentation-2\/equipe-administrative-et-pedagogique\/\" class=\"more-link\">Continue reading<span class=\"screen-reader-text\"> \u00ab\u00a0\u00c9quipe administrative et p\u00e9dagogique\u00a0\u00bb<\/span><\/a><\/p>\n","protected":false},"author":3,"featured_media":0,"parent":3601,"menu_order":22,"comment_status":"closed","ping_status":"closed","template":"elementor_header_footer","meta":{"sfsi_plus_gutenberg_text_before_share":"","sfsi_plus_gutenberg_show_text_before_share":"","sfsi_plus_gutenberg_icon_type":"","sfsi_plus_gutenberg_icon_alignemt":"","sfsi_plus_gutenburg_max_per_row":"","footnotes":""},"class_list":["post-2064","page","type-page","status-publish","hentry"],"_links":{"self":[{"href":"https:\/\/www.notredamedesion.fr\/lycee\/wp-json\/wp\/v2\/pages\/2064","targetHints":{"allow":["GET"]}}],"collection":[{"href":"https:\/\/www.notredamedesion.fr\/lycee\/wp-json\/wp\/v2\/pages"}],"about":[{"href":"https:\/\/www.notredamedesion.fr\/lycee\/wp-json\/wp\/v2\/types\/page"}],"author":[{"embeddable":true,"href":"https:\/\/www.notredamedesion.fr\/lycee\/wp-json\/wp\/v2\/users\/3"}],"replies":[{"embeddable":true,"href":"https:\/\/www.notredamedesion.fr\/lycee\/wp-json\/wp\/v2\/comments?post=2064"}],"version-history":[{"count":45,"href":"https:\/\/www.notredamedesion.fr\/lycee\/wp-json\/wp\/v2\/pages\/2064\/revisions"}],"predecessor-version":[{"id":3887,"href":"https:\/\/www.notredamedesion.fr\/lycee\/wp-json\/wp\/v2\/pages\/2064\/revisions\/3887"}],"up":[{"embeddable":true,"href":"https:\/\/www.notredamedesion.fr\/lycee\/wp-json\/wp\/v2\/pages\/3601"}],"wp:attachment":[{"href":"https:\/\/www.notredamedesion.fr\/lycee\/wp-json\/wp\/v2\/media?parent=2064"}],"curies":[{"name":"wp","href":"https:\/\/api.w.org\/{rel}","templated":true}]}}